{"id":720,"date":"2021-04-21T14:49:56","date_gmt":"2021-04-21T17:49:56","guid":{"rendered":"https:\/\/edicionesdelpuente.com.ar\/delpuente\/?post_type=product&#038;p=720"},"modified":"2024-03-07T00:09:42","modified_gmt":"2024-03-07T03:09:42","slug":"ucacha-en-mas-de-100-preguntas","status":"publish","type":"product","link":"https:\/\/edicionesdelpuente.com.ar\/delpuente\/producto\/ucacha-en-mas-de-100-preguntas\/","title":{"rendered":"Ucacha en m\u00e1s de 100 preguntas"},"content":{"rendered":"<p style=\"text-align: left\">Este libro comenz\u00f3 hace bastante tiempo, hace mucho. A\u00f1os.<br \/>\nY nunca termina, podr\u00eda tener m\u00e1s cap\u00edtulos.<\/p>\n<p style=\"text-align: left\">En alg\u00fan momento se hizo evidente que todo aquello que nos rodeaba necesitaba un lugar, un espacio.<br \/>\nY esperando adem\u00e1s que por entonces, cuando mis hijos chicos, y los amigos de \u00e9stos se entusiasmaran tambi\u00e9n por saber m\u00e1s del pueblo donde crec\u00edan, es que se pens\u00f3 en una estrategia simple y efectiva para toda edad: el de preguntas y respuestas.<\/p>\n<p style=\"text-align: left\">De nuestras instituciones, nuestros hechos y nuestra gente. Con datos \u201cduros\u201d, fechas y hechos documentados pero tambi\u00e9n con testimonios orales de vecinos y protagonistas, que tanto enriquece toda interpretaci\u00f3n.<br \/>\nTodos nos vemos aliviados, reconfortados, cuando nos responden alg\u00fan interrogante, alguna consulta o duda.<\/p>\n<p style=\"text-align: left\">Variado en temas, ordenados por fechas y a\u00f1os, el presente quiz\u00e1s motive pr\u00f3ximas publicaciones, que cada vez que nos preguntemos lo que fuere de Ucacha lo podamos abordar.-<\/p>\n","protected":false},"excerpt":{"rendered":"<h6><strong>Subt\u00edtulo:<\/strong> Historias \u2013 personajes \u2013 hechos<br \/>\n<strong>Autor:<\/strong> Gustavo Perusia<br \/>\n<strong>ISBN:<\/strong> 9789874770639<br \/>\n<strong>Fecha de Publicaci\u00f3n:<\/strong> octubre de 2020<br \/>\n<strong>224<\/strong> p\u00e1ginas<br \/>\n<strong>Formato:<\/strong> 15 cm x 21 cm<\/h6>\n","protected":false},"featured_media":721,"template":"","meta":[],"yoast_head":"<!-- This site is optimized with the Yoast SEO plugin v16.1.1 - https:\/\/yoast.com\/wordpress\/plugins\/seo\/ -->\n<title>Ucacha en m\u00e1s de 100 preguntas &ndash; Ediciones Del Puente<\/title>\n<link rel=\"canonical\" href=\"https:\/\/edicionesdelpuente.com.ar\/delpuente\/producto\/ucacha-en-mas-de-100-preguntas\/\" \/>\n<meta property=\"og:locale\" content=\"es_ES\" \/>\n<meta property=\"og:type\" content=\"article\" \/>\n<meta property=\"og:title\" content=\"Ucacha en m\u00e1s de 100 preguntas &ndash; Ediciones Del Puente\" \/>\n<meta property=\"og:description\" content=\"Subt\u00edtulo: Historias \u2013 personajes \u2013 hechos Autor: Gustavo Perusia ISBN: 9789874770639 Fecha de Publicaci\u00f3n: octubre de 2020 224 p\u00e1ginas Formato: 15 cm x 21 cm\" \/>\n<meta property=\"og:url\" content=\"https:\/\/edicionesdelpuente.com.ar\/delpuente\/producto\/ucacha-en-mas-de-100-preguntas\/\" \/>\n<meta property=\"og:site_name\" content=\"Ediciones Del Puente\" \/>\n<meta property=\"article:publisher\" content=\"https:\/\/www.facebook.com\/edicionesdelpuente\/\" \/>\n<meta property=\"article:modified_time\" content=\"2024-03-07T03:09:42+00:00\" \/>\n<meta property=\"og:image\" content=\"https:\/\/edicionesdelpuente.com.ar\/delpuente\/wp-content\/uploads\/2021\/04\/Product-Tienda-4-x527.png\" \/>\n\t<meta property=\"og:image:width\" content=\"527\" \/>\n\t<meta property=\"og:image:height\" content=\"750\" \/>\n<meta name=\"twitter:card\" content=\"summary_large_image\" \/>\n<meta name=\"twitter:label1\" content=\"Tiempo de lectura\">\n\t<meta name=\"twitter:data1\" content=\"1 minuto\">\n<script type=\"application\/ld+json\" class=\"yoast-schema-graph\">{\"@context\":\"https:\/\/schema.org\",\"@graph\":[{\"@type\":\"Organization\",\"@id\":\"https:\/\/edicionesdelpuente.com.ar\/delpuente\/#organization\",\"name\":\"Ediciones Del Puente\",\"url\":\"https:\/\/edicionesdelpuente.com.ar\/delpuente\/\",\"sameAs\":[\"https:\/\/www.facebook.com\/edicionesdelpuente\/\",\"https:\/\/www.instagram.com\/edicionesdelpuente\/\"],\"logo\":{\"@type\":\"ImageObject\",\"@id\":\"https:\/\/edicionesdelpuente.com.ar\/delpuente\/#logo\",\"inLanguage\":\"es-AR\",\"url\":\"https:\/\/edicionesdelpuente.com.ar\/delpuente\/wp-content\/uploads\/2021\/03\/isologo-delpuente-adpt-1.png\",\"contentUrl\":\"https:\/\/edicionesdelpuente.com.ar\/delpuente\/wp-content\/uploads\/2021\/03\/isologo-delpuente-adpt-1.png\",\"width\":330,\"height\":275,\"caption\":\"Ediciones Del Puente\"},\"image\":{\"@id\":\"https:\/\/edicionesdelpuente.com.ar\/delpuente\/#logo\"}},{\"@type\":\"WebSite\",\"@id\":\"https:\/\/edicionesdelpuente.com.ar\/delpuente\/#website\",\"url\":\"https:\/\/edicionesdelpuente.com.ar\/delpuente\/\",\"name\":\"Ediciones Del Puente\",\"description\":\"Editorial\",\"publisher\":{\"@id\":\"https:\/\/edicionesdelpuente.com.ar\/delpuente\/#organization\"},\"potentialAction\":[{\"@type\":\"SearchAction\",\"target\":\"https:\/\/edicionesdelpuente.com.ar\/delpuente\/?s={search_term_string}\",\"query-input\":\"required name=search_term_string\"}],\"inLanguage\":\"es-AR\"},{\"@type\":\"ImageObject\",\"@id\":\"https:\/\/edicionesdelpuente.com.ar\/delpuente\/producto\/ucacha-en-mas-de-100-preguntas\/#primaryimage\",\"inLanguage\":\"es-AR\",\"url\":\"https:\/\/edicionesdelpuente.com.ar\/delpuente\/wp-content\/uploads\/2021\/04\/Product-Tienda-4-x527.png\",\"contentUrl\":\"https:\/\/edicionesdelpuente.com.ar\/delpuente\/wp-content\/uploads\/2021\/04\/Product-Tienda-4-x527.png\",\"width\":527,\"height\":750},{\"@type\":\"WebPage\",\"@id\":\"https:\/\/edicionesdelpuente.com.ar\/delpuente\/producto\/ucacha-en-mas-de-100-preguntas\/#webpage\",\"url\":\"https:\/\/edicionesdelpuente.com.ar\/delpuente\/producto\/ucacha-en-mas-de-100-preguntas\/\",\"name\":\"Ucacha en m\\u00e1s de 100 preguntas &ndash; Ediciones Del Puente\",\"isPartOf\":{\"@id\":\"https:\/\/edicionesdelpuente.com.ar\/delpuente\/#website\"},\"primaryImageOfPage\":{\"@id\":\"https:\/\/edicionesdelpuente.com.ar\/delpuente\/producto\/ucacha-en-mas-de-100-preguntas\/#primaryimage\"},\"datePublished\":\"2021-04-21T17:49:56+00:00\",\"dateModified\":\"2024-03-07T03:09:42+00:00\",\"breadcrumb\":{\"@id\":\"https:\/\/edicionesdelpuente.com.ar\/delpuente\/producto\/ucacha-en-mas-de-100-preguntas\/#breadcrumb\"},\"inLanguage\":\"es-AR\",\"potentialAction\":[{\"@type\":\"ReadAction\",\"target\":[\"https:\/\/edicionesdelpuente.com.ar\/delpuente\/producto\/ucacha-en-mas-de-100-preguntas\/\"]}]},{\"@type\":\"BreadcrumbList\",\"@id\":\"https:\/\/edicionesdelpuente.com.ar\/delpuente\/producto\/ucacha-en-mas-de-100-preguntas\/#breadcrumb\",\"itemListElement\":[{\"@type\":\"ListItem\",\"position\":1,\"item\":{\"@type\":\"WebPage\",\"@id\":\"https:\/\/edicionesdelpuente.com.ar\/delpuente\/\",\"url\":\"https:\/\/edicionesdelpuente.com.ar\/delpuente\/\",\"name\":\"Inicio\"}},{\"@type\":\"ListItem\",\"position\":2,\"item\":{\"@type\":\"WebPage\",\"@id\":\"https:\/\/edicionesdelpuente.com.ar\/delpuente\/tienda\/\",\"url\":\"https:\/\/edicionesdelpuente.com.ar\/delpuente\/tienda\/\",\"name\":\"Cat\\u00e1logo\"}},{\"@type\":\"ListItem\",\"position\":3,\"item\":{\"@type\":\"WebPage\",\"@id\":\"https:\/\/edicionesdelpuente.com.ar\/delpuente\/producto\/ucacha-en-mas-de-100-preguntas\/\",\"url\":\"https:\/\/edicionesdelpuente.com.ar\/delpuente\/producto\/ucacha-en-mas-de-100-preguntas\/\",\"name\":\"Ucacha en m\\u00e1s de 100 preguntas\"}}]}]}<\/script>\n<!-- \/ Yoast SEO plugin. -->","_links":{"self":[{"href":"https:\/\/edicionesdelpuente.com.ar\/delpuente\/wp-json\/wp\/v2\/product\/720"}],"collection":[{"href":"https:\/\/edicionesdelpuente.com.ar\/delpuente\/wp-json\/wp\/v2\/product"}],"about":[{"href":"https:\/\/edicionesdelpuente.com.ar\/delpuente\/wp-json\/wp\/v2\/types\/product"}],"wp:featuredmedia":[{"embeddable":true,"href":"https:\/\/edicionesdelpuente.com.ar\/delpuente\/wp-json\/wp\/v2\/media\/721"}],"wp:attachment":[{"href":"https:\/\/edicionesdelpuente.com.ar\/delpuente\/wp-json\/wp\/v2\/media?parent=720"}],"curies":[{"name":"wp","href":"https:\/\/api.w.org\/{rel}","templated":true}]}}