{"id":684,"date":"2021-04-20T14:39:33","date_gmt":"2021-04-20T17:39:33","guid":{"rendered":"https:\/\/edicionesdelpuente.com.ar\/delpuente\/?post_type=product&#038;p=684"},"modified":"2025-01-02T14:32:58","modified_gmt":"2025-01-02T17:32:58","slug":"cartas-de-amor-para-damian","status":"publish","type":"product","link":"https:\/\/edicionesdelpuente.com.ar\/delpuente\/producto\/cartas-de-amor-para-damian\/","title":{"rendered":"Cartas de amor para Dami\u00e1n"},"content":{"rendered":"<p style=\"text-align: left\">En Cartas de amor para Dami\u00e1n, Laura Paniagua nos cuenta la historia de vida de su hijo adoptivo, una vida que comienza marcada por el abandono y el maltrato, pero que se transforma en una historia repleta de amor desde el d\u00eda en que ella y Daniel, padre de Dami\u00e1n, deciden involucrarse.<br \/>\nAdem\u00e1s de ellos, muchos fueron los que acompa\u00f1aron y acompa\u00f1an a Dami\u00e1n en su vida y varios de ellos realizaron su aporte en este libro. Por este motivo, adem\u00e1s de las cartas de Laura, podremos encontrar las de sus hermanos, amigos, maestras y una tierna reflexi\u00f3n de Bachi Salas, reconocida autora de nuestra ciudad.<br \/>\nA trav\u00e9s de esta recopilaci\u00f3n de cartas, Laura narra el renacer del dolor y del abandono de su hijo, para ense\u00f1arnos que no existen los imposibles cuando el entorno nos apoya, nos alienta y cree en nosotros. En voz de la autora: \u201cSi las personas se unen en nombre del amor, pueden alcanzar milagros que no se explican\u201d.<\/p>\n","protected":false},"excerpt":{"rendered":"<h6><strong>Autora:<\/strong> Laura Paniagua<br \/>\n<strong>ISBN:<\/strong> 9789874770615<br \/>\n<strong>Fecha de Publicaci\u00f3n:<\/strong> agosto de 2020<br \/>\n<strong>108<\/strong> p\u00e1ginas<br \/>\n<strong>Formato:<\/strong> 14 cm x 20 cm<\/h6>\n","protected":false},"featured_media":685,"template":"","meta":[],"yoast_head":"<!-- This site is optimized with the Yoast SEO plugin v16.1.1 - https:\/\/yoast.com\/wordpress\/plugins\/seo\/ -->\n<title>Cartas de amor para Dami\u00e1n &ndash; Ediciones Del Puente<\/title>\n<link rel=\"canonical\" href=\"https:\/\/edicionesdelpuente.com.ar\/delpuente\/producto\/cartas-de-amor-para-damian\/\" \/>\n<meta property=\"og:locale\" content=\"es_ES\" \/>\n<meta property=\"og:type\" content=\"article\" \/>\n<meta property=\"og:title\" content=\"Cartas de amor para Dami\u00e1n &ndash; Ediciones Del Puente\" \/>\n<meta property=\"og:description\" content=\"Autora: Laura Paniagua ISBN: 9789874770615 Fecha de Publicaci\u00f3n: agosto de 2020 108 p\u00e1ginas Formato: 14 cm x 20 cm\" \/>\n<meta property=\"og:url\" content=\"https:\/\/edicionesdelpuente.com.ar\/delpuente\/producto\/cartas-de-amor-para-damian\/\" \/>\n<meta property=\"og:site_name\" content=\"Ediciones Del Puente\" \/>\n<meta property=\"article:publisher\" content=\"https:\/\/www.facebook.com\/edicionesdelpuente\/\" \/>\n<meta property=\"article:modified_time\" content=\"2025-01-02T17:32:58+00:00\" \/>\n<meta property=\"og:image\" content=\"https:\/\/edicionesdelpuente.com.ar\/delpuente\/wp-content\/uploads\/2021\/04\/Product-Tienda-3-x527.png\" \/>\n\t<meta property=\"og:image:width\" content=\"527\" \/>\n\t<meta property=\"og:image:height\" content=\"750\" \/>\n<meta name=\"twitter:card\" content=\"summary_large_image\" \/>\n<meta name=\"twitter:label1\" content=\"Tiempo de lectura\">\n\t<meta name=\"twitter:data1\" content=\"1 minuto\">\n<script type=\"application\/ld+json\" class=\"yoast-schema-graph\">{\"@context\":\"https:\/\/schema.org\",\"@graph\":[{\"@type\":\"Organization\",\"@id\":\"https:\/\/edicionesdelpuente.com.ar\/delpuente\/#organization\",\"name\":\"Ediciones Del Puente\",\"url\":\"https:\/\/edicionesdelpuente.com.ar\/delpuente\/\",\"sameAs\":[\"https:\/\/www.facebook.com\/edicionesdelpuente\/\",\"https:\/\/www.instagram.com\/edicionesdelpuente\/\"],\"logo\":{\"@type\":\"ImageObject\",\"@id\":\"https:\/\/edicionesdelpuente.com.ar\/delpuente\/#logo\",\"inLanguage\":\"es-AR\",\"url\":\"https:\/\/edicionesdelpuente.com.ar\/delpuente\/wp-content\/uploads\/2021\/03\/isologo-delpuente-adpt-1.png\",\"contentUrl\":\"https:\/\/edicionesdelpuente.com.ar\/delpuente\/wp-content\/uploads\/2021\/03\/isologo-delpuente-adpt-1.png\",\"width\":330,\"height\":275,\"caption\":\"Ediciones Del Puente\"},\"image\":{\"@id\":\"https:\/\/edicionesdelpuente.com.ar\/delpuente\/#logo\"}},{\"@type\":\"WebSite\",\"@id\":\"https:\/\/edicionesdelpuente.com.ar\/delpuente\/#website\",\"url\":\"https:\/\/edicionesdelpuente.com.ar\/delpuente\/\",\"name\":\"Ediciones Del Puente\",\"description\":\"Editorial\",\"publisher\":{\"@id\":\"https:\/\/edicionesdelpuente.com.ar\/delpuente\/#organization\"},\"potentialAction\":[{\"@type\":\"SearchAction\",\"target\":\"https:\/\/edicionesdelpuente.com.ar\/delpuente\/?s={search_term_string}\",\"query-input\":\"required name=search_term_string\"}],\"inLanguage\":\"es-AR\"},{\"@type\":\"ImageObject\",\"@id\":\"https:\/\/edicionesdelpuente.com.ar\/delpuente\/producto\/cartas-de-amor-para-damian\/#primaryimage\",\"inLanguage\":\"es-AR\",\"url\":\"https:\/\/edicionesdelpuente.com.ar\/delpuente\/wp-content\/uploads\/2021\/04\/Product-Tienda-3-x527.png\",\"contentUrl\":\"https:\/\/edicionesdelpuente.com.ar\/delpuente\/wp-content\/uploads\/2021\/04\/Product-Tienda-3-x527.png\",\"width\":527,\"height\":750},{\"@type\":\"WebPage\",\"@id\":\"https:\/\/edicionesdelpuente.com.ar\/delpuente\/producto\/cartas-de-amor-para-damian\/#webpage\",\"url\":\"https:\/\/edicionesdelpuente.com.ar\/delpuente\/producto\/cartas-de-amor-para-damian\/\",\"name\":\"Cartas de amor para Dami\\u00e1n &ndash; Ediciones Del Puente\",\"isPartOf\":{\"@id\":\"https:\/\/edicionesdelpuente.com.ar\/delpuente\/#website\"},\"primaryImageOfPage\":{\"@id\":\"https:\/\/edicionesdelpuente.com.ar\/delpuente\/producto\/cartas-de-amor-para-damian\/#primaryimage\"},\"datePublished\":\"2021-04-20T17:39:33+00:00\",\"dateModified\":\"2025-01-02T17:32:58+00:00\",\"breadcrumb\":{\"@id\":\"https:\/\/edicionesdelpuente.com.ar\/delpuente\/producto\/cartas-de-amor-para-damian\/#breadcrumb\"},\"inLanguage\":\"es-AR\",\"potentialAction\":[{\"@type\":\"ReadAction\",\"target\":[\"https:\/\/edicionesdelpuente.com.ar\/delpuente\/producto\/cartas-de-amor-para-damian\/\"]}]},{\"@type\":\"BreadcrumbList\",\"@id\":\"https:\/\/edicionesdelpuente.com.ar\/delpuente\/producto\/cartas-de-amor-para-damian\/#breadcrumb\",\"itemListElement\":[{\"@type\":\"ListItem\",\"position\":1,\"item\":{\"@type\":\"WebPage\",\"@id\":\"https:\/\/edicionesdelpuente.com.ar\/delpuente\/\",\"url\":\"https:\/\/edicionesdelpuente.com.ar\/delpuente\/\",\"name\":\"Inicio\"}},{\"@type\":\"ListItem\",\"position\":2,\"item\":{\"@type\":\"WebPage\",\"@id\":\"https:\/\/edicionesdelpuente.com.ar\/delpuente\/tienda\/\",\"url\":\"https:\/\/edicionesdelpuente.com.ar\/delpuente\/tienda\/\",\"name\":\"Cat\\u00e1logo\"}},{\"@type\":\"ListItem\",\"position\":3,\"item\":{\"@type\":\"WebPage\",\"@id\":\"https:\/\/edicionesdelpuente.com.ar\/delpuente\/producto\/cartas-de-amor-para-damian\/\",\"url\":\"https:\/\/edicionesdelpuente.com.ar\/delpuente\/producto\/cartas-de-amor-para-damian\/\",\"name\":\"Cartas de amor para Dami\\u00e1n\"}}]}]}<\/script>\n<!-- \/ Yoast SEO plugin. -->","_links":{"self":[{"href":"https:\/\/edicionesdelpuente.com.ar\/delpuente\/wp-json\/wp\/v2\/product\/684"}],"collection":[{"href":"https:\/\/edicionesdelpuente.com.ar\/delpuente\/wp-json\/wp\/v2\/product"}],"about":[{"href":"https:\/\/edicionesdelpuente.com.ar\/delpuente\/wp-json\/wp\/v2\/types\/product"}],"wp:featuredmedia":[{"embeddable":true,"href":"https:\/\/edicionesdelpuente.com.ar\/delpuente\/wp-json\/wp\/v2\/media\/685"}],"wp:attachment":[{"href":"https:\/\/edicionesdelpuente.com.ar\/delpuente\/wp-json\/wp\/v2\/media?parent=684"}],"curies":[{"name":"wp","href":"https:\/\/api.w.org\/{rel}","templated":true}]}}