{"id":1667,"date":"2026-04-18T01:07:24","date_gmt":"2026-04-18T04:07:24","guid":{"rendered":"https:\/\/edicionesdelpuente.com.ar\/delpuente\/?post_type=product&#038;p=1667"},"modified":"2026-04-18T01:14:08","modified_gmt":"2026-04-18T04:14:08","slug":"la-calma-del-optimista","status":"publish","type":"product","link":"https:\/\/edicionesdelpuente.com.ar\/delpuente\/producto\/la-calma-del-optimista\/","title":{"rendered":"LA CALMA DEL OPTIMISTA"},"content":{"rendered":"<p style=\"text-align: left\">No hace falta tener todo resuelto para vivir mejor.<br \/>\nTampoco hace falta ser fuerte todo el tiempo, ni entender cada cosa que nos pasa.<br \/>\nLa vida es movimiento: a veces claridad, a veces ruido, a veces solo un intento por avanzar.<\/p>\n<p style=\"text-align: left\">Este libro nace para recordarte algo simple y profundo:<br \/>\nla calma no es un estado perfecto, es un regreso. Un gesto elegido, posible, disponible incluso en los d\u00edas dif\u00edciles.<\/p>\n<p style=\"text-align: left\">El optimismo tampoco es ingenuidad. Es la valent\u00eda de mirar hacia adelante con honestidad, con esperanza y con la certeza de que siempre existe un pr\u00f3ximo paso.<br \/>\nUna posibilidad nueva. Una luz que vuelve.<\/p>\n<p style=\"text-align: left\">La Calma del Optimista no ofrece f\u00f3rmulas ni verdades definitivas. Ofrece compa\u00f1\u00eda. Una mirada diferente para pensar, sentir y atravesar la vida con m\u00e1s conciencia y menos peso.<\/p>\n<p style=\"text-align: left\">Es un libro para quienes a veces se pierden. Para quienes buscan equilibrio. Para quienes quieren vivir m\u00e1s livianos, m\u00e1s presentes, m\u00e1s verdaderos.<\/p>\n<p style=\"text-align: left\">Un libro para vos.<br \/>\nPara tu historia, tu momento y tu ritmo.<br \/>\nPara recordarte que siempre \u2014siempre\u2014 es posible volver.<\/p>\n","protected":false},"excerpt":{"rendered":"<h6><strong>Autor:<\/strong> Pablo Sibona<br \/>\n<strong>ISBN:<\/strong>\u00a0 978-631-6534-57-6<br \/>\n<strong>Fecha de Publicaci\u00f3n:<\/strong> abril de 2026<br \/>\n<strong>110<\/strong>\u00a0p\u00e1ginas<br \/>\n<strong>Formato:<\/strong> 15 cm x 21 cm<\/h6>\n<p>&nbsp;<\/p>\n<p>&nbsp;<\/p>\n","protected":false},"featured_media":1668,"template":"","meta":[],"yoast_head":"<!-- This site is optimized with the Yoast SEO plugin v16.1.1 - https:\/\/yoast.com\/wordpress\/plugins\/seo\/ -->\n<title>LA CALMA DEL OPTIMISTA &ndash; Ediciones Del Puente<\/title>\n<link rel=\"canonical\" href=\"https:\/\/edicionesdelpuente.com.ar\/delpuente\/producto\/la-calma-del-optimista\/\" \/>\n<meta property=\"og:locale\" content=\"es_ES\" \/>\n<meta property=\"og:type\" content=\"article\" \/>\n<meta property=\"og:title\" content=\"LA CALMA DEL OPTIMISTA &ndash; Ediciones Del Puente\" \/>\n<meta property=\"og:description\" content=\"Autor: Pablo Sibona ISBN:\u00a0 978-631-6534-57-6 Fecha de Publicaci\u00f3n: abril de 2026 110\u00a0p\u00e1ginas Formato: 15 cm x 21 cm &nbsp;  &nbsp;\" \/>\n<meta property=\"og:url\" content=\"https:\/\/edicionesdelpuente.com.ar\/delpuente\/producto\/la-calma-del-optimista\/\" \/>\n<meta property=\"og:site_name\" content=\"Ediciones Del Puente\" \/>\n<meta property=\"article:publisher\" content=\"https:\/\/www.facebook.com\/edicionesdelpuente\/\" \/>\n<meta property=\"article:modified_time\" content=\"2026-04-18T04:14:08+00:00\" \/>\n<meta property=\"og:image\" content=\"https:\/\/edicionesdelpuente.com.ar\/delpuente\/wp-content\/uploads\/2026\/04\/LA-CALMA-TAPA-web_.png\" \/>\n\t<meta property=\"og:image:width\" content=\"886\" \/>\n\t<meta property=\"og:image:height\" content=\"1241\" \/>\n<meta name=\"twitter:card\" content=\"summary_large_image\" \/>\n<meta name=\"twitter:label1\" content=\"Tiempo de lectura\">\n\t<meta name=\"twitter:data1\" content=\"1 minuto\">\n<script type=\"application\/ld+json\" class=\"yoast-schema-graph\">{\"@context\":\"https:\/\/schema.org\",\"@graph\":[{\"@type\":\"Organization\",\"@id\":\"https:\/\/edicionesdelpuente.com.ar\/delpuente\/#organization\",\"name\":\"Ediciones Del Puente\",\"url\":\"https:\/\/edicionesdelpuente.com.ar\/delpuente\/\",\"sameAs\":[\"https:\/\/www.facebook.com\/edicionesdelpuente\/\",\"https:\/\/www.instagram.com\/edicionesdelpuente\/\"],\"logo\":{\"@type\":\"ImageObject\",\"@id\":\"https:\/\/edicionesdelpuente.com.ar\/delpuente\/#logo\",\"inLanguage\":\"es-AR\",\"url\":\"https:\/\/edicionesdelpuente.com.ar\/delpuente\/wp-content\/uploads\/2021\/03\/isologo-delpuente-adpt-1.png\",\"contentUrl\":\"https:\/\/edicionesdelpuente.com.ar\/delpuente\/wp-content\/uploads\/2021\/03\/isologo-delpuente-adpt-1.png\",\"width\":330,\"height\":275,\"caption\":\"Ediciones Del Puente\"},\"image\":{\"@id\":\"https:\/\/edicionesdelpuente.com.ar\/delpuente\/#logo\"}},{\"@type\":\"WebSite\",\"@id\":\"https:\/\/edicionesdelpuente.com.ar\/delpuente\/#website\",\"url\":\"https:\/\/edicionesdelpuente.com.ar\/delpuente\/\",\"name\":\"Ediciones Del Puente\",\"description\":\"Editorial\",\"publisher\":{\"@id\":\"https:\/\/edicionesdelpuente.com.ar\/delpuente\/#organization\"},\"potentialAction\":[{\"@type\":\"SearchAction\",\"target\":\"https:\/\/edicionesdelpuente.com.ar\/delpuente\/?s={search_term_string}\",\"query-input\":\"required name=search_term_string\"}],\"inLanguage\":\"es-AR\"},{\"@type\":\"ImageObject\",\"@id\":\"https:\/\/edicionesdelpuente.com.ar\/delpuente\/producto\/la-calma-del-optimista\/#primaryimage\",\"inLanguage\":\"es-AR\",\"url\":\"https:\/\/edicionesdelpuente.com.ar\/delpuente\/wp-content\/uploads\/2026\/04\/LA-CALMA-TAPA-web_.png\",\"contentUrl\":\"https:\/\/edicionesdelpuente.com.ar\/delpuente\/wp-content\/uploads\/2026\/04\/LA-CALMA-TAPA-web_.png\",\"width\":886,\"height\":1241},{\"@type\":\"WebPage\",\"@id\":\"https:\/\/edicionesdelpuente.com.ar\/delpuente\/producto\/la-calma-del-optimista\/#webpage\",\"url\":\"https:\/\/edicionesdelpuente.com.ar\/delpuente\/producto\/la-calma-del-optimista\/\",\"name\":\"LA CALMA DEL OPTIMISTA &ndash; Ediciones Del Puente\",\"isPartOf\":{\"@id\":\"https:\/\/edicionesdelpuente.com.ar\/delpuente\/#website\"},\"primaryImageOfPage\":{\"@id\":\"https:\/\/edicionesdelpuente.com.ar\/delpuente\/producto\/la-calma-del-optimista\/#primaryimage\"},\"datePublished\":\"2026-04-18T04:07:24+00:00\",\"dateModified\":\"2026-04-18T04:14:08+00:00\",\"breadcrumb\":{\"@id\":\"https:\/\/edicionesdelpuente.com.ar\/delpuente\/producto\/la-calma-del-optimista\/#breadcrumb\"},\"inLanguage\":\"es-AR\",\"potentialAction\":[{\"@type\":\"ReadAction\",\"target\":[\"https:\/\/edicionesdelpuente.com.ar\/delpuente\/producto\/la-calma-del-optimista\/\"]}]},{\"@type\":\"BreadcrumbList\",\"@id\":\"https:\/\/edicionesdelpuente.com.ar\/delpuente\/producto\/la-calma-del-optimista\/#breadcrumb\",\"itemListElement\":[{\"@type\":\"ListItem\",\"position\":1,\"item\":{\"@type\":\"WebPage\",\"@id\":\"https:\/\/edicionesdelpuente.com.ar\/delpuente\/\",\"url\":\"https:\/\/edicionesdelpuente.com.ar\/delpuente\/\",\"name\":\"Inicio\"}},{\"@type\":\"ListItem\",\"position\":2,\"item\":{\"@type\":\"WebPage\",\"@id\":\"https:\/\/edicionesdelpuente.com.ar\/delpuente\/tienda\/\",\"url\":\"https:\/\/edicionesdelpuente.com.ar\/delpuente\/tienda\/\",\"name\":\"Cat\\u00e1logo\"}},{\"@type\":\"ListItem\",\"position\":3,\"item\":{\"@type\":\"WebPage\",\"@id\":\"https:\/\/edicionesdelpuente.com.ar\/delpuente\/producto\/la-calma-del-optimista\/\",\"url\":\"https:\/\/edicionesdelpuente.com.ar\/delpuente\/producto\/la-calma-del-optimista\/\",\"name\":\"LA CALMA DEL OPTIMISTA\"}}]}]}<\/script>\n<!-- \/ Yoast SEO plugin. -->","_links":{"self":[{"href":"https:\/\/edicionesdelpuente.com.ar\/delpuente\/wp-json\/wp\/v2\/product\/1667"}],"collection":[{"href":"https:\/\/edicionesdelpuente.com.ar\/delpuente\/wp-json\/wp\/v2\/product"}],"about":[{"href":"https:\/\/edicionesdelpuente.com.ar\/delpuente\/wp-json\/wp\/v2\/types\/product"}],"wp:featuredmedia":[{"embeddable":true,"href":"https:\/\/edicionesdelpuente.com.ar\/delpuente\/wp-json\/wp\/v2\/media\/1668"}],"wp:attachment":[{"href":"https:\/\/edicionesdelpuente.com.ar\/delpuente\/wp-json\/wp\/v2\/media?parent=1667"}],"curies":[{"name":"wp","href":"https:\/\/api.w.org\/{rel}","templated":true}]}}