{"id":1664,"date":"2026-04-18T00:55:36","date_gmt":"2026-04-18T03:55:36","guid":{"rendered":"https:\/\/edicionesdelpuente.com.ar\/delpuente\/?post_type=product&#038;p=1664"},"modified":"2026-04-18T01:07:07","modified_gmt":"2026-04-18T04:07:07","slug":"donde-nace-el-silencio","status":"publish","type":"product","link":"https:\/\/edicionesdelpuente.com.ar\/delpuente\/producto\/donde-nace-el-silencio\/","title":{"rendered":"Donde nace el silencio"},"content":{"rendered":"<p style=\"text-align: left\">Este libro naci\u00f3 de la imaginaci\u00f3n. Naci\u00f3 del silencio.<br \/>\nDel silencio que se guarda para no romperlo todo. Del que pesa en la mesa familiar. Del que atraviesa generaciones sin pedir permiso.<br \/>\nEscrib\u00ed Donde Nace el Silencio en una etapa dif\u00edcil de mi vida. En un tiempo de silencio, de soledad y de preguntas sin respuesta. La escritura fue mi refugio, mi forma de ordenar el dolor y de transformar lo que callaba en palabras.<br \/>\nEn estas p\u00e1ginas relato heridas profundas, v\u00ednculos que se quiebran y culpas que parecen heredarse\u2026 pero tambi\u00e9n hablo del amor. Del amor que resiste. Del amor que enfrenta la verdad. Del amor que, incluso despu\u00e9s de la ca\u00edda, elige sanar.<br \/>\nQuiero dejar algo claro: esta es una obra de ficci\u00f3n. Sin embargo, las emociones que atraviesan esta historia son humanas. Reales. Universales.<br \/>\nSi alguna p\u00e1gina te incomoda, tal vez sea porque algo necesita ser dicho. Si alguna p\u00e1gina te abraza, entonces el silencio empieza a romperse.<br \/>\nPorque entend\u00ed que incluso en la soledad m\u00e1s profunda puede nacer una voz.<\/p>\n","protected":false},"excerpt":{"rendered":"<h6><strong>Autor:<\/strong> Lucas Grasseler<br \/>\n<strong>ISBN:<\/strong> 978-631-6534-52-1<br \/>\n<strong>Fecha de Publicaci\u00f3n:<\/strong> abril de 2026<br \/>\n<strong>106<\/strong>\u00a0p\u00e1ginas<br \/>\n<strong>Formato:<\/strong> 15 cm x 21 cm<\/h6>\n<p>&nbsp;<\/p>\n","protected":false},"featured_media":1666,"template":"","meta":[],"yoast_head":"<!-- This site is optimized with the Yoast SEO plugin v16.1.1 - https:\/\/yoast.com\/wordpress\/plugins\/seo\/ -->\n<title>Donde nace el silencio &ndash; Ediciones Del Puente<\/title>\n<link rel=\"canonical\" href=\"https:\/\/edicionesdelpuente.com.ar\/delpuente\/producto\/donde-nace-el-silencio\/\" \/>\n<meta property=\"og:locale\" content=\"es_ES\" \/>\n<meta property=\"og:type\" content=\"article\" \/>\n<meta property=\"og:title\" content=\"Donde nace el silencio &ndash; Ediciones Del Puente\" \/>\n<meta property=\"og:description\" content=\"Autor: Lucas Grasseler ISBN: 978-631-6534-52-1 Fecha de Publicaci\u00f3n: abril de 2026 106\u00a0p\u00e1ginas Formato: 15 cm x 21 cm &nbsp;\" \/>\n<meta property=\"og:url\" content=\"https:\/\/edicionesdelpuente.com.ar\/delpuente\/producto\/donde-nace-el-silencio\/\" \/>\n<meta property=\"og:site_name\" content=\"Ediciones Del Puente\" \/>\n<meta property=\"article:publisher\" content=\"https:\/\/www.facebook.com\/edicionesdelpuente\/\" \/>\n<meta property=\"article:modified_time\" content=\"2026-04-18T04:07:07+00:00\" \/>\n<meta property=\"og:image\" content=\"https:\/\/edicionesdelpuente.com.ar\/delpuente\/wp-content\/uploads\/2026\/04\/donde-nace-el-silencio_tapa-web_.png\" \/>\n\t<meta property=\"og:image:width\" content=\"882\" \/>\n\t<meta property=\"og:image:height\" content=\"1241\" \/>\n<meta name=\"twitter:card\" content=\"summary_large_image\" \/>\n<meta name=\"twitter:label1\" content=\"Tiempo de lectura\">\n\t<meta name=\"twitter:data1\" content=\"1 minuto\">\n<script type=\"application\/ld+json\" class=\"yoast-schema-graph\">{\"@context\":\"https:\/\/schema.org\",\"@graph\":[{\"@type\":\"Organization\",\"@id\":\"https:\/\/edicionesdelpuente.com.ar\/delpuente\/#organization\",\"name\":\"Ediciones Del Puente\",\"url\":\"https:\/\/edicionesdelpuente.com.ar\/delpuente\/\",\"sameAs\":[\"https:\/\/www.facebook.com\/edicionesdelpuente\/\",\"https:\/\/www.instagram.com\/edicionesdelpuente\/\"],\"logo\":{\"@type\":\"ImageObject\",\"@id\":\"https:\/\/edicionesdelpuente.com.ar\/delpuente\/#logo\",\"inLanguage\":\"es-AR\",\"url\":\"https:\/\/edicionesdelpuente.com.ar\/delpuente\/wp-content\/uploads\/2021\/03\/isologo-delpuente-adpt-1.png\",\"contentUrl\":\"https:\/\/edicionesdelpuente.com.ar\/delpuente\/wp-content\/uploads\/2021\/03\/isologo-delpuente-adpt-1.png\",\"width\":330,\"height\":275,\"caption\":\"Ediciones Del Puente\"},\"image\":{\"@id\":\"https:\/\/edicionesdelpuente.com.ar\/delpuente\/#logo\"}},{\"@type\":\"WebSite\",\"@id\":\"https:\/\/edicionesdelpuente.com.ar\/delpuente\/#website\",\"url\":\"https:\/\/edicionesdelpuente.com.ar\/delpuente\/\",\"name\":\"Ediciones Del Puente\",\"description\":\"Editorial\",\"publisher\":{\"@id\":\"https:\/\/edicionesdelpuente.com.ar\/delpuente\/#organization\"},\"potentialAction\":[{\"@type\":\"SearchAction\",\"target\":\"https:\/\/edicionesdelpuente.com.ar\/delpuente\/?s={search_term_string}\",\"query-input\":\"required name=search_term_string\"}],\"inLanguage\":\"es-AR\"},{\"@type\":\"ImageObject\",\"@id\":\"https:\/\/edicionesdelpuente.com.ar\/delpuente\/producto\/donde-nace-el-silencio\/#primaryimage\",\"inLanguage\":\"es-AR\",\"url\":\"https:\/\/edicionesdelpuente.com.ar\/delpuente\/wp-content\/uploads\/2026\/04\/donde-nace-el-silencio_tapa-web_.png\",\"contentUrl\":\"https:\/\/edicionesdelpuente.com.ar\/delpuente\/wp-content\/uploads\/2026\/04\/donde-nace-el-silencio_tapa-web_.png\",\"width\":882,\"height\":1241},{\"@type\":\"WebPage\",\"@id\":\"https:\/\/edicionesdelpuente.com.ar\/delpuente\/producto\/donde-nace-el-silencio\/#webpage\",\"url\":\"https:\/\/edicionesdelpuente.com.ar\/delpuente\/producto\/donde-nace-el-silencio\/\",\"name\":\"Donde nace el silencio &ndash; Ediciones Del Puente\",\"isPartOf\":{\"@id\":\"https:\/\/edicionesdelpuente.com.ar\/delpuente\/#website\"},\"primaryImageOfPage\":{\"@id\":\"https:\/\/edicionesdelpuente.com.ar\/delpuente\/producto\/donde-nace-el-silencio\/#primaryimage\"},\"datePublished\":\"2026-04-18T03:55:36+00:00\",\"dateModified\":\"2026-04-18T04:07:07+00:00\",\"breadcrumb\":{\"@id\":\"https:\/\/edicionesdelpuente.com.ar\/delpuente\/producto\/donde-nace-el-silencio\/#breadcrumb\"},\"inLanguage\":\"es-AR\",\"potentialAction\":[{\"@type\":\"ReadAction\",\"target\":[\"https:\/\/edicionesdelpuente.com.ar\/delpuente\/producto\/donde-nace-el-silencio\/\"]}]},{\"@type\":\"BreadcrumbList\",\"@id\":\"https:\/\/edicionesdelpuente.com.ar\/delpuente\/producto\/donde-nace-el-silencio\/#breadcrumb\",\"itemListElement\":[{\"@type\":\"ListItem\",\"position\":1,\"item\":{\"@type\":\"WebPage\",\"@id\":\"https:\/\/edicionesdelpuente.com.ar\/delpuente\/\",\"url\":\"https:\/\/edicionesdelpuente.com.ar\/delpuente\/\",\"name\":\"Inicio\"}},{\"@type\":\"ListItem\",\"position\":2,\"item\":{\"@type\":\"WebPage\",\"@id\":\"https:\/\/edicionesdelpuente.com.ar\/delpuente\/tienda\/\",\"url\":\"https:\/\/edicionesdelpuente.com.ar\/delpuente\/tienda\/\",\"name\":\"Cat\\u00e1logo\"}},{\"@type\":\"ListItem\",\"position\":3,\"item\":{\"@type\":\"WebPage\",\"@id\":\"https:\/\/edicionesdelpuente.com.ar\/delpuente\/producto\/donde-nace-el-silencio\/\",\"url\":\"https:\/\/edicionesdelpuente.com.ar\/delpuente\/producto\/donde-nace-el-silencio\/\",\"name\":\"Donde nace el silencio\"}}]}]}<\/script>\n<!-- \/ Yoast SEO plugin. -->","_links":{"self":[{"href":"https:\/\/edicionesdelpuente.com.ar\/delpuente\/wp-json\/wp\/v2\/product\/1664"}],"collection":[{"href":"https:\/\/edicionesdelpuente.com.ar\/delpuente\/wp-json\/wp\/v2\/product"}],"about":[{"href":"https:\/\/edicionesdelpuente.com.ar\/delpuente\/wp-json\/wp\/v2\/types\/product"}],"wp:featuredmedia":[{"embeddable":true,"href":"https:\/\/edicionesdelpuente.com.ar\/delpuente\/wp-json\/wp\/v2\/media\/1666"}],"wp:attachment":[{"href":"https:\/\/edicionesdelpuente.com.ar\/delpuente\/wp-json\/wp\/v2\/media?parent=1664"}],"curies":[{"name":"wp","href":"https:\/\/api.w.org\/{rel}","templated":true}]}}