{"id":1658,"date":"2026-04-08T14:14:31","date_gmt":"2026-04-08T17:14:31","guid":{"rendered":"https:\/\/edicionesdelpuente.com.ar\/delpuente\/?post_type=product&#038;p=1658"},"modified":"2026-04-08T14:23:51","modified_gmt":"2026-04-08T17:23:51","slug":"el-taller-de-las-mujeres","status":"publish","type":"product","link":"https:\/\/edicionesdelpuente.com.ar\/delpuente\/producto\/el-taller-de-las-mujeres\/","title":{"rendered":"El Taller de las mujeres"},"content":{"rendered":"<p style=\"text-align: left\">Las mujeres vivimos en un mundo patriarcal. Mucho se ha logrado en t\u00e9rminos de leyes y tambi\u00e9n de costumbres, pero es muy dif\u00edcil a\u00fan para muchas mujeres protagonizar su vida, tomar decisiones, ser y sentirse due\u00f1as de su propia vida.<br \/>\nEste libro se basa en la experiencia de mi taller sobre Estr\u00e9s de g\u00e9nero, en el que nos propusimos trabajar sobre la elaboraci\u00f3n de ciertas herramientas: la conciencia cr\u00edtica de g\u00e9nero, el desarrollo de habilidades grupales para tomar conciencia, el aprendizaje de capacidades para generar cambios en sus propias vidas y en las vidas del colectivo de las mujeres, y una mayor comprensi\u00f3n de c\u00f3mo lograr esos cambios en cooperaci\u00f3n con los hombres en procesos de deconstrucci\u00f3n de la masculinidad tradicional, y con disidentes en su sexualidad.<br \/>\nBusco inspirar en las mujeres la idea de que es posible cambiar y lidiar de otras formas con el malestar.<\/p>\n","protected":false},"excerpt":{"rendered":"<h6><strong>Autora:<\/strong> Adriana Beatriz Escudero<br \/>\n<strong>ISBN:<\/strong> 9789874770608<br \/>\n<strong>Fecha de Publicaci\u00f3n:<\/strong> marzo de 2026<br \/>\n<strong>96<\/strong>\u00a0p\u00e1ginas<br \/>\n<strong>Formato:<\/strong> 15 cm x 21 cm<\/h6>\n<p>&nbsp;<\/p>\n<p>&nbsp;<\/p>\n","protected":false},"featured_media":1660,"template":"","meta":[],"yoast_head":"<!-- This site is optimized with the Yoast SEO plugin v16.1.1 - https:\/\/yoast.com\/wordpress\/plugins\/seo\/ -->\n<title>El Taller de las mujeres &ndash; Ediciones Del Puente<\/title>\n<link rel=\"canonical\" href=\"https:\/\/edicionesdelpuente.com.ar\/delpuente\/producto\/el-taller-de-las-mujeres\/\" \/>\n<meta property=\"og:locale\" content=\"es_ES\" \/>\n<meta property=\"og:type\" content=\"article\" \/>\n<meta property=\"og:title\" content=\"El Taller de las mujeres &ndash; Ediciones Del Puente\" \/>\n<meta property=\"og:description\" content=\"Autora: Adriana Beatriz Escudero ISBN: 9789874770608 Fecha de Publicaci\u00f3n: marzo de 2026 96\u00a0p\u00e1ginas Formato: 15 cm x 21 cm &nbsp;  &nbsp;\" \/>\n<meta property=\"og:url\" content=\"https:\/\/edicionesdelpuente.com.ar\/delpuente\/producto\/el-taller-de-las-mujeres\/\" \/>\n<meta property=\"og:site_name\" content=\"Ediciones Del Puente\" \/>\n<meta property=\"article:publisher\" content=\"https:\/\/www.facebook.com\/edicionesdelpuente\/\" \/>\n<meta property=\"article:modified_time\" content=\"2026-04-08T17:23:51+00:00\" \/>\n<meta property=\"og:image\" content=\"https:\/\/edicionesdelpuente.com.ar\/delpuente\/wp-content\/uploads\/2026\/04\/El-taller-de-las-mujeres-tapa-web-2.png\" \/>\n\t<meta property=\"og:image:width\" content=\"888\" \/>\n\t<meta property=\"og:image:height\" content=\"1242\" \/>\n<meta name=\"twitter:card\" content=\"summary_large_image\" \/>\n<meta name=\"twitter:label1\" content=\"Tiempo de lectura\">\n\t<meta name=\"twitter:data1\" content=\"1 minuto\">\n<script type=\"application\/ld+json\" class=\"yoast-schema-graph\">{\"@context\":\"https:\/\/schema.org\",\"@graph\":[{\"@type\":\"Organization\",\"@id\":\"https:\/\/edicionesdelpuente.com.ar\/delpuente\/#organization\",\"name\":\"Ediciones Del Puente\",\"url\":\"https:\/\/edicionesdelpuente.com.ar\/delpuente\/\",\"sameAs\":[\"https:\/\/www.facebook.com\/edicionesdelpuente\/\",\"https:\/\/www.instagram.com\/edicionesdelpuente\/\"],\"logo\":{\"@type\":\"ImageObject\",\"@id\":\"https:\/\/edicionesdelpuente.com.ar\/delpuente\/#logo\",\"inLanguage\":\"es-AR\",\"url\":\"https:\/\/edicionesdelpuente.com.ar\/delpuente\/wp-content\/uploads\/2021\/03\/isologo-delpuente-adpt-1.png\",\"contentUrl\":\"https:\/\/edicionesdelpuente.com.ar\/delpuente\/wp-content\/uploads\/2021\/03\/isologo-delpuente-adpt-1.png\",\"width\":330,\"height\":275,\"caption\":\"Ediciones Del Puente\"},\"image\":{\"@id\":\"https:\/\/edicionesdelpuente.com.ar\/delpuente\/#logo\"}},{\"@type\":\"WebSite\",\"@id\":\"https:\/\/edicionesdelpuente.com.ar\/delpuente\/#website\",\"url\":\"https:\/\/edicionesdelpuente.com.ar\/delpuente\/\",\"name\":\"Ediciones Del Puente\",\"description\":\"Editorial\",\"publisher\":{\"@id\":\"https:\/\/edicionesdelpuente.com.ar\/delpuente\/#organization\"},\"potentialAction\":[{\"@type\":\"SearchAction\",\"target\":\"https:\/\/edicionesdelpuente.com.ar\/delpuente\/?s={search_term_string}\",\"query-input\":\"required name=search_term_string\"}],\"inLanguage\":\"es-AR\"},{\"@type\":\"ImageObject\",\"@id\":\"https:\/\/edicionesdelpuente.com.ar\/delpuente\/producto\/el-taller-de-las-mujeres\/#primaryimage\",\"inLanguage\":\"es-AR\",\"url\":\"https:\/\/edicionesdelpuente.com.ar\/delpuente\/wp-content\/uploads\/2026\/04\/El-taller-de-las-mujeres-tapa-web-2.png\",\"contentUrl\":\"https:\/\/edicionesdelpuente.com.ar\/delpuente\/wp-content\/uploads\/2026\/04\/El-taller-de-las-mujeres-tapa-web-2.png\",\"width\":888,\"height\":1242},{\"@type\":\"WebPage\",\"@id\":\"https:\/\/edicionesdelpuente.com.ar\/delpuente\/producto\/el-taller-de-las-mujeres\/#webpage\",\"url\":\"https:\/\/edicionesdelpuente.com.ar\/delpuente\/producto\/el-taller-de-las-mujeres\/\",\"name\":\"El Taller de las mujeres &ndash; Ediciones Del Puente\",\"isPartOf\":{\"@id\":\"https:\/\/edicionesdelpuente.com.ar\/delpuente\/#website\"},\"primaryImageOfPage\":{\"@id\":\"https:\/\/edicionesdelpuente.com.ar\/delpuente\/producto\/el-taller-de-las-mujeres\/#primaryimage\"},\"datePublished\":\"2026-04-08T17:14:31+00:00\",\"dateModified\":\"2026-04-08T17:23:51+00:00\",\"breadcrumb\":{\"@id\":\"https:\/\/edicionesdelpuente.com.ar\/delpuente\/producto\/el-taller-de-las-mujeres\/#breadcrumb\"},\"inLanguage\":\"es-AR\",\"potentialAction\":[{\"@type\":\"ReadAction\",\"target\":[\"https:\/\/edicionesdelpuente.com.ar\/delpuente\/producto\/el-taller-de-las-mujeres\/\"]}]},{\"@type\":\"BreadcrumbList\",\"@id\":\"https:\/\/edicionesdelpuente.com.ar\/delpuente\/producto\/el-taller-de-las-mujeres\/#breadcrumb\",\"itemListElement\":[{\"@type\":\"ListItem\",\"position\":1,\"item\":{\"@type\":\"WebPage\",\"@id\":\"https:\/\/edicionesdelpuente.com.ar\/delpuente\/\",\"url\":\"https:\/\/edicionesdelpuente.com.ar\/delpuente\/\",\"name\":\"Inicio\"}},{\"@type\":\"ListItem\",\"position\":2,\"item\":{\"@type\":\"WebPage\",\"@id\":\"https:\/\/edicionesdelpuente.com.ar\/delpuente\/tienda\/\",\"url\":\"https:\/\/edicionesdelpuente.com.ar\/delpuente\/tienda\/\",\"name\":\"Cat\\u00e1logo\"}},{\"@type\":\"ListItem\",\"position\":3,\"item\":{\"@type\":\"WebPage\",\"@id\":\"https:\/\/edicionesdelpuente.com.ar\/delpuente\/producto\/el-taller-de-las-mujeres\/\",\"url\":\"https:\/\/edicionesdelpuente.com.ar\/delpuente\/producto\/el-taller-de-las-mujeres\/\",\"name\":\"El Taller de las mujeres\"}}]}]}<\/script>\n<!-- \/ Yoast SEO plugin. -->","_links":{"self":[{"href":"https:\/\/edicionesdelpuente.com.ar\/delpuente\/wp-json\/wp\/v2\/product\/1658"}],"collection":[{"href":"https:\/\/edicionesdelpuente.com.ar\/delpuente\/wp-json\/wp\/v2\/product"}],"about":[{"href":"https:\/\/edicionesdelpuente.com.ar\/delpuente\/wp-json\/wp\/v2\/types\/product"}],"wp:featuredmedia":[{"embeddable":true,"href":"https:\/\/edicionesdelpuente.com.ar\/delpuente\/wp-json\/wp\/v2\/media\/1660"}],"wp:attachment":[{"href":"https:\/\/edicionesdelpuente.com.ar\/delpuente\/wp-json\/wp\/v2\/media?parent=1658"}],"curies":[{"name":"wp","href":"https:\/\/api.w.org\/{rel}","templated":true}]}}