{"id":1651,"date":"2026-01-11T12:06:29","date_gmt":"2026-01-11T15:06:29","guid":{"rendered":"https:\/\/edicionesdelpuente.com.ar\/delpuente\/?post_type=product&#038;p=1651"},"modified":"2026-01-11T12:16:20","modified_gmt":"2026-01-11T15:16:20","slug":"me-incomoda-s-te","status":"publish","type":"product","link":"https:\/\/edicionesdelpuente.com.ar\/delpuente\/producto\/me-incomoda-s-te\/","title":{"rendered":"Me incomoda (s)-(te)"},"content":{"rendered":"<p style=\"text-align: left\">Hablamos de un libro escrito desde la provincia, desde los l\u00edmites de los lugares legitimantes, en una \u00e9poca donde el centro y la periferia tambi\u00e9n se han desdibujados. Sosa Dolso pareciera decirnos que no olvidemos que los relatos son un registro de nuestro pasado pero tambi\u00e9n ser\u00edan (o ser\u00e1n) un registro de nuestro futuro. Por eso imaginemos un libro para leernos en el porvenir y para reconocernos id\u00e9nticos pero distintos en una suerte de presente cont\u00ednuo que todav\u00eda no se ha terminado de escribir con la misma intenci\u00f3n con la que arrojamos una flecha al vac\u00edo con la esperanza de que llegue a dar en el blanco que tanto anhelamos.<br \/>\n<strong><em>Marcelo D. D\u00edaz<\/em><\/strong><\/p>\n<p style=\"text-align: left\">&#8212;<br \/>\n<em>Me incomoda(s)-(te)<\/em> desarma y acaricia al mismo tiempo. Entre memorias personales y colectivas, Mel\u00f3n escribe desde la piel y desde la tierra, entre la pol\u00edtica y el deseo, entre la amistad y el desarraigo. Cada relato es una apuesta a narrar la vida como se siente: contradictoria, feroz, tierna, inc\u00f3moda, pero siempre vital.<br \/>\nEste no es solo un libro de historias, es un territorio donde conviven los amores intensos y las luchas compartidas, los viajes y los campamentos, la selva y la ciudad, la voz propia y las voces heredadas. Leerlo es entrar en una trama donde el cuerpo piensa, la memoria late y la escritura se vuelve puente hacia otros mundos posibles.<br \/>\nUn texto \u00edntimo y colectivo, urgente y po\u00e9tico, que invita a incomodarse para reconocerse.<\/p>\n","protected":false},"excerpt":{"rendered":"<h6><strong>Autora: Mar\u00eda Melina Sosa Dolso<\/strong><br \/>\n<strong>ISBN:<\/strong> 9786316534507<br \/>\n<strong>Fecha de Publicaci\u00f3n:<\/strong> Diciembre de 2025<br \/>\n<strong>148<\/strong> p\u00e1ginas<br \/>\n<strong>Formato:<\/strong> 14 cm x 20 cm<\/h6>\n<p>&nbsp;<\/p>\n<p>&nbsp;<\/p>\n","protected":false},"featured_media":1652,"template":"","meta":[],"yoast_head":"<!-- This site is optimized with the Yoast SEO plugin v16.1.1 - https:\/\/yoast.com\/wordpress\/plugins\/seo\/ -->\n<title>Me incomoda (s)-(te) &ndash; Ediciones Del Puente<\/title>\n<link rel=\"canonical\" href=\"https:\/\/edicionesdelpuente.com.ar\/delpuente\/producto\/me-incomoda-s-te\/\" \/>\n<meta property=\"og:locale\" content=\"es_ES\" \/>\n<meta property=\"og:type\" content=\"article\" \/>\n<meta property=\"og:title\" content=\"Me incomoda (s)-(te) &ndash; Ediciones Del Puente\" \/>\n<meta property=\"og:description\" content=\"Autora: Mar\u00eda Melina Sosa Dolso ISBN: 9786316534507 Fecha de Publicaci\u00f3n: Diciembre de 2025 148 p\u00e1ginas Formato: 14 cm x 20 cm &nbsp;  &nbsp;\" \/>\n<meta property=\"og:url\" content=\"https:\/\/edicionesdelpuente.com.ar\/delpuente\/producto\/me-incomoda-s-te\/\" \/>\n<meta property=\"og:site_name\" content=\"Ediciones Del Puente\" \/>\n<meta property=\"article:publisher\" content=\"https:\/\/www.facebook.com\/edicionesdelpuente\/\" \/>\n<meta property=\"article:modified_time\" content=\"2026-01-11T15:16:20+00:00\" \/>\n<meta property=\"og:image\" content=\"https:\/\/edicionesdelpuente.com.ar\/delpuente\/wp-content\/uploads\/2026\/01\/Me-incomodas-te_tapa-web.png\" \/>\n\t<meta property=\"og:image:width\" content=\"887\" \/>\n\t<meta property=\"og:image:height\" content=\"1241\" \/>\n<meta name=\"twitter:card\" content=\"summary_large_image\" \/>\n<meta name=\"twitter:label1\" content=\"Tiempo de lectura\">\n\t<meta name=\"twitter:data1\" content=\"2 minutos\">\n<script type=\"application\/ld+json\" class=\"yoast-schema-graph\">{\"@context\":\"https:\/\/schema.org\",\"@graph\":[{\"@type\":\"Organization\",\"@id\":\"https:\/\/edicionesdelpuente.com.ar\/delpuente\/#organization\",\"name\":\"Ediciones Del Puente\",\"url\":\"https:\/\/edicionesdelpuente.com.ar\/delpuente\/\",\"sameAs\":[\"https:\/\/www.facebook.com\/edicionesdelpuente\/\",\"https:\/\/www.instagram.com\/edicionesdelpuente\/\"],\"logo\":{\"@type\":\"ImageObject\",\"@id\":\"https:\/\/edicionesdelpuente.com.ar\/delpuente\/#logo\",\"inLanguage\":\"es-AR\",\"url\":\"https:\/\/edicionesdelpuente.com.ar\/delpuente\/wp-content\/uploads\/2021\/03\/isologo-delpuente-adpt-1.png\",\"contentUrl\":\"https:\/\/edicionesdelpuente.com.ar\/delpuente\/wp-content\/uploads\/2021\/03\/isologo-delpuente-adpt-1.png\",\"width\":330,\"height\":275,\"caption\":\"Ediciones Del Puente\"},\"image\":{\"@id\":\"https:\/\/edicionesdelpuente.com.ar\/delpuente\/#logo\"}},{\"@type\":\"WebSite\",\"@id\":\"https:\/\/edicionesdelpuente.com.ar\/delpuente\/#website\",\"url\":\"https:\/\/edicionesdelpuente.com.ar\/delpuente\/\",\"name\":\"Ediciones Del Puente\",\"description\":\"Editorial\",\"publisher\":{\"@id\":\"https:\/\/edicionesdelpuente.com.ar\/delpuente\/#organization\"},\"potentialAction\":[{\"@type\":\"SearchAction\",\"target\":\"https:\/\/edicionesdelpuente.com.ar\/delpuente\/?s={search_term_string}\",\"query-input\":\"required name=search_term_string\"}],\"inLanguage\":\"es-AR\"},{\"@type\":\"ImageObject\",\"@id\":\"https:\/\/edicionesdelpuente.com.ar\/delpuente\/producto\/me-incomoda-s-te\/#primaryimage\",\"inLanguage\":\"es-AR\",\"url\":\"https:\/\/edicionesdelpuente.com.ar\/delpuente\/wp-content\/uploads\/2026\/01\/Me-incomodas-te_tapa-web.png\",\"contentUrl\":\"https:\/\/edicionesdelpuente.com.ar\/delpuente\/wp-content\/uploads\/2026\/01\/Me-incomodas-te_tapa-web.png\",\"width\":887,\"height\":1241},{\"@type\":\"WebPage\",\"@id\":\"https:\/\/edicionesdelpuente.com.ar\/delpuente\/producto\/me-incomoda-s-te\/#webpage\",\"url\":\"https:\/\/edicionesdelpuente.com.ar\/delpuente\/producto\/me-incomoda-s-te\/\",\"name\":\"Me incomoda (s)-(te) &ndash; Ediciones Del Puente\",\"isPartOf\":{\"@id\":\"https:\/\/edicionesdelpuente.com.ar\/delpuente\/#website\"},\"primaryImageOfPage\":{\"@id\":\"https:\/\/edicionesdelpuente.com.ar\/delpuente\/producto\/me-incomoda-s-te\/#primaryimage\"},\"datePublished\":\"2026-01-11T15:06:29+00:00\",\"dateModified\":\"2026-01-11T15:16:20+00:00\",\"breadcrumb\":{\"@id\":\"https:\/\/edicionesdelpuente.com.ar\/delpuente\/producto\/me-incomoda-s-te\/#breadcrumb\"},\"inLanguage\":\"es-AR\",\"potentialAction\":[{\"@type\":\"ReadAction\",\"target\":[\"https:\/\/edicionesdelpuente.com.ar\/delpuente\/producto\/me-incomoda-s-te\/\"]}]},{\"@type\":\"BreadcrumbList\",\"@id\":\"https:\/\/edicionesdelpuente.com.ar\/delpuente\/producto\/me-incomoda-s-te\/#breadcrumb\",\"itemListElement\":[{\"@type\":\"ListItem\",\"position\":1,\"item\":{\"@type\":\"WebPage\",\"@id\":\"https:\/\/edicionesdelpuente.com.ar\/delpuente\/\",\"url\":\"https:\/\/edicionesdelpuente.com.ar\/delpuente\/\",\"name\":\"Inicio\"}},{\"@type\":\"ListItem\",\"position\":2,\"item\":{\"@type\":\"WebPage\",\"@id\":\"https:\/\/edicionesdelpuente.com.ar\/delpuente\/tienda\/\",\"url\":\"https:\/\/edicionesdelpuente.com.ar\/delpuente\/tienda\/\",\"name\":\"Cat\\u00e1logo\"}},{\"@type\":\"ListItem\",\"position\":3,\"item\":{\"@type\":\"WebPage\",\"@id\":\"https:\/\/edicionesdelpuente.com.ar\/delpuente\/producto\/me-incomoda-s-te\/\",\"url\":\"https:\/\/edicionesdelpuente.com.ar\/delpuente\/producto\/me-incomoda-s-te\/\",\"name\":\"Me incomoda (s)-(te)\"}}]}]}<\/script>\n<!-- \/ Yoast SEO plugin. -->","_links":{"self":[{"href":"https:\/\/edicionesdelpuente.com.ar\/delpuente\/wp-json\/wp\/v2\/product\/1651"}],"collection":[{"href":"https:\/\/edicionesdelpuente.com.ar\/delpuente\/wp-json\/wp\/v2\/product"}],"about":[{"href":"https:\/\/edicionesdelpuente.com.ar\/delpuente\/wp-json\/wp\/v2\/types\/product"}],"wp:featuredmedia":[{"embeddable":true,"href":"https:\/\/edicionesdelpuente.com.ar\/delpuente\/wp-json\/wp\/v2\/media\/1652"}],"wp:attachment":[{"href":"https:\/\/edicionesdelpuente.com.ar\/delpuente\/wp-json\/wp\/v2\/media?parent=1651"}],"curies":[{"name":"wp","href":"https:\/\/api.w.org\/{rel}","templated":true}]}}