{"id":1647,"date":"2025-12-05T18:36:48","date_gmt":"2025-12-05T21:36:48","guid":{"rendered":"https:\/\/edicionesdelpuente.com.ar\/delpuente\/?post_type=product&#038;p=1647"},"modified":"2026-02-13T00:04:38","modified_gmt":"2026-02-13T03:04:38","slug":"asi-eramos-asi-somos-asi-seremos","status":"publish","type":"product","link":"https:\/\/edicionesdelpuente.com.ar\/delpuente\/producto\/asi-eramos-asi-somos-asi-seremos\/","title":{"rendered":"As\u00ed \u00e9ramos, as\u00ed somos&#8230; as\u00ed seremos"},"content":{"rendered":"<p style=\"text-align: left\">En la incipiente historia del rock de R\u00edo Cuarto que se est\u00e1 empezando a escribir, Fernando Aguirre y Dar\u00edo Bartoccioni recuperan y ofrecen un espacio narrativo con la palabra de algunos de los protagonistas del rock riocuartense, desde sus inicios y hasta su consolidaci\u00f3n, como manifestaci\u00f3n art\u00edstica, pol\u00edtica y social a trav\u00e9s de tres d\u00e9cadas (1960, 1970, 1980).<br \/>\nEstas p\u00e1ginas conforman el volumen 1 de \u201cAS\u00cd \u00c9RAMOS, AS\u00cd SOMOS\u2026 AS\u00cd SEREMOS\u201d, con una serie de entrevistas grabadas y di\u00e1logos distendidos con Pocho Alturria, Pichi Perez, Tato Prado, Omar Palacio, Hugo Medina, Griselda P\u00e9cora, Daniel Brhun, Ives Cornelli, Claudia Prett, Marcelo Frankel, Gabriel Radaeli, Germ\u00e1n Ponce y Mario Varrenti, que confluyen en un relato fant\u00e1stico como la historia y los comienzos del fen\u00f3meno del rock riocuartense en la b\u00fasqueda de un reconocimiento material y moral a todos aquellos rockeros de la ciudad que jam\u00e1s se vendieron, que nunca se rindieron y que todav\u00eda muchos de ellos siguen peleando.<br \/>\nEl rock de R\u00edo Cuarto nos guarda historias fascinantes que esperan ser contadas y que comienzan a escribirse en estas memorias.<\/p>\n","protected":false},"excerpt":{"rendered":"<h4>Testimonios y memorias del rock de R\u00edo Cuarto (1964-1989)<\/h4>\n<h6><strong>Autores:<\/strong> Fernando Aguirre y Dar\u00edo Bartoccioni<br \/>\n<strong>ISBN:<\/strong> 9786316534361<br \/>\n<strong>Fecha de Publicaci\u00f3n:<\/strong>\u00a0 julio de 2025<br \/>\n<strong>198<\/strong> p\u00e1ginas<br \/>\n<strong>Formato:<\/strong> 15 cm x 21 cm<\/h6>\n","protected":false},"featured_media":1648,"template":"","meta":[],"yoast_head":"<!-- This site is optimized with the Yoast SEO plugin v16.1.1 - https:\/\/yoast.com\/wordpress\/plugins\/seo\/ -->\n<title>As\u00ed \u00e9ramos, as\u00ed somos... as\u00ed seremos &ndash; Ediciones Del Puente<\/title>\n<link rel=\"canonical\" href=\"https:\/\/edicionesdelpuente.com.ar\/delpuente\/producto\/asi-eramos-asi-somos-asi-seremos\/\" \/>\n<meta property=\"og:locale\" content=\"es_ES\" \/>\n<meta property=\"og:type\" content=\"article\" \/>\n<meta property=\"og:title\" content=\"As\u00ed \u00e9ramos, as\u00ed somos... as\u00ed seremos &ndash; Ediciones Del Puente\" \/>\n<meta property=\"og:description\" content=\"Testimonios y memorias del rock de R\u00edo Cuarto (1964-1989) Autores: Fernando Aguirre y Dar\u00edo Bartoccioni ISBN: 9786316534361 Fecha de Publicaci\u00f3n:\u00a0 julio de 2025 198 p\u00e1ginas Formato: 15 cm x 21 cm\" \/>\n<meta property=\"og:url\" content=\"https:\/\/edicionesdelpuente.com.ar\/delpuente\/producto\/asi-eramos-asi-somos-asi-seremos\/\" \/>\n<meta property=\"og:site_name\" content=\"Ediciones Del Puente\" \/>\n<meta property=\"article:publisher\" content=\"https:\/\/www.facebook.com\/edicionesdelpuente\/\" \/>\n<meta property=\"article:modified_time\" content=\"2026-02-13T03:04:38+00:00\" \/>\n<meta property=\"og:image\" content=\"https:\/\/edicionesdelpuente.com.ar\/delpuente\/wp-content\/uploads\/2025\/12\/Asi-eramos...-tapa-web-01-732x1024.png\" \/>\n\t<meta property=\"og:image:width\" content=\"732\" \/>\n\t<meta property=\"og:image:height\" content=\"1024\" \/>\n<meta name=\"twitter:card\" content=\"summary_large_image\" \/>\n<meta name=\"twitter:label1\" content=\"Tiempo de lectura\">\n\t<meta name=\"twitter:data1\" content=\"1 minuto\">\n<script type=\"application\/ld+json\" class=\"yoast-schema-graph\">{\"@context\":\"https:\/\/schema.org\",\"@graph\":[{\"@type\":\"Organization\",\"@id\":\"https:\/\/edicionesdelpuente.com.ar\/delpuente\/#organization\",\"name\":\"Ediciones Del Puente\",\"url\":\"https:\/\/edicionesdelpuente.com.ar\/delpuente\/\",\"sameAs\":[\"https:\/\/www.facebook.com\/edicionesdelpuente\/\",\"https:\/\/www.instagram.com\/edicionesdelpuente\/\"],\"logo\":{\"@type\":\"ImageObject\",\"@id\":\"https:\/\/edicionesdelpuente.com.ar\/delpuente\/#logo\",\"inLanguage\":\"es-AR\",\"url\":\"https:\/\/edicionesdelpuente.com.ar\/delpuente\/wp-content\/uploads\/2021\/03\/isologo-delpuente-adpt-1.png\",\"contentUrl\":\"https:\/\/edicionesdelpuente.com.ar\/delpuente\/wp-content\/uploads\/2021\/03\/isologo-delpuente-adpt-1.png\",\"width\":330,\"height\":275,\"caption\":\"Ediciones Del Puente\"},\"image\":{\"@id\":\"https:\/\/edicionesdelpuente.com.ar\/delpuente\/#logo\"}},{\"@type\":\"WebSite\",\"@id\":\"https:\/\/edicionesdelpuente.com.ar\/delpuente\/#website\",\"url\":\"https:\/\/edicionesdelpuente.com.ar\/delpuente\/\",\"name\":\"Ediciones Del Puente\",\"description\":\"Editorial\",\"publisher\":{\"@id\":\"https:\/\/edicionesdelpuente.com.ar\/delpuente\/#organization\"},\"potentialAction\":[{\"@type\":\"SearchAction\",\"target\":\"https:\/\/edicionesdelpuente.com.ar\/delpuente\/?s={search_term_string}\",\"query-input\":\"required name=search_term_string\"}],\"inLanguage\":\"es-AR\"},{\"@type\":\"ImageObject\",\"@id\":\"https:\/\/edicionesdelpuente.com.ar\/delpuente\/producto\/asi-eramos-asi-somos-asi-seremos\/#primaryimage\",\"inLanguage\":\"es-AR\",\"url\":\"https:\/\/edicionesdelpuente.com.ar\/delpuente\/wp-content\/uploads\/2025\/12\/Asi-eramos...-tapa-web-01.png\",\"contentUrl\":\"https:\/\/edicionesdelpuente.com.ar\/delpuente\/wp-content\/uploads\/2025\/12\/Asi-eramos...-tapa-web-01.png\",\"width\":1773,\"height\":2481},{\"@type\":\"WebPage\",\"@id\":\"https:\/\/edicionesdelpuente.com.ar\/delpuente\/producto\/asi-eramos-asi-somos-asi-seremos\/#webpage\",\"url\":\"https:\/\/edicionesdelpuente.com.ar\/delpuente\/producto\/asi-eramos-asi-somos-asi-seremos\/\",\"name\":\"As\\u00ed \\u00e9ramos, as\\u00ed somos... as\\u00ed seremos &ndash; Ediciones Del Puente\",\"isPartOf\":{\"@id\":\"https:\/\/edicionesdelpuente.com.ar\/delpuente\/#website\"},\"primaryImageOfPage\":{\"@id\":\"https:\/\/edicionesdelpuente.com.ar\/delpuente\/producto\/asi-eramos-asi-somos-asi-seremos\/#primaryimage\"},\"datePublished\":\"2025-12-05T21:36:48+00:00\",\"dateModified\":\"2026-02-13T03:04:38+00:00\",\"breadcrumb\":{\"@id\":\"https:\/\/edicionesdelpuente.com.ar\/delpuente\/producto\/asi-eramos-asi-somos-asi-seremos\/#breadcrumb\"},\"inLanguage\":\"es-AR\",\"potentialAction\":[{\"@type\":\"ReadAction\",\"target\":[\"https:\/\/edicionesdelpuente.com.ar\/delpuente\/producto\/asi-eramos-asi-somos-asi-seremos\/\"]}]},{\"@type\":\"BreadcrumbList\",\"@id\":\"https:\/\/edicionesdelpuente.com.ar\/delpuente\/producto\/asi-eramos-asi-somos-asi-seremos\/#breadcrumb\",\"itemListElement\":[{\"@type\":\"ListItem\",\"position\":1,\"item\":{\"@type\":\"WebPage\",\"@id\":\"https:\/\/edicionesdelpuente.com.ar\/delpuente\/\",\"url\":\"https:\/\/edicionesdelpuente.com.ar\/delpuente\/\",\"name\":\"Inicio\"}},{\"@type\":\"ListItem\",\"position\":2,\"item\":{\"@type\":\"WebPage\",\"@id\":\"https:\/\/edicionesdelpuente.com.ar\/delpuente\/tienda\/\",\"url\":\"https:\/\/edicionesdelpuente.com.ar\/delpuente\/tienda\/\",\"name\":\"Cat\\u00e1logo\"}},{\"@type\":\"ListItem\",\"position\":3,\"item\":{\"@type\":\"WebPage\",\"@id\":\"https:\/\/edicionesdelpuente.com.ar\/delpuente\/producto\/asi-eramos-asi-somos-asi-seremos\/\",\"url\":\"https:\/\/edicionesdelpuente.com.ar\/delpuente\/producto\/asi-eramos-asi-somos-asi-seremos\/\",\"name\":\"As\\u00ed \\u00e9ramos, as\\u00ed somos&#8230; as\\u00ed seremos\"}}]}]}<\/script>\n<!-- \/ Yoast SEO plugin. -->","_links":{"self":[{"href":"https:\/\/edicionesdelpuente.com.ar\/delpuente\/wp-json\/wp\/v2\/product\/1647"}],"collection":[{"href":"https:\/\/edicionesdelpuente.com.ar\/delpuente\/wp-json\/wp\/v2\/product"}],"about":[{"href":"https:\/\/edicionesdelpuente.com.ar\/delpuente\/wp-json\/wp\/v2\/types\/product"}],"wp:featuredmedia":[{"embeddable":true,"href":"https:\/\/edicionesdelpuente.com.ar\/delpuente\/wp-json\/wp\/v2\/media\/1648"}],"wp:attachment":[{"href":"https:\/\/edicionesdelpuente.com.ar\/delpuente\/wp-json\/wp\/v2\/media?parent=1647"}],"curies":[{"name":"wp","href":"https:\/\/api.w.org\/{rel}","templated":true}]}}