{"id":1643,"date":"2025-11-20T16:04:29","date_gmt":"2025-11-20T19:04:29","guid":{"rendered":"https:\/\/edicionesdelpuente.com.ar\/delpuente\/?post_type=product&#038;p=1643"},"modified":"2025-12-05T18:35:40","modified_gmt":"2025-12-05T21:35:40","slug":"quimio-con-pelo-y-el-alma-al-desnudo","status":"publish","type":"product","link":"https:\/\/edicionesdelpuente.com.ar\/delpuente\/producto\/quimio-con-pelo-y-el-alma-al-desnudo\/","title":{"rendered":"Quimio con pelo y el alma al desnudo"},"content":{"rendered":"<p style=\"text-align: left\">Julia Saracco es el seud\u00f3nimo de una mujer valiente, resiliente, empoderada que ha transitado la dif\u00edcil experiencia de un carcinoma de mama pero que ha decidido hacerle frente desde un coraz\u00f3n abierto y un alma en b\u00fasqueda, la que va desnudando de a poco para mirarse, encontrarse a s\u00ed misma, descubrirse y redescubrirse desde las profundidades de su ser, no para hallar los porqu\u00e9s, sino para poner luz y fortaleza a ese mundo interior que la interpela desde su diagn\u00f3stico.<\/p>\n<p style=\"text-align: left\">\u201cQuimio con Pelo y el Alma al Desnudo, la Historia de Julia\u201d es un diario personal, donde la autora fue registrando con un lenguaje clar\u00edsimo y lleno de ternura sus propias luces y sombras; sus experiencias y expectativas mientras transitaba sus sesiones de quimioterapia. Una de sus mayores aflicciones fue, adem\u00e1s de las consecuencias f\u00edsicas, el hecho de perder su cabellera.<br \/>\n\u00a1La cabellera! El terror, el espanto de pensarse en que en cada hebra desprendida no habr\u00eda s\u00f3lo una p\u00e9rdida, sino una nueva cicatriz que atentar\u00eda contra su autoimagen y se constituir\u00eda en un s\u00edmbolo m\u00e1s de su metamorfosis ante la adversidad. \u00bfNo era suficiente con el diagn\u00f3stico?<br \/>\nEl hallazgo de los cascos fr\u00edos fue una panacea para Julia. Con ellos inici\u00f3 su lucha por conservar su cabellera. En su recorrido, Julia tom\u00f3 inspiraciones varias de diferentes fuentes. Entre ellas, la leyenda de Lady Godiva es sin dudas, un est\u00edmulo y desea compartirlo para otras personas que transiten tratamientos con quimioterapia.<br \/>\nEste libro es b\u00e1lsamo y oasis; primavera y resurrecci\u00f3n; iluminaci\u00f3n y esperanza. Te lo entrego para que, aunque no seas paciente oncol\u00f3gico, como tampoco lo soy yo, puedas encontrar en \u00e9l la sensibilidad y ese toque que nos convoca a vivir y a disfrutar de la vida. Porque, en definitiva, \u00a1la vida es hoy!<br \/>\n<em>Nydia Farhat<\/em><\/p>\n","protected":false},"excerpt":{"rendered":"<h6><strong>Autoras:<\/strong> Nydia Farhat y Julia Saracco<br \/>\n<strong>ISBN:<\/strong> 9789874770608<br \/>\n<strong>Fecha de Publicaci\u00f3n:<\/strong> noviembre de 2025<br \/>\n<strong>102<\/strong> p\u00e1ginas<br \/>\n<strong>Formato:<\/strong> 15 cm x 21 cm<\/h6>\n<p>&nbsp;<\/p>\n<p>&nbsp;<\/p>\n","protected":false},"featured_media":1645,"template":"","meta":[],"yoast_head":"<!-- This site is optimized with the Yoast SEO plugin v16.1.1 - https:\/\/yoast.com\/wordpress\/plugins\/seo\/ -->\n<title>Quimio con pelo y el alma al desnudo &ndash; Ediciones Del Puente<\/title>\n<link rel=\"canonical\" href=\"https:\/\/edicionesdelpuente.com.ar\/delpuente\/producto\/quimio-con-pelo-y-el-alma-al-desnudo\/\" \/>\n<meta property=\"og:locale\" content=\"es_ES\" \/>\n<meta property=\"og:type\" content=\"article\" \/>\n<meta property=\"og:title\" content=\"Quimio con pelo y el alma al desnudo &ndash; Ediciones Del Puente\" \/>\n<meta property=\"og:description\" content=\"Autoras: Nydia Farhat y Julia Saracco ISBN: 9789874770608 Fecha de Publicaci\u00f3n: noviembre de 2025 102 p\u00e1ginas Formato: 15 cm x 21 cm &nbsp;  &nbsp;\" \/>\n<meta property=\"og:url\" content=\"https:\/\/edicionesdelpuente.com.ar\/delpuente\/producto\/quimio-con-pelo-y-el-alma-al-desnudo\/\" \/>\n<meta property=\"og:site_name\" content=\"Ediciones Del Puente\" \/>\n<meta property=\"article:publisher\" content=\"https:\/\/www.facebook.com\/edicionesdelpuente\/\" \/>\n<meta property=\"article:modified_time\" content=\"2025-12-05T21:35:40+00:00\" \/>\n<meta property=\"og:image\" content=\"https:\/\/edicionesdelpuente.com.ar\/delpuente\/wp-content\/uploads\/2025\/11\/Quimio-con-pelo_tapa-01.png\" \/>\n\t<meta property=\"og:image:width\" content=\"887\" \/>\n\t<meta property=\"og:image:height\" content=\"1241\" \/>\n<meta name=\"twitter:card\" content=\"summary_large_image\" \/>\n<meta name=\"twitter:label1\" content=\"Tiempo de lectura\">\n\t<meta name=\"twitter:data1\" content=\"2 minutos\">\n<script type=\"application\/ld+json\" class=\"yoast-schema-graph\">{\"@context\":\"https:\/\/schema.org\",\"@graph\":[{\"@type\":\"Organization\",\"@id\":\"https:\/\/edicionesdelpuente.com.ar\/delpuente\/#organization\",\"name\":\"Ediciones Del Puente\",\"url\":\"https:\/\/edicionesdelpuente.com.ar\/delpuente\/\",\"sameAs\":[\"https:\/\/www.facebook.com\/edicionesdelpuente\/\",\"https:\/\/www.instagram.com\/edicionesdelpuente\/\"],\"logo\":{\"@type\":\"ImageObject\",\"@id\":\"https:\/\/edicionesdelpuente.com.ar\/delpuente\/#logo\",\"inLanguage\":\"es-AR\",\"url\":\"https:\/\/edicionesdelpuente.com.ar\/delpuente\/wp-content\/uploads\/2021\/03\/isologo-delpuente-adpt-1.png\",\"contentUrl\":\"https:\/\/edicionesdelpuente.com.ar\/delpuente\/wp-content\/uploads\/2021\/03\/isologo-delpuente-adpt-1.png\",\"width\":330,\"height\":275,\"caption\":\"Ediciones Del Puente\"},\"image\":{\"@id\":\"https:\/\/edicionesdelpuente.com.ar\/delpuente\/#logo\"}},{\"@type\":\"WebSite\",\"@id\":\"https:\/\/edicionesdelpuente.com.ar\/delpuente\/#website\",\"url\":\"https:\/\/edicionesdelpuente.com.ar\/delpuente\/\",\"name\":\"Ediciones Del Puente\",\"description\":\"Editorial\",\"publisher\":{\"@id\":\"https:\/\/edicionesdelpuente.com.ar\/delpuente\/#organization\"},\"potentialAction\":[{\"@type\":\"SearchAction\",\"target\":\"https:\/\/edicionesdelpuente.com.ar\/delpuente\/?s={search_term_string}\",\"query-input\":\"required name=search_term_string\"}],\"inLanguage\":\"es-AR\"},{\"@type\":\"ImageObject\",\"@id\":\"https:\/\/edicionesdelpuente.com.ar\/delpuente\/producto\/quimio-con-pelo-y-el-alma-al-desnudo\/#primaryimage\",\"inLanguage\":\"es-AR\",\"url\":\"https:\/\/edicionesdelpuente.com.ar\/delpuente\/wp-content\/uploads\/2025\/11\/Quimio-con-pelo_tapa-01.png\",\"contentUrl\":\"https:\/\/edicionesdelpuente.com.ar\/delpuente\/wp-content\/uploads\/2025\/11\/Quimio-con-pelo_tapa-01.png\",\"width\":887,\"height\":1241},{\"@type\":\"WebPage\",\"@id\":\"https:\/\/edicionesdelpuente.com.ar\/delpuente\/producto\/quimio-con-pelo-y-el-alma-al-desnudo\/#webpage\",\"url\":\"https:\/\/edicionesdelpuente.com.ar\/delpuente\/producto\/quimio-con-pelo-y-el-alma-al-desnudo\/\",\"name\":\"Quimio con pelo y el alma al desnudo &ndash; Ediciones Del Puente\",\"isPartOf\":{\"@id\":\"https:\/\/edicionesdelpuente.com.ar\/delpuente\/#website\"},\"primaryImageOfPage\":{\"@id\":\"https:\/\/edicionesdelpuente.com.ar\/delpuente\/producto\/quimio-con-pelo-y-el-alma-al-desnudo\/#primaryimage\"},\"datePublished\":\"2025-11-20T19:04:29+00:00\",\"dateModified\":\"2025-12-05T21:35:40+00:00\",\"breadcrumb\":{\"@id\":\"https:\/\/edicionesdelpuente.com.ar\/delpuente\/producto\/quimio-con-pelo-y-el-alma-al-desnudo\/#breadcrumb\"},\"inLanguage\":\"es-AR\",\"potentialAction\":[{\"@type\":\"ReadAction\",\"target\":[\"https:\/\/edicionesdelpuente.com.ar\/delpuente\/producto\/quimio-con-pelo-y-el-alma-al-desnudo\/\"]}]},{\"@type\":\"BreadcrumbList\",\"@id\":\"https:\/\/edicionesdelpuente.com.ar\/delpuente\/producto\/quimio-con-pelo-y-el-alma-al-desnudo\/#breadcrumb\",\"itemListElement\":[{\"@type\":\"ListItem\",\"position\":1,\"item\":{\"@type\":\"WebPage\",\"@id\":\"https:\/\/edicionesdelpuente.com.ar\/delpuente\/\",\"url\":\"https:\/\/edicionesdelpuente.com.ar\/delpuente\/\",\"name\":\"Inicio\"}},{\"@type\":\"ListItem\",\"position\":2,\"item\":{\"@type\":\"WebPage\",\"@id\":\"https:\/\/edicionesdelpuente.com.ar\/delpuente\/tienda\/\",\"url\":\"https:\/\/edicionesdelpuente.com.ar\/delpuente\/tienda\/\",\"name\":\"Cat\\u00e1logo\"}},{\"@type\":\"ListItem\",\"position\":3,\"item\":{\"@type\":\"WebPage\",\"@id\":\"https:\/\/edicionesdelpuente.com.ar\/delpuente\/producto\/quimio-con-pelo-y-el-alma-al-desnudo\/\",\"url\":\"https:\/\/edicionesdelpuente.com.ar\/delpuente\/producto\/quimio-con-pelo-y-el-alma-al-desnudo\/\",\"name\":\"Quimio con pelo y el alma al desnudo\"}}]}]}<\/script>\n<!-- \/ Yoast SEO plugin. -->","_links":{"self":[{"href":"https:\/\/edicionesdelpuente.com.ar\/delpuente\/wp-json\/wp\/v2\/product\/1643"}],"collection":[{"href":"https:\/\/edicionesdelpuente.com.ar\/delpuente\/wp-json\/wp\/v2\/product"}],"about":[{"href":"https:\/\/edicionesdelpuente.com.ar\/delpuente\/wp-json\/wp\/v2\/types\/product"}],"wp:featuredmedia":[{"embeddable":true,"href":"https:\/\/edicionesdelpuente.com.ar\/delpuente\/wp-json\/wp\/v2\/media\/1645"}],"wp:attachment":[{"href":"https:\/\/edicionesdelpuente.com.ar\/delpuente\/wp-json\/wp\/v2\/media?parent=1643"}],"curies":[{"name":"wp","href":"https:\/\/api.w.org\/{rel}","templated":true}]}}