{"id":1603,"date":"2025-07-07T18:39:14","date_gmt":"2025-07-07T21:39:14","guid":{"rendered":"https:\/\/edicionesdelpuente.com.ar\/delpuente\/?post_type=product&#038;p=1603"},"modified":"2025-11-02T22:45:25","modified_gmt":"2025-11-03T01:45:25","slug":"4d-relatos-de-juego-pasion-y-negocios-vistos-desde-el-periodismo-deportivo","status":"publish","type":"product","link":"https:\/\/edicionesdelpuente.com.ar\/delpuente\/producto\/4d-relatos-de-juego-pasion-y-negocios-vistos-desde-el-periodismo-deportivo\/","title":{"rendered":"4D Relatos de juego, pasi\u00f3n y negocios, vistos desde el periodismo deportivo"},"content":{"rendered":"<p style=\"text-align: left\">4 D es la narraci\u00f3n de un testigo de lo que sucedi\u00f3 en \u201cnuestro f\u00fatbol\u201d y \u201cnuestro deporte\u201d, interpretada por un periodista nacido en un pueblo que se inici\u00f3 con la Lexicon 80 o la Olivetti y el papel para hacer las 40 l\u00edneas (texto promedio de una cr\u00f3nica), habiendo pasado por el t\u00e9lex, la unifax, fax, telefon\u00eda celular, telefon\u00eda digital y, en la actualidad, con el fallecimiento de todo lo anal\u00f3gico.<\/p>\n","protected":false},"excerpt":{"rendered":"<h6><strong>Autor:<\/strong> Carlos Valduvino<br \/>\n<strong>ISBN:<\/strong> 9786316534354<br \/>\n<strong>Fecha de Publicaci\u00f3n:<\/strong> junio de 2025<br \/>\n<strong>124<\/strong>\u00a0p\u00e1ginas<br \/>\n<strong>Formato:<\/strong> 15 cm x 21 cm<\/h6>\n<p>&nbsp;<\/p>\n<p>&nbsp;<\/p>\n","protected":false},"featured_media":1604,"template":"","meta":[],"yoast_head":"<!-- This site is optimized with the Yoast SEO plugin v16.1.1 - https:\/\/yoast.com\/wordpress\/plugins\/seo\/ -->\n<title>4D Relatos de juego, pasi\u00f3n y negocios, vistos desde el periodismo deportivo &ndash; Ediciones Del Puente<\/title>\n<link rel=\"canonical\" href=\"https:\/\/edicionesdelpuente.com.ar\/delpuente\/producto\/4d-relatos-de-juego-pasion-y-negocios-vistos-desde-el-periodismo-deportivo\/\" \/>\n<meta property=\"og:locale\" content=\"es_ES\" \/>\n<meta property=\"og:type\" content=\"article\" \/>\n<meta property=\"og:title\" content=\"4D Relatos de juego, pasi\u00f3n y negocios, vistos desde el periodismo deportivo &ndash; Ediciones Del Puente\" \/>\n<meta property=\"og:description\" content=\"Autor: Carlos Valduvino ISBN: 9786316534354 Fecha de Publicaci\u00f3n: junio de 2025 124\u00a0p\u00e1ginas Formato: 15 cm x 21 cm &nbsp;  &nbsp;\" \/>\n<meta property=\"og:url\" content=\"https:\/\/edicionesdelpuente.com.ar\/delpuente\/producto\/4d-relatos-de-juego-pasion-y-negocios-vistos-desde-el-periodismo-deportivo\/\" \/>\n<meta property=\"og:site_name\" content=\"Ediciones Del Puente\" \/>\n<meta property=\"article:publisher\" content=\"https:\/\/www.facebook.com\/edicionesdelpuente\/\" \/>\n<meta property=\"article:modified_time\" content=\"2025-11-03T01:45:25+00:00\" \/>\n<meta property=\"og:image\" content=\"https:\/\/edicionesdelpuente.com.ar\/delpuente\/wp-content\/uploads\/2025\/07\/4D-tapa-web_Mesa-de-trabajo-1-712x1024.png\" \/>\n\t<meta property=\"og:image:width\" content=\"712\" \/>\n\t<meta property=\"og:image:height\" content=\"1024\" \/>\n<meta name=\"twitter:card\" content=\"summary_large_image\" \/>\n<meta name=\"twitter:label1\" content=\"Tiempo de lectura\">\n\t<meta name=\"twitter:data1\" content=\"1 minuto\">\n<script type=\"application\/ld+json\" class=\"yoast-schema-graph\">{\"@context\":\"https:\/\/schema.org\",\"@graph\":[{\"@type\":\"Organization\",\"@id\":\"https:\/\/edicionesdelpuente.com.ar\/delpuente\/#organization\",\"name\":\"Ediciones Del Puente\",\"url\":\"https:\/\/edicionesdelpuente.com.ar\/delpuente\/\",\"sameAs\":[\"https:\/\/www.facebook.com\/edicionesdelpuente\/\",\"https:\/\/www.instagram.com\/edicionesdelpuente\/\"],\"logo\":{\"@type\":\"ImageObject\",\"@id\":\"https:\/\/edicionesdelpuente.com.ar\/delpuente\/#logo\",\"inLanguage\":\"es-AR\",\"url\":\"https:\/\/edicionesdelpuente.com.ar\/delpuente\/wp-content\/uploads\/2021\/03\/isologo-delpuente-adpt-1.png\",\"contentUrl\":\"https:\/\/edicionesdelpuente.com.ar\/delpuente\/wp-content\/uploads\/2021\/03\/isologo-delpuente-adpt-1.png\",\"width\":330,\"height\":275,\"caption\":\"Ediciones Del Puente\"},\"image\":{\"@id\":\"https:\/\/edicionesdelpuente.com.ar\/delpuente\/#logo\"}},{\"@type\":\"WebSite\",\"@id\":\"https:\/\/edicionesdelpuente.com.ar\/delpuente\/#website\",\"url\":\"https:\/\/edicionesdelpuente.com.ar\/delpuente\/\",\"name\":\"Ediciones Del Puente\",\"description\":\"Editorial\",\"publisher\":{\"@id\":\"https:\/\/edicionesdelpuente.com.ar\/delpuente\/#organization\"},\"potentialAction\":[{\"@type\":\"SearchAction\",\"target\":\"https:\/\/edicionesdelpuente.com.ar\/delpuente\/?s={search_term_string}\",\"query-input\":\"required name=search_term_string\"}],\"inLanguage\":\"es-AR\"},{\"@type\":\"ImageObject\",\"@id\":\"https:\/\/edicionesdelpuente.com.ar\/delpuente\/producto\/4d-relatos-de-juego-pasion-y-negocios-vistos-desde-el-periodismo-deportivo\/#primaryimage\",\"inLanguage\":\"es-AR\",\"url\":\"https:\/\/edicionesdelpuente.com.ar\/delpuente\/wp-content\/uploads\/2025\/07\/4D-tapa-web_Mesa-de-trabajo-1.png\",\"contentUrl\":\"https:\/\/edicionesdelpuente.com.ar\/delpuente\/wp-content\/uploads\/2025\/07\/4D-tapa-web_Mesa-de-trabajo-1.png\",\"width\":945,\"height\":1360},{\"@type\":\"WebPage\",\"@id\":\"https:\/\/edicionesdelpuente.com.ar\/delpuente\/producto\/4d-relatos-de-juego-pasion-y-negocios-vistos-desde-el-periodismo-deportivo\/#webpage\",\"url\":\"https:\/\/edicionesdelpuente.com.ar\/delpuente\/producto\/4d-relatos-de-juego-pasion-y-negocios-vistos-desde-el-periodismo-deportivo\/\",\"name\":\"4D Relatos de juego, pasi\\u00f3n y negocios, vistos desde el periodismo deportivo &ndash; Ediciones Del Puente\",\"isPartOf\":{\"@id\":\"https:\/\/edicionesdelpuente.com.ar\/delpuente\/#website\"},\"primaryImageOfPage\":{\"@id\":\"https:\/\/edicionesdelpuente.com.ar\/delpuente\/producto\/4d-relatos-de-juego-pasion-y-negocios-vistos-desde-el-periodismo-deportivo\/#primaryimage\"},\"datePublished\":\"2025-07-07T21:39:14+00:00\",\"dateModified\":\"2025-11-03T01:45:25+00:00\",\"breadcrumb\":{\"@id\":\"https:\/\/edicionesdelpuente.com.ar\/delpuente\/producto\/4d-relatos-de-juego-pasion-y-negocios-vistos-desde-el-periodismo-deportivo\/#breadcrumb\"},\"inLanguage\":\"es-AR\",\"potentialAction\":[{\"@type\":\"ReadAction\",\"target\":[\"https:\/\/edicionesdelpuente.com.ar\/delpuente\/producto\/4d-relatos-de-juego-pasion-y-negocios-vistos-desde-el-periodismo-deportivo\/\"]}]},{\"@type\":\"BreadcrumbList\",\"@id\":\"https:\/\/edicionesdelpuente.com.ar\/delpuente\/producto\/4d-relatos-de-juego-pasion-y-negocios-vistos-desde-el-periodismo-deportivo\/#breadcrumb\",\"itemListElement\":[{\"@type\":\"ListItem\",\"position\":1,\"item\":{\"@type\":\"WebPage\",\"@id\":\"https:\/\/edicionesdelpuente.com.ar\/delpuente\/\",\"url\":\"https:\/\/edicionesdelpuente.com.ar\/delpuente\/\",\"name\":\"Inicio\"}},{\"@type\":\"ListItem\",\"position\":2,\"item\":{\"@type\":\"WebPage\",\"@id\":\"https:\/\/edicionesdelpuente.com.ar\/delpuente\/tienda\/\",\"url\":\"https:\/\/edicionesdelpuente.com.ar\/delpuente\/tienda\/\",\"name\":\"Cat\\u00e1logo\"}},{\"@type\":\"ListItem\",\"position\":3,\"item\":{\"@type\":\"WebPage\",\"@id\":\"https:\/\/edicionesdelpuente.com.ar\/delpuente\/producto\/4d-relatos-de-juego-pasion-y-negocios-vistos-desde-el-periodismo-deportivo\/\",\"url\":\"https:\/\/edicionesdelpuente.com.ar\/delpuente\/producto\/4d-relatos-de-juego-pasion-y-negocios-vistos-desde-el-periodismo-deportivo\/\",\"name\":\"4D Relatos de juego, pasi\\u00f3n y negocios, vistos desde el periodismo deportivo\"}}]}]}<\/script>\n<!-- \/ Yoast SEO plugin. -->","_links":{"self":[{"href":"https:\/\/edicionesdelpuente.com.ar\/delpuente\/wp-json\/wp\/v2\/product\/1603"}],"collection":[{"href":"https:\/\/edicionesdelpuente.com.ar\/delpuente\/wp-json\/wp\/v2\/product"}],"about":[{"href":"https:\/\/edicionesdelpuente.com.ar\/delpuente\/wp-json\/wp\/v2\/types\/product"}],"wp:featuredmedia":[{"embeddable":true,"href":"https:\/\/edicionesdelpuente.com.ar\/delpuente\/wp-json\/wp\/v2\/media\/1604"}],"wp:attachment":[{"href":"https:\/\/edicionesdelpuente.com.ar\/delpuente\/wp-json\/wp\/v2\/media?parent=1603"}],"curies":[{"name":"wp","href":"https:\/\/api.w.org\/{rel}","templated":true}]}}