{"id":1595,"date":"2025-03-20T00:30:56","date_gmt":"2025-03-20T03:30:56","guid":{"rendered":"https:\/\/edicionesdelpuente.com.ar\/delpuente\/?post_type=product&#038;p=1595"},"modified":"2025-11-02T22:45:43","modified_gmt":"2025-11-03T01:45:43","slug":"la-montana-ancestral","status":"publish","type":"product","link":"https:\/\/edicionesdelpuente.com.ar\/delpuente\/producto\/la-montana-ancestral\/","title":{"rendered":"La monta\u00f1a ancestral"},"content":{"rendered":"<p style=\"text-align: left\">Bajo los hielos eternos, escondidos de los ojos curiosos y codiciosos de los hombres, se encuentra un lugar donde la magia hace lo imposible. Arriba de ella, una monta\u00f1a se eleva por miles de metros. All\u00ed habita una poderosa tribu de mujeres que defender\u00e1 con su vida su hogar. Sin embargo, algunos sucesos remiten a una serie de profec\u00edas y visiones que Euvin, la jefa del poblado, no logra comprender. Mientras tanto, en el Sur, unos comerciantes se preparan para realizar la invasi\u00f3n y hacerse con el poder de la Monta\u00f1a Ancestral.<br \/>\nEste libro contin\u00faa con la historia de K\u00e1rtak, que junto a Tayrya, Lirina y Nak, la osa, har\u00e1 un camino para redescubrirse a s\u00ed mismo, redimirse de sus pecados y quiz\u00e1 resistir los peligros que acechan desde el futuro.<\/p>\n<p style=\"text-align: left\">Es una nueva historia del mundo m\u00e1gico originado por la magia del ajedrez.<\/p>\n","protected":false},"excerpt":{"rendered":"<h6><strong>Autor:<\/strong> Leonardo Giordanino<br \/>\n<strong>ISBN:<\/strong> 9786316534231<br \/>\n<strong>Fecha de Publicaci\u00f3n:<\/strong> Abril de 2025<br \/>\n<strong>348<\/strong> p\u00e1ginas<br \/>\n<strong>Formato:<\/strong> 16 cm x 23 cm<\/h6>\n<p>[vc_empty_space height=&#8221;20px&#8221;]<\/p>\n[button size='' style='' text='Le\u00e9 las primeras p\u00e1ginas' icon='fa-download' icon_color='#ffffff' link='https:\/\/edicionesdelpuente.com.ar\/delpuente\/wp-content\/uploads\/2025\/08\/La-Montana-Ancestral-lectura.pdf' target='_blank' color='#FFFFFF' hover_color='#FFFFFF' border_color='#B5B5B5' hover_border_color='#06ABBA' background_color='#B5B5B5' hover_background_color='#06ABBA' font_style='normal' font_weight='600' text_align='center' margin='']\n<p>&nbsp;<\/p>\n<p>&nbsp;<\/p>\n<p>&nbsp;<\/p>\n<p>&nbsp;<\/p>\n","protected":false},"featured_media":1596,"template":"","meta":[],"yoast_head":"<!-- This site is optimized with the Yoast SEO plugin v16.1.1 - https:\/\/yoast.com\/wordpress\/plugins\/seo\/ -->\n<title>La monta\u00f1a ancestral &ndash; Ediciones Del Puente<\/title>\n<link rel=\"canonical\" href=\"https:\/\/edicionesdelpuente.com.ar\/delpuente\/producto\/la-montana-ancestral\/\" \/>\n<meta property=\"og:locale\" content=\"es_ES\" \/>\n<meta property=\"og:type\" content=\"article\" \/>\n<meta property=\"og:title\" content=\"La monta\u00f1a ancestral &ndash; Ediciones Del Puente\" \/>\n<meta property=\"og:description\" content=\"Autor: Leonardo Giordanino ISBN: 9786316534231 Fecha de Publicaci\u00f3n: Abril de 2025 348 p\u00e1ginas Formato: 16 cm x 23 cm [vc_empty_space height=&quot;20px&quot;]    &nbsp;  &nbsp;  &nbsp;  &nbsp;\" \/>\n<meta property=\"og:url\" content=\"https:\/\/edicionesdelpuente.com.ar\/delpuente\/producto\/la-montana-ancestral\/\" \/>\n<meta property=\"og:site_name\" content=\"Ediciones Del Puente\" \/>\n<meta property=\"article:publisher\" content=\"https:\/\/www.facebook.com\/edicionesdelpuente\/\" \/>\n<meta property=\"article:modified_time\" content=\"2025-11-03T01:45:43+00:00\" \/>\n<meta property=\"og:image\" content=\"https:\/\/edicionesdelpuente.com.ar\/delpuente\/wp-content\/uploads\/2025\/03\/La-montana-ancestral-tapa-web-01-712x1024.png\" \/>\n\t<meta property=\"og:image:width\" content=\"712\" \/>\n\t<meta property=\"og:image:height\" content=\"1024\" \/>\n<meta name=\"twitter:card\" content=\"summary_large_image\" \/>\n<meta name=\"twitter:label1\" content=\"Tiempo de lectura\">\n\t<meta name=\"twitter:data1\" content=\"1 minuto\">\n<script type=\"application\/ld+json\" class=\"yoast-schema-graph\">{\"@context\":\"https:\/\/schema.org\",\"@graph\":[{\"@type\":\"Organization\",\"@id\":\"https:\/\/edicionesdelpuente.com.ar\/delpuente\/#organization\",\"name\":\"Ediciones Del Puente\",\"url\":\"https:\/\/edicionesdelpuente.com.ar\/delpuente\/\",\"sameAs\":[\"https:\/\/www.facebook.com\/edicionesdelpuente\/\",\"https:\/\/www.instagram.com\/edicionesdelpuente\/\"],\"logo\":{\"@type\":\"ImageObject\",\"@id\":\"https:\/\/edicionesdelpuente.com.ar\/delpuente\/#logo\",\"inLanguage\":\"es-AR\",\"url\":\"https:\/\/edicionesdelpuente.com.ar\/delpuente\/wp-content\/uploads\/2021\/03\/isologo-delpuente-adpt-1.png\",\"contentUrl\":\"https:\/\/edicionesdelpuente.com.ar\/delpuente\/wp-content\/uploads\/2021\/03\/isologo-delpuente-adpt-1.png\",\"width\":330,\"height\":275,\"caption\":\"Ediciones Del Puente\"},\"image\":{\"@id\":\"https:\/\/edicionesdelpuente.com.ar\/delpuente\/#logo\"}},{\"@type\":\"WebSite\",\"@id\":\"https:\/\/edicionesdelpuente.com.ar\/delpuente\/#website\",\"url\":\"https:\/\/edicionesdelpuente.com.ar\/delpuente\/\",\"name\":\"Ediciones Del Puente\",\"description\":\"Editorial\",\"publisher\":{\"@id\":\"https:\/\/edicionesdelpuente.com.ar\/delpuente\/#organization\"},\"potentialAction\":[{\"@type\":\"SearchAction\",\"target\":\"https:\/\/edicionesdelpuente.com.ar\/delpuente\/?s={search_term_string}\",\"query-input\":\"required name=search_term_string\"}],\"inLanguage\":\"es-AR\"},{\"@type\":\"ImageObject\",\"@id\":\"https:\/\/edicionesdelpuente.com.ar\/delpuente\/producto\/la-montana-ancestral\/#primaryimage\",\"inLanguage\":\"es-AR\",\"url\":\"https:\/\/edicionesdelpuente.com.ar\/delpuente\/wp-content\/uploads\/2025\/03\/La-montana-ancestral-tapa-web-01.png\",\"contentUrl\":\"https:\/\/edicionesdelpuente.com.ar\/delpuente\/wp-content\/uploads\/2025\/03\/La-montana-ancestral-tapa-web-01.png\",\"width\":1891,\"height\":2718},{\"@type\":\"WebPage\",\"@id\":\"https:\/\/edicionesdelpuente.com.ar\/delpuente\/producto\/la-montana-ancestral\/#webpage\",\"url\":\"https:\/\/edicionesdelpuente.com.ar\/delpuente\/producto\/la-montana-ancestral\/\",\"name\":\"La monta\\u00f1a ancestral &ndash; Ediciones Del Puente\",\"isPartOf\":{\"@id\":\"https:\/\/edicionesdelpuente.com.ar\/delpuente\/#website\"},\"primaryImageOfPage\":{\"@id\":\"https:\/\/edicionesdelpuente.com.ar\/delpuente\/producto\/la-montana-ancestral\/#primaryimage\"},\"datePublished\":\"2025-03-20T03:30:56+00:00\",\"dateModified\":\"2025-11-03T01:45:43+00:00\",\"breadcrumb\":{\"@id\":\"https:\/\/edicionesdelpuente.com.ar\/delpuente\/producto\/la-montana-ancestral\/#breadcrumb\"},\"inLanguage\":\"es-AR\",\"potentialAction\":[{\"@type\":\"ReadAction\",\"target\":[\"https:\/\/edicionesdelpuente.com.ar\/delpuente\/producto\/la-montana-ancestral\/\"]}]},{\"@type\":\"BreadcrumbList\",\"@id\":\"https:\/\/edicionesdelpuente.com.ar\/delpuente\/producto\/la-montana-ancestral\/#breadcrumb\",\"itemListElement\":[{\"@type\":\"ListItem\",\"position\":1,\"item\":{\"@type\":\"WebPage\",\"@id\":\"https:\/\/edicionesdelpuente.com.ar\/delpuente\/\",\"url\":\"https:\/\/edicionesdelpuente.com.ar\/delpuente\/\",\"name\":\"Inicio\"}},{\"@type\":\"ListItem\",\"position\":2,\"item\":{\"@type\":\"WebPage\",\"@id\":\"https:\/\/edicionesdelpuente.com.ar\/delpuente\/tienda\/\",\"url\":\"https:\/\/edicionesdelpuente.com.ar\/delpuente\/tienda\/\",\"name\":\"Cat\\u00e1logo\"}},{\"@type\":\"ListItem\",\"position\":3,\"item\":{\"@type\":\"WebPage\",\"@id\":\"https:\/\/edicionesdelpuente.com.ar\/delpuente\/producto\/la-montana-ancestral\/\",\"url\":\"https:\/\/edicionesdelpuente.com.ar\/delpuente\/producto\/la-montana-ancestral\/\",\"name\":\"La monta\\u00f1a ancestral\"}}]}]}<\/script>\n<!-- \/ Yoast SEO plugin. -->","_links":{"self":[{"href":"https:\/\/edicionesdelpuente.com.ar\/delpuente\/wp-json\/wp\/v2\/product\/1595"}],"collection":[{"href":"https:\/\/edicionesdelpuente.com.ar\/delpuente\/wp-json\/wp\/v2\/product"}],"about":[{"href":"https:\/\/edicionesdelpuente.com.ar\/delpuente\/wp-json\/wp\/v2\/types\/product"}],"wp:featuredmedia":[{"embeddable":true,"href":"https:\/\/edicionesdelpuente.com.ar\/delpuente\/wp-json\/wp\/v2\/media\/1596"}],"wp:attachment":[{"href":"https:\/\/edicionesdelpuente.com.ar\/delpuente\/wp-json\/wp\/v2\/media?parent=1595"}],"curies":[{"name":"wp","href":"https:\/\/api.w.org\/{rel}","templated":true}]}}