{"id":1581,"date":"2025-01-02T14:26:10","date_gmt":"2025-01-02T17:26:10","guid":{"rendered":"https:\/\/edicionesdelpuente.com.ar\/delpuente\/?post_type=product&#038;p=1581"},"modified":"2025-11-11T11:44:54","modified_gmt":"2025-11-11T14:44:54","slug":"yuyarikuy","status":"publish","type":"product","link":"https:\/\/edicionesdelpuente.com.ar\/delpuente\/producto\/yuyarikuy\/","title":{"rendered":"Yuyarikuy"},"content":{"rendered":"<p style=\"text-align: left\">A trav\u00e9s de cuentos, prosas y versos, el autor Jos\u00e9 Daniel Carranza, para los amigos el &#8220;topo&#8221;, vasco de padre y madre, entendido en leyes, rasgueador de cuerdas, gorjeador de coplas, zambas y chacareras, paisano serrano por nacimiento y comeching\u00f3n por admiraci\u00f3n; a trav\u00e9s de YUYARIKUY, palabra que simboliza, recuerdos, nostalgia en la lengua de los pueblos originarios, nos invita a viajar entre recuerdos, im\u00e1genes, colores, aromas, sabores, sensaciones e imaginaci\u00f3n, a las tierras aut\u00f3ctonas de nuestras queridas Sierras Cordobesas. Nos gu\u00eda de manera m\u00e1gica, y no por ello realista, a reconectar con nuestros or\u00edgenes, con la Pachamama, con la cultura e idiosincrasia de los primeros habitantes de estas tierras &#8220;Los Comechingones&#8221;; con historias contadas como escenas de la cotidianeidad, que van a conmover tu ser, y resonar en t\u00fa conciencia.<br \/>\nQuien ha sentido el imponente cobijo de nuestro cerro protector &#8221; el Champaqui\u201d, quien se ha ba\u00f1ado en los r\u00edos y arroyos dorados de yodo de nuestro valle serrano, quien ha sentido el aroma de nuestra flora silvestre, el perfume de la peperina, el sabor de un mate amargo cebado debajo de un \u00e1rbol pisando tierra barrida con escoba de paja; aquel que ha dormido la siesta a la sombra del molle, el que ha visto los colores del piquill\u00edn en contraste con algarrobos y aromitos, el que se ha ido a curar el empacho a la sanadora del pueblo; no puede dejar de leer esta maravillosa obra literaria. Al recorrer sus p\u00e1ginas ir\u00e1s adentr\u00e1ndote en cada piedra, en cada rinc\u00f3n, en cada cerro, encontrando la calidez de los sucesivos personajes sublimes de nuestra cultura local, como la curandera, el cantor, el gaucho, el aborigen, el ni\u00f1o, el anciano, el mentiroso.<br \/>\nEn si te encontraras con &#8220;los serranos&#8221; en sus diversas historias y leyendas, descriptos con tal precisi\u00f3n y detalle, que no hay Cordob\u00e9s, que no haya vivido esa experiencia, que inevitablemente no conecte con ese recuerdo primario, que nos acerca a la mam\u00e1, a la nona, a los amigos, a los paisanos del pago. Quien ha grabado en su retina alguna de estas an\u00e9cdotas, al leer estos versos, sentir\u00e1 que brota de su alma y de su ser, el afecto que nos une a todos los hijos de las Sierras Cordobesas con nuestra madre, con la fuente, con el origen, permiti\u00e9ndonos, a medida que cabalga el coraz\u00f3n en nuestro pecho y por la alegr\u00eda que nos traen los recuerdos, reflexionar sobre la propia existencia del hombre, que no es m\u00e1s que recordar los primeros amores y aprehender de los yerros y dolores, para que el \u00faltimo d\u00eda, cuando nos encuentre la muerte, podamos decir la \u201cpucha\u201d que vali\u00f3 la pena estar vivo, y haber estado, aunque sea un instante al pie de las Altas Cumbres, rodeados de c\u00f3ndores y minerales, siendo testigos y guardianes del noble esp\u00edritu Comeching\u00f3n.-<br \/>\nDe una vasca testaruda a un vasco perseverante que nos une el sentir por la poes\u00eda, la historia, el arte, y nuestras queridas Sierras de C\u00f3rdoba.<br \/>\n<em>Mar\u00eda de Luj\u00e1n Etchebar.<\/em><\/p>\n","protected":false},"excerpt":{"rendered":"<h6><strong>Autor: Jos\u00e9 Daniel &#8220;Topo&#8221; Carranza<\/strong><br \/>\n<strong>ISBN:<\/strong> 978-631-6534-25-5<br \/>\n<strong>Fecha de Publicaci\u00f3n:<\/strong> diciembre de 2024<br \/>\n<strong>196<\/strong>\u00a0p\u00e1ginas<br \/>\n<strong>Formato:<\/strong> 15 cm x 21 cm<\/h6>\n<p>&nbsp;<\/p>\n","protected":false},"featured_media":1582,"template":"","meta":[],"yoast_head":"<!-- This site is optimized with the Yoast SEO plugin v16.1.1 - https:\/\/yoast.com\/wordpress\/plugins\/seo\/ -->\n<title>Yuyarikuy &ndash; Ediciones Del Puente<\/title>\n<link rel=\"canonical\" href=\"https:\/\/edicionesdelpuente.com.ar\/delpuente\/producto\/yuyarikuy\/\" \/>\n<meta property=\"og:locale\" content=\"es_ES\" \/>\n<meta property=\"og:type\" content=\"article\" \/>\n<meta property=\"og:title\" content=\"Yuyarikuy &ndash; Ediciones Del Puente\" \/>\n<meta property=\"og:description\" content=\"Autor: Jos\u00e9 Daniel &quot;Topo&quot; Carranza ISBN: 978-631-6534-25-5 Fecha de Publicaci\u00f3n: diciembre de 2024 196\u00a0p\u00e1ginas Formato: 15 cm x 21 cm &nbsp;\" \/>\n<meta property=\"og:url\" content=\"https:\/\/edicionesdelpuente.com.ar\/delpuente\/producto\/yuyarikuy\/\" \/>\n<meta property=\"og:site_name\" content=\"Ediciones Del Puente\" \/>\n<meta property=\"article:publisher\" content=\"https:\/\/www.facebook.com\/edicionesdelpuente\/\" \/>\n<meta property=\"article:modified_time\" content=\"2025-11-11T14:44:54+00:00\" \/>\n<meta property=\"og:image\" content=\"https:\/\/edicionesdelpuente.com.ar\/delpuente\/wp-content\/uploads\/2025\/01\/Mesa-de-trabajo-1.png\" \/>\n\t<meta property=\"og:image:width\" content=\"427\" \/>\n\t<meta property=\"og:image:height\" content=\"595\" \/>\n<meta name=\"twitter:card\" content=\"summary_large_image\" \/>\n<meta name=\"twitter:label1\" content=\"Tiempo de lectura\">\n\t<meta name=\"twitter:data1\" content=\"3 minutos\">\n<script type=\"application\/ld+json\" class=\"yoast-schema-graph\">{\"@context\":\"https:\/\/schema.org\",\"@graph\":[{\"@type\":\"Organization\",\"@id\":\"https:\/\/edicionesdelpuente.com.ar\/delpuente\/#organization\",\"name\":\"Ediciones Del Puente\",\"url\":\"https:\/\/edicionesdelpuente.com.ar\/delpuente\/\",\"sameAs\":[\"https:\/\/www.facebook.com\/edicionesdelpuente\/\",\"https:\/\/www.instagram.com\/edicionesdelpuente\/\"],\"logo\":{\"@type\":\"ImageObject\",\"@id\":\"https:\/\/edicionesdelpuente.com.ar\/delpuente\/#logo\",\"inLanguage\":\"es-AR\",\"url\":\"https:\/\/edicionesdelpuente.com.ar\/delpuente\/wp-content\/uploads\/2021\/03\/isologo-delpuente-adpt-1.png\",\"contentUrl\":\"https:\/\/edicionesdelpuente.com.ar\/delpuente\/wp-content\/uploads\/2021\/03\/isologo-delpuente-adpt-1.png\",\"width\":330,\"height\":275,\"caption\":\"Ediciones Del Puente\"},\"image\":{\"@id\":\"https:\/\/edicionesdelpuente.com.ar\/delpuente\/#logo\"}},{\"@type\":\"WebSite\",\"@id\":\"https:\/\/edicionesdelpuente.com.ar\/delpuente\/#website\",\"url\":\"https:\/\/edicionesdelpuente.com.ar\/delpuente\/\",\"name\":\"Ediciones Del Puente\",\"description\":\"Editorial\",\"publisher\":{\"@id\":\"https:\/\/edicionesdelpuente.com.ar\/delpuente\/#organization\"},\"potentialAction\":[{\"@type\":\"SearchAction\",\"target\":\"https:\/\/edicionesdelpuente.com.ar\/delpuente\/?s={search_term_string}\",\"query-input\":\"required name=search_term_string\"}],\"inLanguage\":\"es-AR\"},{\"@type\":\"ImageObject\",\"@id\":\"https:\/\/edicionesdelpuente.com.ar\/delpuente\/producto\/yuyarikuy\/#primaryimage\",\"inLanguage\":\"es-AR\",\"url\":\"https:\/\/edicionesdelpuente.com.ar\/delpuente\/wp-content\/uploads\/2025\/01\/Mesa-de-trabajo-1.png\",\"contentUrl\":\"https:\/\/edicionesdelpuente.com.ar\/delpuente\/wp-content\/uploads\/2025\/01\/Mesa-de-trabajo-1.png\",\"width\":427,\"height\":595},{\"@type\":\"WebPage\",\"@id\":\"https:\/\/edicionesdelpuente.com.ar\/delpuente\/producto\/yuyarikuy\/#webpage\",\"url\":\"https:\/\/edicionesdelpuente.com.ar\/delpuente\/producto\/yuyarikuy\/\",\"name\":\"Yuyarikuy &ndash; Ediciones Del Puente\",\"isPartOf\":{\"@id\":\"https:\/\/edicionesdelpuente.com.ar\/delpuente\/#website\"},\"primaryImageOfPage\":{\"@id\":\"https:\/\/edicionesdelpuente.com.ar\/delpuente\/producto\/yuyarikuy\/#primaryimage\"},\"datePublished\":\"2025-01-02T17:26:10+00:00\",\"dateModified\":\"2025-11-11T14:44:54+00:00\",\"breadcrumb\":{\"@id\":\"https:\/\/edicionesdelpuente.com.ar\/delpuente\/producto\/yuyarikuy\/#breadcrumb\"},\"inLanguage\":\"es-AR\",\"potentialAction\":[{\"@type\":\"ReadAction\",\"target\":[\"https:\/\/edicionesdelpuente.com.ar\/delpuente\/producto\/yuyarikuy\/\"]}]},{\"@type\":\"BreadcrumbList\",\"@id\":\"https:\/\/edicionesdelpuente.com.ar\/delpuente\/producto\/yuyarikuy\/#breadcrumb\",\"itemListElement\":[{\"@type\":\"ListItem\",\"position\":1,\"item\":{\"@type\":\"WebPage\",\"@id\":\"https:\/\/edicionesdelpuente.com.ar\/delpuente\/\",\"url\":\"https:\/\/edicionesdelpuente.com.ar\/delpuente\/\",\"name\":\"Inicio\"}},{\"@type\":\"ListItem\",\"position\":2,\"item\":{\"@type\":\"WebPage\",\"@id\":\"https:\/\/edicionesdelpuente.com.ar\/delpuente\/tienda\/\",\"url\":\"https:\/\/edicionesdelpuente.com.ar\/delpuente\/tienda\/\",\"name\":\"Cat\\u00e1logo\"}},{\"@type\":\"ListItem\",\"position\":3,\"item\":{\"@type\":\"WebPage\",\"@id\":\"https:\/\/edicionesdelpuente.com.ar\/delpuente\/producto\/yuyarikuy\/\",\"url\":\"https:\/\/edicionesdelpuente.com.ar\/delpuente\/producto\/yuyarikuy\/\",\"name\":\"Yuyarikuy\"}}]}]}<\/script>\n<!-- \/ Yoast SEO plugin. -->","_links":{"self":[{"href":"https:\/\/edicionesdelpuente.com.ar\/delpuente\/wp-json\/wp\/v2\/product\/1581"}],"collection":[{"href":"https:\/\/edicionesdelpuente.com.ar\/delpuente\/wp-json\/wp\/v2\/product"}],"about":[{"href":"https:\/\/edicionesdelpuente.com.ar\/delpuente\/wp-json\/wp\/v2\/types\/product"}],"wp:featuredmedia":[{"embeddable":true,"href":"https:\/\/edicionesdelpuente.com.ar\/delpuente\/wp-json\/wp\/v2\/media\/1582"}],"wp:attachment":[{"href":"https:\/\/edicionesdelpuente.com.ar\/delpuente\/wp-json\/wp\/v2\/media?parent=1581"}],"curies":[{"name":"wp","href":"https:\/\/api.w.org\/{rel}","templated":true}]}}