{"id":1576,"date":"2025-02-12T22:54:26","date_gmt":"2025-02-13T01:54:26","guid":{"rendered":"https:\/\/edicionesdelpuente.com.ar\/delpuente\/?post_type=product&#038;p=1576"},"modified":"2025-03-06T12:34:59","modified_gmt":"2025-03-06T15:34:59","slug":"sonar-castillos-de-justicia","status":"publish","type":"product","link":"https:\/\/edicionesdelpuente.com.ar\/delpuente\/producto\/sonar-castillos-de-justicia\/","title":{"rendered":"So\u00f1ar castillos de justicia"},"content":{"rendered":"<p style=\"text-align: left\">\u201cEn este libro sensible, necesario y riguroso en el oficio de historiar, Eduardo Escudero nos aparece a Alberto Pinto, tomando para s\u00ed el compromiso de una autor\u00eda que expresa adem\u00e1s un esfuerzo coral, a muchas voces. Muchas voces que, entre c\u00e1lidas manos, nos devuelven abrazada la vida de Alberto, un represaliado por la dictadura militar que antes fue, m\u00e1s bien, una vida en busca de su plenitud y dignidad en un derrotero multiforme que el libro ilumina. (\u2026) La vida de Alberto fue truncada en medio de las m\u00e1s tremendas injusticias, pero este libro, junto con todas las acciones de memoria con las que se emparenta, recupera una vida plagada de sue\u00f1os de justicia\u201d<br \/>\n<em>Carol Solis<\/em><br \/>\n<em>Historiadora, Universidad Nacional de C\u00f3rdoba<\/em><\/p>\n<p style=\"text-align: left\">\u201cEs m\u00e1s que un libro de historia y es m\u00e1s que un libro sobre Alberto Pinto. Es un libro que nos interpela desde la m\u00e1s profunda humanidad acerca de lo ocurrido durante el terrorismo de estado, para aprender y para ense\u00f1ar sobre Derechos Humanos. (&#8230;) Es un libro que contribuye a fortalecer y renovar los consensos en torno al \u201cNUNCA M\u00c1S\u201d, a la generaci\u00f3n de reflexiones y sentimientos democr\u00e1ticos y de defensa del Estado de Derecho y a la plena vigencia de los Derechos Humanos en la Argentina&#8230; Y me parece importante en este punto hablar de sentimientos, porque no hay manera de permanecer indiferente, de no emocionarse, de no estremecerse tras la lectura de este libro, tras conocer la historia de Alberto Pinto\u201d<br \/>\n<em>Rosa Cattana<\/em><br \/>\n<em>Coordinadora del Observatorio de Derechos Humanos de la Universidad Nacional de R\u00edo Cuarto.<\/em><\/p>\n","protected":false},"excerpt":{"rendered":"<h4>Alberto Pinto (1937-1979)<\/h4>\n<h6><strong>Autor: Eduardo Escudero<\/strong><br \/>\n<strong>ISBN:<\/strong> 978-631-6534-18-7<br \/>\n<strong>Fecha de Publicaci\u00f3n:<\/strong> septiembre de 2024<br \/>\n<strong>128<\/strong>\u00a0p\u00e1ginas<br \/>\n<strong>Formato:<\/strong> 15 cm x 21 cm<\/h6>\n<p>[vc_empty_space height=&#8221;20px&#8221;]<\/p>\n[button size='' style='' text='Descargar versi\u00f3n digital' icon='fa-download' icon_color='#ffffff' link='https:\/\/edicionesdelpuente.com.ar\/delpuente\/wp-content\/uploads\/2025\/03\/Sonar-castillos-de-justicia-ebook.pdf' target='_blank' color='#FFFFFF' hover_color='#FFFFFF' border_color='#B5B5B5' hover_border_color='#06ABBA' background_color='#B5B5B5' hover_background_color='#06ABBA' font_style='normal' font_weight='600' text_align='center' margin='']\n<p>&nbsp;<\/p>\n","protected":false},"featured_media":1577,"template":"","meta":[],"yoast_head":"<!-- This site is optimized with the Yoast SEO plugin v16.1.1 - https:\/\/yoast.com\/wordpress\/plugins\/seo\/ -->\n<title>So\u00f1ar castillos de justicia &ndash; Ediciones Del Puente<\/title>\n<link rel=\"canonical\" href=\"https:\/\/edicionesdelpuente.com.ar\/delpuente\/producto\/sonar-castillos-de-justicia\/\" \/>\n<meta property=\"og:locale\" content=\"es_ES\" \/>\n<meta property=\"og:type\" content=\"article\" \/>\n<meta property=\"og:title\" content=\"So\u00f1ar castillos de justicia &ndash; Ediciones Del Puente\" \/>\n<meta property=\"og:description\" content=\"Alberto Pinto (1937-1979) Autor: Eduardo Escudero ISBN: 978-631-6534-18-7 Fecha de Publicaci\u00f3n: septiembre de 2024 128\u00a0p\u00e1ginas Formato: 15 cm x 21 cm [vc_empty_space height=&quot;20px&quot;]    &nbsp;\" \/>\n<meta property=\"og:url\" content=\"https:\/\/edicionesdelpuente.com.ar\/delpuente\/producto\/sonar-castillos-de-justicia\/\" \/>\n<meta property=\"og:site_name\" content=\"Ediciones Del Puente\" \/>\n<meta property=\"article:publisher\" content=\"https:\/\/www.facebook.com\/edicionesdelpuente\/\" \/>\n<meta property=\"article:modified_time\" content=\"2025-03-06T15:34:59+00:00\" \/>\n<meta property=\"og:image\" content=\"https:\/\/edicionesdelpuente.com.ar\/delpuente\/wp-content\/uploads\/2024\/09\/Sonar-Castillos_portada-1-731x1024.png\" \/>\n\t<meta property=\"og:image:width\" content=\"731\" \/>\n\t<meta property=\"og:image:height\" content=\"1024\" \/>\n<meta name=\"twitter:card\" content=\"summary_large_image\" \/>\n<meta name=\"twitter:label1\" content=\"Tiempo de lectura\">\n\t<meta name=\"twitter:data1\" content=\"2 minutos\">\n<script type=\"application\/ld+json\" class=\"yoast-schema-graph\">{\"@context\":\"https:\/\/schema.org\",\"@graph\":[{\"@type\":\"Organization\",\"@id\":\"https:\/\/edicionesdelpuente.com.ar\/delpuente\/#organization\",\"name\":\"Ediciones Del Puente\",\"url\":\"https:\/\/edicionesdelpuente.com.ar\/delpuente\/\",\"sameAs\":[\"https:\/\/www.facebook.com\/edicionesdelpuente\/\",\"https:\/\/www.instagram.com\/edicionesdelpuente\/\"],\"logo\":{\"@type\":\"ImageObject\",\"@id\":\"https:\/\/edicionesdelpuente.com.ar\/delpuente\/#logo\",\"inLanguage\":\"es-AR\",\"url\":\"https:\/\/edicionesdelpuente.com.ar\/delpuente\/wp-content\/uploads\/2021\/03\/isologo-delpuente-adpt-1.png\",\"contentUrl\":\"https:\/\/edicionesdelpuente.com.ar\/delpuente\/wp-content\/uploads\/2021\/03\/isologo-delpuente-adpt-1.png\",\"width\":330,\"height\":275,\"caption\":\"Ediciones Del Puente\"},\"image\":{\"@id\":\"https:\/\/edicionesdelpuente.com.ar\/delpuente\/#logo\"}},{\"@type\":\"WebSite\",\"@id\":\"https:\/\/edicionesdelpuente.com.ar\/delpuente\/#website\",\"url\":\"https:\/\/edicionesdelpuente.com.ar\/delpuente\/\",\"name\":\"Ediciones Del Puente\",\"description\":\"Editorial\",\"publisher\":{\"@id\":\"https:\/\/edicionesdelpuente.com.ar\/delpuente\/#organization\"},\"potentialAction\":[{\"@type\":\"SearchAction\",\"target\":\"https:\/\/edicionesdelpuente.com.ar\/delpuente\/?s={search_term_string}\",\"query-input\":\"required name=search_term_string\"}],\"inLanguage\":\"es-AR\"},{\"@type\":\"ImageObject\",\"@id\":\"https:\/\/edicionesdelpuente.com.ar\/delpuente\/producto\/sonar-castillos-de-justicia\/#primaryimage\",\"inLanguage\":\"es-AR\",\"url\":\"https:\/\/edicionesdelpuente.com.ar\/delpuente\/wp-content\/uploads\/2024\/09\/Sonar-Castillos_portada-1.png\",\"contentUrl\":\"https:\/\/edicionesdelpuente.com.ar\/delpuente\/wp-content\/uploads\/2024\/09\/Sonar-Castillos_portada-1.png\",\"width\":1772,\"height\":2481},{\"@type\":\"WebPage\",\"@id\":\"https:\/\/edicionesdelpuente.com.ar\/delpuente\/producto\/sonar-castillos-de-justicia\/#webpage\",\"url\":\"https:\/\/edicionesdelpuente.com.ar\/delpuente\/producto\/sonar-castillos-de-justicia\/\",\"name\":\"So\\u00f1ar castillos de justicia &ndash; Ediciones Del Puente\",\"isPartOf\":{\"@id\":\"https:\/\/edicionesdelpuente.com.ar\/delpuente\/#website\"},\"primaryImageOfPage\":{\"@id\":\"https:\/\/edicionesdelpuente.com.ar\/delpuente\/producto\/sonar-castillos-de-justicia\/#primaryimage\"},\"datePublished\":\"2025-02-13T01:54:26+00:00\",\"dateModified\":\"2025-03-06T15:34:59+00:00\",\"breadcrumb\":{\"@id\":\"https:\/\/edicionesdelpuente.com.ar\/delpuente\/producto\/sonar-castillos-de-justicia\/#breadcrumb\"},\"inLanguage\":\"es-AR\",\"potentialAction\":[{\"@type\":\"ReadAction\",\"target\":[\"https:\/\/edicionesdelpuente.com.ar\/delpuente\/producto\/sonar-castillos-de-justicia\/\"]}]},{\"@type\":\"BreadcrumbList\",\"@id\":\"https:\/\/edicionesdelpuente.com.ar\/delpuente\/producto\/sonar-castillos-de-justicia\/#breadcrumb\",\"itemListElement\":[{\"@type\":\"ListItem\",\"position\":1,\"item\":{\"@type\":\"WebPage\",\"@id\":\"https:\/\/edicionesdelpuente.com.ar\/delpuente\/\",\"url\":\"https:\/\/edicionesdelpuente.com.ar\/delpuente\/\",\"name\":\"Inicio\"}},{\"@type\":\"ListItem\",\"position\":2,\"item\":{\"@type\":\"WebPage\",\"@id\":\"https:\/\/edicionesdelpuente.com.ar\/delpuente\/tienda\/\",\"url\":\"https:\/\/edicionesdelpuente.com.ar\/delpuente\/tienda\/\",\"name\":\"Cat\\u00e1logo\"}},{\"@type\":\"ListItem\",\"position\":3,\"item\":{\"@type\":\"WebPage\",\"@id\":\"https:\/\/edicionesdelpuente.com.ar\/delpuente\/producto\/sonar-castillos-de-justicia\/\",\"url\":\"https:\/\/edicionesdelpuente.com.ar\/delpuente\/producto\/sonar-castillos-de-justicia\/\",\"name\":\"So\\u00f1ar castillos de justicia\"}}]}]}<\/script>\n<!-- \/ Yoast SEO plugin. -->","_links":{"self":[{"href":"https:\/\/edicionesdelpuente.com.ar\/delpuente\/wp-json\/wp\/v2\/product\/1576"}],"collection":[{"href":"https:\/\/edicionesdelpuente.com.ar\/delpuente\/wp-json\/wp\/v2\/product"}],"about":[{"href":"https:\/\/edicionesdelpuente.com.ar\/delpuente\/wp-json\/wp\/v2\/types\/product"}],"wp:featuredmedia":[{"embeddable":true,"href":"https:\/\/edicionesdelpuente.com.ar\/delpuente\/wp-json\/wp\/v2\/media\/1577"}],"wp:attachment":[{"href":"https:\/\/edicionesdelpuente.com.ar\/delpuente\/wp-json\/wp\/v2\/media?parent=1576"}],"curies":[{"name":"wp","href":"https:\/\/api.w.org\/{rel}","templated":true}]}}