{"id":1573,"date":"2024-05-09T18:32:53","date_gmt":"2024-05-09T21:32:53","guid":{"rendered":"https:\/\/edicionesdelpuente.com.ar\/delpuente\/?post_type=product&#038;p=1573"},"modified":"2025-01-02T14:36:36","modified_gmt":"2025-01-02T17:36:36","slug":"soniando-en-cleta","status":"publish","type":"product","link":"https:\/\/edicionesdelpuente.com.ar\/delpuente\/producto\/soniando-en-cleta\/","title":{"rendered":"Soniando en cleta"},"content":{"rendered":"<p style=\"text-align: left\">Una tarde tranquila de playa en Tailandia, all\u00e1 por abril de 2022, tres j\u00f3venes de Laboulaye, C\u00f3rdoba, tuvieron la idea de hacer un viaje en bicicleta hasta Catar, para presenciar la copa del mundo y alentar a la selecci\u00f3n Argentina. El comienzo ser\u00eda en Nepal, aunque luego por situaciones socio-pol\u00edticas no fue posible y comenzaron su viaje desde Italia.<\/p>\n<p>Cero organizaci\u00f3n. El tridente de Laboulaye se lleva bien con la incertidumbre y as\u00ed fue como transitaron los 7 meses de viaje por 14 pa\u00edses hasta llegar a Doha, un 16 de noviembre, de la mano de Mabkhout, su padrino catar\u00ed.<\/p>\n<p style=\"text-align: left\">Cada d\u00eda era un nuevo viaje y hab\u00eda que estar preparado para cualquier escenario. Desde dormir en mezquitas, colegios, remiserias, abrazando la hospitalidad de pueblos remotos, conociendo lugares incre\u00edbles; a estar presos en Ir\u00e1n, retenidos en fronteras, accidente en autopista y un par de cosas m\u00e1s\u2026<\/p>\n<p style=\"text-align: left\">Al final, fue un poco m\u00e1s que \u201cSo\u00f1ar en Cleta\u201d. El equipo volvi\u00f3 a sus tierras para celebrar A\u00f1o Nuevo con la copa del mundo como centro de mesa. Perm\u00edtanse so\u00f1ar. \u00bfC\u00f3mo van a convencerme de que la magia no existe?<\/p>\n","protected":false},"excerpt":{"rendered":"<h6><strong>Autor:<\/strong> Franco Bussi<br \/>\n<strong>ISBN: 9786316534132<\/strong><br \/>\n<strong>Fecha de Publicaci\u00f3n:<\/strong> abril de 2024<br \/>\n<strong>150<\/strong>\u00a0p\u00e1ginas<br \/>\n<strong>Formato:<\/strong> 14 cm x 20 cm<\/h6>\n<p>&nbsp;<\/p>\n","protected":false},"featured_media":1574,"template":"","meta":[],"yoast_head":"<!-- This site is optimized with the Yoast SEO plugin v16.1.1 - https:\/\/yoast.com\/wordpress\/plugins\/seo\/ -->\n<title>Soniando en cleta &ndash; Ediciones Del Puente<\/title>\n<link rel=\"canonical\" href=\"https:\/\/edicionesdelpuente.com.ar\/delpuente\/producto\/soniando-en-cleta\/\" \/>\n<meta property=\"og:locale\" content=\"es_ES\" \/>\n<meta property=\"og:type\" content=\"article\" \/>\n<meta property=\"og:title\" content=\"Soniando en cleta &ndash; Ediciones Del Puente\" \/>\n<meta property=\"og:description\" content=\"Autor: Franco Bussi ISBN: 9786316534132 Fecha de Publicaci\u00f3n: abril de 2024 150\u00a0p\u00e1ginas Formato: 14 cm x 20 cm &nbsp;\" \/>\n<meta property=\"og:url\" content=\"https:\/\/edicionesdelpuente.com.ar\/delpuente\/producto\/soniando-en-cleta\/\" \/>\n<meta property=\"og:site_name\" content=\"Ediciones Del Puente\" \/>\n<meta property=\"article:publisher\" content=\"https:\/\/www.facebook.com\/edicionesdelpuente\/\" \/>\n<meta property=\"article:modified_time\" content=\"2025-01-02T17:36:36+00:00\" \/>\n<meta property=\"og:image\" content=\"https:\/\/edicionesdelpuente.com.ar\/delpuente\/wp-content\/uploads\/2024\/05\/SONIANDO-CON-CLETA-tapa-frente-01.png\" \/>\n\t<meta property=\"og:image:width\" content=\"1478\" \/>\n\t<meta property=\"og:image:height\" content=\"2068\" \/>\n<meta name=\"twitter:card\" content=\"summary_large_image\" \/>\n<meta name=\"twitter:label1\" content=\"Tiempo de lectura\">\n\t<meta name=\"twitter:data1\" content=\"1 minuto\">\n<script type=\"application\/ld+json\" class=\"yoast-schema-graph\">{\"@context\":\"https:\/\/schema.org\",\"@graph\":[{\"@type\":\"Organization\",\"@id\":\"https:\/\/edicionesdelpuente.com.ar\/delpuente\/#organization\",\"name\":\"Ediciones Del Puente\",\"url\":\"https:\/\/edicionesdelpuente.com.ar\/delpuente\/\",\"sameAs\":[\"https:\/\/www.facebook.com\/edicionesdelpuente\/\",\"https:\/\/www.instagram.com\/edicionesdelpuente\/\"],\"logo\":{\"@type\":\"ImageObject\",\"@id\":\"https:\/\/edicionesdelpuente.com.ar\/delpuente\/#logo\",\"inLanguage\":\"es-AR\",\"url\":\"https:\/\/edicionesdelpuente.com.ar\/delpuente\/wp-content\/uploads\/2021\/03\/isologo-delpuente-adpt-1.png\",\"contentUrl\":\"https:\/\/edicionesdelpuente.com.ar\/delpuente\/wp-content\/uploads\/2021\/03\/isologo-delpuente-adpt-1.png\",\"width\":330,\"height\":275,\"caption\":\"Ediciones Del Puente\"},\"image\":{\"@id\":\"https:\/\/edicionesdelpuente.com.ar\/delpuente\/#logo\"}},{\"@type\":\"WebSite\",\"@id\":\"https:\/\/edicionesdelpuente.com.ar\/delpuente\/#website\",\"url\":\"https:\/\/edicionesdelpuente.com.ar\/delpuente\/\",\"name\":\"Ediciones Del Puente\",\"description\":\"Editorial\",\"publisher\":{\"@id\":\"https:\/\/edicionesdelpuente.com.ar\/delpuente\/#organization\"},\"potentialAction\":[{\"@type\":\"SearchAction\",\"target\":\"https:\/\/edicionesdelpuente.com.ar\/delpuente\/?s={search_term_string}\",\"query-input\":\"required name=search_term_string\"}],\"inLanguage\":\"es-AR\"},{\"@type\":\"ImageObject\",\"@id\":\"https:\/\/edicionesdelpuente.com.ar\/delpuente\/producto\/soniando-en-cleta\/#primaryimage\",\"inLanguage\":\"es-AR\",\"url\":\"https:\/\/edicionesdelpuente.com.ar\/delpuente\/wp-content\/uploads\/2024\/05\/SONIANDO-CON-CLETA-tapa-frente-01.png\",\"contentUrl\":\"https:\/\/edicionesdelpuente.com.ar\/delpuente\/wp-content\/uploads\/2024\/05\/SONIANDO-CON-CLETA-tapa-frente-01.png\",\"width\":1478,\"height\":2068},{\"@type\":\"WebPage\",\"@id\":\"https:\/\/edicionesdelpuente.com.ar\/delpuente\/producto\/soniando-en-cleta\/#webpage\",\"url\":\"https:\/\/edicionesdelpuente.com.ar\/delpuente\/producto\/soniando-en-cleta\/\",\"name\":\"Soniando en cleta &ndash; Ediciones Del Puente\",\"isPartOf\":{\"@id\":\"https:\/\/edicionesdelpuente.com.ar\/delpuente\/#website\"},\"primaryImageOfPage\":{\"@id\":\"https:\/\/edicionesdelpuente.com.ar\/delpuente\/producto\/soniando-en-cleta\/#primaryimage\"},\"datePublished\":\"2024-05-09T21:32:53+00:00\",\"dateModified\":\"2025-01-02T17:36:36+00:00\",\"breadcrumb\":{\"@id\":\"https:\/\/edicionesdelpuente.com.ar\/delpuente\/producto\/soniando-en-cleta\/#breadcrumb\"},\"inLanguage\":\"es-AR\",\"potentialAction\":[{\"@type\":\"ReadAction\",\"target\":[\"https:\/\/edicionesdelpuente.com.ar\/delpuente\/producto\/soniando-en-cleta\/\"]}]},{\"@type\":\"BreadcrumbList\",\"@id\":\"https:\/\/edicionesdelpuente.com.ar\/delpuente\/producto\/soniando-en-cleta\/#breadcrumb\",\"itemListElement\":[{\"@type\":\"ListItem\",\"position\":1,\"item\":{\"@type\":\"WebPage\",\"@id\":\"https:\/\/edicionesdelpuente.com.ar\/delpuente\/\",\"url\":\"https:\/\/edicionesdelpuente.com.ar\/delpuente\/\",\"name\":\"Inicio\"}},{\"@type\":\"ListItem\",\"position\":2,\"item\":{\"@type\":\"WebPage\",\"@id\":\"https:\/\/edicionesdelpuente.com.ar\/delpuente\/tienda\/\",\"url\":\"https:\/\/edicionesdelpuente.com.ar\/delpuente\/tienda\/\",\"name\":\"Cat\\u00e1logo\"}},{\"@type\":\"ListItem\",\"position\":3,\"item\":{\"@type\":\"WebPage\",\"@id\":\"https:\/\/edicionesdelpuente.com.ar\/delpuente\/producto\/soniando-en-cleta\/\",\"url\":\"https:\/\/edicionesdelpuente.com.ar\/delpuente\/producto\/soniando-en-cleta\/\",\"name\":\"Soniando en cleta\"}}]}]}<\/script>\n<!-- \/ Yoast SEO plugin. -->","_links":{"self":[{"href":"https:\/\/edicionesdelpuente.com.ar\/delpuente\/wp-json\/wp\/v2\/product\/1573"}],"collection":[{"href":"https:\/\/edicionesdelpuente.com.ar\/delpuente\/wp-json\/wp\/v2\/product"}],"about":[{"href":"https:\/\/edicionesdelpuente.com.ar\/delpuente\/wp-json\/wp\/v2\/types\/product"}],"wp:featuredmedia":[{"embeddable":true,"href":"https:\/\/edicionesdelpuente.com.ar\/delpuente\/wp-json\/wp\/v2\/media\/1574"}],"wp:attachment":[{"href":"https:\/\/edicionesdelpuente.com.ar\/delpuente\/wp-json\/wp\/v2\/media?parent=1573"}],"curies":[{"name":"wp","href":"https:\/\/api.w.org\/{rel}","templated":true}]}}