{"id":1570,"date":"2024-05-08T23:07:15","date_gmt":"2024-05-09T02:07:15","guid":{"rendered":"https:\/\/edicionesdelpuente.com.ar\/delpuente\/?post_type=product&#038;p=1570"},"modified":"2025-11-02T22:33:08","modified_gmt":"2025-11-03T01:33:08","slug":"ecos","status":"publish","type":"product","link":"https:\/\/edicionesdelpuente.com.ar\/delpuente\/producto\/ecos\/","title":{"rendered":"ECOS"},"content":{"rendered":"<p style=\"text-align: left\">Nuestra piel y nuestra voz son un infinito resueno. La palabra. Esa voz latente. Vaiv\u00e9n de ecos. Lo que decimos y escuchamos flota y pasea inevitablemente por el cosmos y se convierte en energ\u00eda. Somos esa energ\u00eda y transmutamos pasionales deseos de encuentros con otros seres que dan forma a lo que la tierra es: El refugio del fragor del alma en versos.<\/p>\n","protected":false},"excerpt":{"rendered":"<h6><strong>Autor:<\/strong> Juan Nahuen Puebla Cocco<br \/>\n<strong>ISBN:<\/strong> 9786316534156<br \/>\n<strong>Fecha de Publicaci\u00f3n:<\/strong> mayo de 2024<br \/>\n<strong>50<\/strong>\u00a0p\u00e1ginas<br \/>\n<strong>Formato:<\/strong> 14 cm x 20 cm<\/h6>\n<p>&nbsp;<\/p>\n","protected":false},"featured_media":1571,"template":"","meta":[],"yoast_head":"<!-- This site is optimized with the Yoast SEO plugin v16.1.1 - https:\/\/yoast.com\/wordpress\/plugins\/seo\/ -->\n<title>ECOS &ndash; Ediciones Del Puente<\/title>\n<link rel=\"canonical\" href=\"https:\/\/edicionesdelpuente.com.ar\/delpuente\/producto\/ecos\/\" \/>\n<meta property=\"og:locale\" content=\"es_ES\" \/>\n<meta property=\"og:type\" content=\"article\" \/>\n<meta property=\"og:title\" content=\"ECOS &ndash; Ediciones Del Puente\" \/>\n<meta property=\"og:description\" content=\"Autor: Juan Nahuen Puebla Cocco ISBN: 9786316534156 Fecha de Publicaci\u00f3n: mayo de 2024 50\u00a0p\u00e1ginas Formato: 14 cm x 20 cm &nbsp;\" \/>\n<meta property=\"og:url\" content=\"https:\/\/edicionesdelpuente.com.ar\/delpuente\/producto\/ecos\/\" \/>\n<meta property=\"og:site_name\" content=\"Ediciones Del Puente\" \/>\n<meta property=\"article:publisher\" content=\"https:\/\/www.facebook.com\/edicionesdelpuente\/\" \/>\n<meta property=\"article:modified_time\" content=\"2025-11-03T01:33:08+00:00\" \/>\n<meta property=\"og:image\" content=\"https:\/\/edicionesdelpuente.com.ar\/delpuente\/wp-content\/uploads\/2024\/05\/Ecos_tapa-web-01-01-717x1024.png\" \/>\n\t<meta property=\"og:image:width\" content=\"717\" \/>\n\t<meta property=\"og:image:height\" content=\"1024\" \/>\n<meta name=\"twitter:card\" content=\"summary_large_image\" \/>\n<meta name=\"twitter:label1\" content=\"Tiempo de lectura\">\n\t<meta name=\"twitter:data1\" content=\"1 minuto\">\n<script type=\"application\/ld+json\" class=\"yoast-schema-graph\">{\"@context\":\"https:\/\/schema.org\",\"@graph\":[{\"@type\":\"Organization\",\"@id\":\"https:\/\/edicionesdelpuente.com.ar\/delpuente\/#organization\",\"name\":\"Ediciones Del Puente\",\"url\":\"https:\/\/edicionesdelpuente.com.ar\/delpuente\/\",\"sameAs\":[\"https:\/\/www.facebook.com\/edicionesdelpuente\/\",\"https:\/\/www.instagram.com\/edicionesdelpuente\/\"],\"logo\":{\"@type\":\"ImageObject\",\"@id\":\"https:\/\/edicionesdelpuente.com.ar\/delpuente\/#logo\",\"inLanguage\":\"es-AR\",\"url\":\"https:\/\/edicionesdelpuente.com.ar\/delpuente\/wp-content\/uploads\/2021\/03\/isologo-delpuente-adpt-1.png\",\"contentUrl\":\"https:\/\/edicionesdelpuente.com.ar\/delpuente\/wp-content\/uploads\/2021\/03\/isologo-delpuente-adpt-1.png\",\"width\":330,\"height\":275,\"caption\":\"Ediciones Del Puente\"},\"image\":{\"@id\":\"https:\/\/edicionesdelpuente.com.ar\/delpuente\/#logo\"}},{\"@type\":\"WebSite\",\"@id\":\"https:\/\/edicionesdelpuente.com.ar\/delpuente\/#website\",\"url\":\"https:\/\/edicionesdelpuente.com.ar\/delpuente\/\",\"name\":\"Ediciones Del Puente\",\"description\":\"Editorial\",\"publisher\":{\"@id\":\"https:\/\/edicionesdelpuente.com.ar\/delpuente\/#organization\"},\"potentialAction\":[{\"@type\":\"SearchAction\",\"target\":\"https:\/\/edicionesdelpuente.com.ar\/delpuente\/?s={search_term_string}\",\"query-input\":\"required name=search_term_string\"}],\"inLanguage\":\"es-AR\"},{\"@type\":\"ImageObject\",\"@id\":\"https:\/\/edicionesdelpuente.com.ar\/delpuente\/producto\/ecos\/#primaryimage\",\"inLanguage\":\"es-AR\",\"url\":\"https:\/\/edicionesdelpuente.com.ar\/delpuente\/wp-content\/uploads\/2024\/05\/Ecos_tapa-web-01-01.png\",\"contentUrl\":\"https:\/\/edicionesdelpuente.com.ar\/delpuente\/wp-content\/uploads\/2024\/05\/Ecos_tapa-web-01-01.png\",\"width\":1103,\"height\":1576},{\"@type\":\"WebPage\",\"@id\":\"https:\/\/edicionesdelpuente.com.ar\/delpuente\/producto\/ecos\/#webpage\",\"url\":\"https:\/\/edicionesdelpuente.com.ar\/delpuente\/producto\/ecos\/\",\"name\":\"ECOS &ndash; Ediciones Del Puente\",\"isPartOf\":{\"@id\":\"https:\/\/edicionesdelpuente.com.ar\/delpuente\/#website\"},\"primaryImageOfPage\":{\"@id\":\"https:\/\/edicionesdelpuente.com.ar\/delpuente\/producto\/ecos\/#primaryimage\"},\"datePublished\":\"2024-05-09T02:07:15+00:00\",\"dateModified\":\"2025-11-03T01:33:08+00:00\",\"breadcrumb\":{\"@id\":\"https:\/\/edicionesdelpuente.com.ar\/delpuente\/producto\/ecos\/#breadcrumb\"},\"inLanguage\":\"es-AR\",\"potentialAction\":[{\"@type\":\"ReadAction\",\"target\":[\"https:\/\/edicionesdelpuente.com.ar\/delpuente\/producto\/ecos\/\"]}]},{\"@type\":\"BreadcrumbList\",\"@id\":\"https:\/\/edicionesdelpuente.com.ar\/delpuente\/producto\/ecos\/#breadcrumb\",\"itemListElement\":[{\"@type\":\"ListItem\",\"position\":1,\"item\":{\"@type\":\"WebPage\",\"@id\":\"https:\/\/edicionesdelpuente.com.ar\/delpuente\/\",\"url\":\"https:\/\/edicionesdelpuente.com.ar\/delpuente\/\",\"name\":\"Inicio\"}},{\"@type\":\"ListItem\",\"position\":2,\"item\":{\"@type\":\"WebPage\",\"@id\":\"https:\/\/edicionesdelpuente.com.ar\/delpuente\/tienda\/\",\"url\":\"https:\/\/edicionesdelpuente.com.ar\/delpuente\/tienda\/\",\"name\":\"Cat\\u00e1logo\"}},{\"@type\":\"ListItem\",\"position\":3,\"item\":{\"@type\":\"WebPage\",\"@id\":\"https:\/\/edicionesdelpuente.com.ar\/delpuente\/producto\/ecos\/\",\"url\":\"https:\/\/edicionesdelpuente.com.ar\/delpuente\/producto\/ecos\/\",\"name\":\"ECOS\"}}]}]}<\/script>\n<!-- \/ Yoast SEO plugin. -->","_links":{"self":[{"href":"https:\/\/edicionesdelpuente.com.ar\/delpuente\/wp-json\/wp\/v2\/product\/1570"}],"collection":[{"href":"https:\/\/edicionesdelpuente.com.ar\/delpuente\/wp-json\/wp\/v2\/product"}],"about":[{"href":"https:\/\/edicionesdelpuente.com.ar\/delpuente\/wp-json\/wp\/v2\/types\/product"}],"wp:featuredmedia":[{"embeddable":true,"href":"https:\/\/edicionesdelpuente.com.ar\/delpuente\/wp-json\/wp\/v2\/media\/1571"}],"wp:attachment":[{"href":"https:\/\/edicionesdelpuente.com.ar\/delpuente\/wp-json\/wp\/v2\/media?parent=1570"}],"curies":[{"name":"wp","href":"https:\/\/api.w.org\/{rel}","templated":true}]}}