{"id":1549,"date":"2023-11-22T19:28:06","date_gmt":"2023-11-22T22:28:06","guid":{"rendered":"https:\/\/edicionesdelpuente.com.ar\/delpuente\/?post_type=product&#038;p=1549"},"modified":"2025-01-02T14:53:33","modified_gmt":"2025-01-02T17:53:33","slug":"como-murcielago","status":"publish","type":"product","link":"https:\/\/edicionesdelpuente.com.ar\/delpuente\/producto\/como-murcielago\/","title":{"rendered":"Como murci\u00e9lago"},"content":{"rendered":"<p style=\"text-align: left\">&#8220;Tenemos que divorciarnos&#8221;.<br \/>\nHoracio Tolosa mir\u00f3 largamente el escueto mensaje en su celular. Solo eso: &#8220;tenemos que divorciarnos&#8221;. Como si fuera algo indispensable; como quien dice tenemos que hacer pintar la casa porque hace cinco a\u00f1os que no lo hacemos; o tenemos que comprar pan porque no podemos comer los fideos con tuco sin pan para untar&#8221;.<br \/>\n-\u00bfA vos te parece, Metiche, que estos son modos de pedir el divorcio?<br \/>\nLa gata que el comisario encontr\u00f3 durmiendo en su cama, una ma\u00f1ana en la que lleg\u00f3 agotado al monoambiente donde viv\u00eda desde que lo hab\u00edan trasladado a la capital, le respondi\u00f3 con un ronroneo seductor.<br \/>\nVarias veces la hab\u00eda sacado por la ventana, peque\u00f1a y alargada, de la kitchenette, la que \u00e9l nunca cerraba y daba a la cornisa que rodeaba todo el edificio. Sin embargo, la gata insist\u00eda en esperarlo en su cama. &#8220;Si ser\u00e1s caradura y metiche&#8221;, le hab\u00eda dicho la primera vez. La gata no se ofendi\u00f3 y volvi\u00f3. Termin\u00f3 siendo Metiche, la que com\u00eda los restos de las hamburguesas o los lomitos con los que el comisario se alimentaba de mala gana &#8230;<\/p>\n","protected":false},"excerpt":{"rendered":"<p><strong>Autora: <\/strong>Clide Gremiger<\/p>\n<p><strong>ISBN: <\/strong>9786316534101<\/p>\n<p><strong>Fecha de publicaci\u00f3n: <\/strong>noviembre de 2023<\/p>\n<p><strong>P\u00e1ginas: <\/strong>120<\/p>\n<p><strong>Tama\u00f1o: <\/strong>14 x 20 cm<\/p>\n","protected":false},"featured_media":1550,"template":"","meta":[],"yoast_head":"<!-- This site is optimized with the Yoast SEO plugin v16.1.1 - https:\/\/yoast.com\/wordpress\/plugins\/seo\/ -->\n<title>Como murci\u00e9lago &ndash; Ediciones Del Puente<\/title>\n<link rel=\"canonical\" href=\"https:\/\/edicionesdelpuente.com.ar\/delpuente\/producto\/como-murcielago\/\" \/>\n<meta property=\"og:locale\" content=\"es_ES\" \/>\n<meta property=\"og:type\" content=\"article\" \/>\n<meta property=\"og:title\" content=\"Como murci\u00e9lago &ndash; Ediciones Del Puente\" \/>\n<meta property=\"og:description\" content=\"Autora: Clide Gremiger  ISBN: 9786316534101  Fecha de publicaci\u00f3n: noviembre de 2023  P\u00e1ginas: 120  Tama\u00f1o: 14 x 20 cm\" \/>\n<meta property=\"og:url\" content=\"https:\/\/edicionesdelpuente.com.ar\/delpuente\/producto\/como-murcielago\/\" \/>\n<meta property=\"og:site_name\" content=\"Ediciones Del Puente\" \/>\n<meta property=\"article:publisher\" content=\"https:\/\/www.facebook.com\/edicionesdelpuente\/\" \/>\n<meta property=\"article:modified_time\" content=\"2025-01-02T17:53:33+00:00\" \/>\n<meta property=\"og:image\" content=\"https:\/\/edicionesdelpuente.com.ar\/delpuente\/wp-content\/uploads\/2023\/11\/Como-murcielago_tapa-redes.png\" \/>\n\t<meta property=\"og:image:width\" content=\"1235\" \/>\n\t<meta property=\"og:image:height\" content=\"1773\" \/>\n<meta name=\"twitter:card\" content=\"summary_large_image\" \/>\n<meta name=\"twitter:label1\" content=\"Tiempo de lectura\">\n\t<meta name=\"twitter:data1\" content=\"1 minuto\">\n<script type=\"application\/ld+json\" class=\"yoast-schema-graph\">{\"@context\":\"https:\/\/schema.org\",\"@graph\":[{\"@type\":\"Organization\",\"@id\":\"https:\/\/edicionesdelpuente.com.ar\/delpuente\/#organization\",\"name\":\"Ediciones Del Puente\",\"url\":\"https:\/\/edicionesdelpuente.com.ar\/delpuente\/\",\"sameAs\":[\"https:\/\/www.facebook.com\/edicionesdelpuente\/\",\"https:\/\/www.instagram.com\/edicionesdelpuente\/\"],\"logo\":{\"@type\":\"ImageObject\",\"@id\":\"https:\/\/edicionesdelpuente.com.ar\/delpuente\/#logo\",\"inLanguage\":\"es-AR\",\"url\":\"https:\/\/edicionesdelpuente.com.ar\/delpuente\/wp-content\/uploads\/2021\/03\/isologo-delpuente-adpt-1.png\",\"contentUrl\":\"https:\/\/edicionesdelpuente.com.ar\/delpuente\/wp-content\/uploads\/2021\/03\/isologo-delpuente-adpt-1.png\",\"width\":330,\"height\":275,\"caption\":\"Ediciones Del Puente\"},\"image\":{\"@id\":\"https:\/\/edicionesdelpuente.com.ar\/delpuente\/#logo\"}},{\"@type\":\"WebSite\",\"@id\":\"https:\/\/edicionesdelpuente.com.ar\/delpuente\/#website\",\"url\":\"https:\/\/edicionesdelpuente.com.ar\/delpuente\/\",\"name\":\"Ediciones Del Puente\",\"description\":\"Editorial\",\"publisher\":{\"@id\":\"https:\/\/edicionesdelpuente.com.ar\/delpuente\/#organization\"},\"potentialAction\":[{\"@type\":\"SearchAction\",\"target\":\"https:\/\/edicionesdelpuente.com.ar\/delpuente\/?s={search_term_string}\",\"query-input\":\"required name=search_term_string\"}],\"inLanguage\":\"es-AR\"},{\"@type\":\"ImageObject\",\"@id\":\"https:\/\/edicionesdelpuente.com.ar\/delpuente\/producto\/como-murcielago\/#primaryimage\",\"inLanguage\":\"es-AR\",\"url\":\"https:\/\/edicionesdelpuente.com.ar\/delpuente\/wp-content\/uploads\/2023\/11\/Como-murcielago_tapa-redes.png\",\"contentUrl\":\"https:\/\/edicionesdelpuente.com.ar\/delpuente\/wp-content\/uploads\/2023\/11\/Como-murcielago_tapa-redes.png\",\"width\":1235,\"height\":1773},{\"@type\":\"WebPage\",\"@id\":\"https:\/\/edicionesdelpuente.com.ar\/delpuente\/producto\/como-murcielago\/#webpage\",\"url\":\"https:\/\/edicionesdelpuente.com.ar\/delpuente\/producto\/como-murcielago\/\",\"name\":\"Como murci\\u00e9lago &ndash; Ediciones Del Puente\",\"isPartOf\":{\"@id\":\"https:\/\/edicionesdelpuente.com.ar\/delpuente\/#website\"},\"primaryImageOfPage\":{\"@id\":\"https:\/\/edicionesdelpuente.com.ar\/delpuente\/producto\/como-murcielago\/#primaryimage\"},\"datePublished\":\"2023-11-22T22:28:06+00:00\",\"dateModified\":\"2025-01-02T17:53:33+00:00\",\"breadcrumb\":{\"@id\":\"https:\/\/edicionesdelpuente.com.ar\/delpuente\/producto\/como-murcielago\/#breadcrumb\"},\"inLanguage\":\"es-AR\",\"potentialAction\":[{\"@type\":\"ReadAction\",\"target\":[\"https:\/\/edicionesdelpuente.com.ar\/delpuente\/producto\/como-murcielago\/\"]}]},{\"@type\":\"BreadcrumbList\",\"@id\":\"https:\/\/edicionesdelpuente.com.ar\/delpuente\/producto\/como-murcielago\/#breadcrumb\",\"itemListElement\":[{\"@type\":\"ListItem\",\"position\":1,\"item\":{\"@type\":\"WebPage\",\"@id\":\"https:\/\/edicionesdelpuente.com.ar\/delpuente\/\",\"url\":\"https:\/\/edicionesdelpuente.com.ar\/delpuente\/\",\"name\":\"Inicio\"}},{\"@type\":\"ListItem\",\"position\":2,\"item\":{\"@type\":\"WebPage\",\"@id\":\"https:\/\/edicionesdelpuente.com.ar\/delpuente\/tienda\/\",\"url\":\"https:\/\/edicionesdelpuente.com.ar\/delpuente\/tienda\/\",\"name\":\"Cat\\u00e1logo\"}},{\"@type\":\"ListItem\",\"position\":3,\"item\":{\"@type\":\"WebPage\",\"@id\":\"https:\/\/edicionesdelpuente.com.ar\/delpuente\/producto\/como-murcielago\/\",\"url\":\"https:\/\/edicionesdelpuente.com.ar\/delpuente\/producto\/como-murcielago\/\",\"name\":\"Como murci\\u00e9lago\"}}]}]}<\/script>\n<!-- \/ Yoast SEO plugin. -->","_links":{"self":[{"href":"https:\/\/edicionesdelpuente.com.ar\/delpuente\/wp-json\/wp\/v2\/product\/1549"}],"collection":[{"href":"https:\/\/edicionesdelpuente.com.ar\/delpuente\/wp-json\/wp\/v2\/product"}],"about":[{"href":"https:\/\/edicionesdelpuente.com.ar\/delpuente\/wp-json\/wp\/v2\/types\/product"}],"wp:featuredmedia":[{"embeddable":true,"href":"https:\/\/edicionesdelpuente.com.ar\/delpuente\/wp-json\/wp\/v2\/media\/1550"}],"wp:attachment":[{"href":"https:\/\/edicionesdelpuente.com.ar\/delpuente\/wp-json\/wp\/v2\/media?parent=1549"}],"curies":[{"name":"wp","href":"https:\/\/api.w.org\/{rel}","templated":true}]}}