{"id":1545,"date":"2023-10-25T23:17:28","date_gmt":"2023-10-26T02:17:28","guid":{"rendered":"https:\/\/edicionesdelpuente.com.ar\/delpuente\/?post_type=product&#038;p=1545"},"modified":"2025-11-02T22:44:04","modified_gmt":"2025-11-03T01:44:04","slug":"neurociencias-hoy","status":"publish","type":"product","link":"https:\/\/edicionesdelpuente.com.ar\/delpuente\/producto\/neurociencias-hoy\/","title":{"rendered":"Neurociencias hoy"},"content":{"rendered":"<p style=\"text-align: left\">El libro se gesta desde un esfuerzo colectivo producto de a\u00f1os de trabajo com\u00fan. Las voces de los cap\u00edtulos son el resultado de di\u00e1logos permanentes entre los autores, su investigaci\u00f3n y revisi\u00f3n en torno a los aportes de las neurociencias en el desarrollo de las personas.<br \/>\nLas Neurociencias. As\u00ed, con el uso marcado del plural, lo que da cuenta de una diversidad te\u00f3rica, in crescendo, como as\u00ed tambi\u00e9n de su vinculaci\u00f3n entre las diferentes pr\u00e1cticas profesionales, maneras de hacer, ser, pensar y sentir en relaci\u00f3n con esta componenda indisociable que es el vincular los aportes mutuos entre estas disciplinas: neurociencias, salud, psicolog\u00eda educacional, educaci\u00f3n\u2026entre otras.<br \/>\nConfluyen al escribir psicopedagogas, maestros, pr\u00e1cticas docentes diversas, trabajos de educaci\u00f3n no formal, de consultorio, del aula, la sala, el patio.<br \/>\nEste libro es el claro ejemplo de que nada puede hacerse fuera de un entramado colectivo, tal cual pasa en las millones de sinapsis a diario en nuestro sistema nervioso.<br \/>\nAqu\u00ed se profundiza en diversos conceptos: neurociencia educacional, neuropsicopedagog\u00eda, creatividad, contextos diversos, motivaci\u00f3n, funciones ejecutivas, plasticidad, neurodesarrollo, identidad\u2026<br \/>\nEs este escrito un constituirse en medio camino en el armaz\u00f3n de diversas nuevas disciplinas, por ello es incipiente, como los hallazgos mencionados. Hay diversas maneras de enfrentarnos con la realidad, pero sabiendo, con convicci\u00f3n absoluta que se necesita de un hacer de, con y para otros.<\/p>\n","protected":false},"excerpt":{"rendered":"<h6><strong>Autora:<\/strong> Mar\u00eda Laura de la Barrera<br \/>\n<strong>ISBN:<\/strong> 9786316534033<br \/>\n<strong>Fecha de Publicaci\u00f3n:<\/strong> Octubre de 2023<br \/>\n<strong>178<\/strong> p\u00e1ginas<br \/>\n<strong>Formato:<\/strong> 16 cm x 23 cm<\/h6>\n<p>&nbsp;<\/p>\n<p>&nbsp;<\/p>\n","protected":false},"featured_media":1546,"template":"","meta":[],"yoast_head":"<!-- This site is optimized with the Yoast SEO plugin v16.1.1 - https:\/\/yoast.com\/wordpress\/plugins\/seo\/ -->\n<title>Neurociencias hoy &ndash; Ediciones Del Puente<\/title>\n<link rel=\"canonical\" href=\"https:\/\/edicionesdelpuente.com.ar\/delpuente\/producto\/neurociencias-hoy\/\" \/>\n<meta property=\"og:locale\" content=\"es_ES\" \/>\n<meta property=\"og:type\" content=\"article\" \/>\n<meta property=\"og:title\" content=\"Neurociencias hoy &ndash; Ediciones Del Puente\" \/>\n<meta property=\"og:description\" content=\"Autora: Mar\u00eda Laura de la Barrera ISBN: 9786316534033 Fecha de Publicaci\u00f3n: Octubre de 2023 178 p\u00e1ginas Formato: 16 cm x 23 cm &nbsp;  &nbsp;\" \/>\n<meta property=\"og:url\" content=\"https:\/\/edicionesdelpuente.com.ar\/delpuente\/producto\/neurociencias-hoy\/\" \/>\n<meta property=\"og:site_name\" content=\"Ediciones Del Puente\" \/>\n<meta property=\"article:publisher\" content=\"https:\/\/www.facebook.com\/edicionesdelpuente\/\" \/>\n<meta property=\"article:modified_time\" content=\"2025-11-03T01:44:04+00:00\" \/>\n<meta property=\"og:image\" content=\"https:\/\/edicionesdelpuente.com.ar\/delpuente\/wp-content\/uploads\/2023\/10\/Neurociencias-tapa-frente-final.png\" \/>\n\t<meta property=\"og:image:width\" content=\"1905\" \/>\n\t<meta property=\"og:image:height\" content=\"2718\" \/>\n<meta name=\"twitter:card\" content=\"summary_large_image\" \/>\n<meta name=\"twitter:label1\" content=\"Tiempo de lectura\">\n\t<meta name=\"twitter:data1\" content=\"1 minuto\">\n<script type=\"application\/ld+json\" class=\"yoast-schema-graph\">{\"@context\":\"https:\/\/schema.org\",\"@graph\":[{\"@type\":\"Organization\",\"@id\":\"https:\/\/edicionesdelpuente.com.ar\/delpuente\/#organization\",\"name\":\"Ediciones Del Puente\",\"url\":\"https:\/\/edicionesdelpuente.com.ar\/delpuente\/\",\"sameAs\":[\"https:\/\/www.facebook.com\/edicionesdelpuente\/\",\"https:\/\/www.instagram.com\/edicionesdelpuente\/\"],\"logo\":{\"@type\":\"ImageObject\",\"@id\":\"https:\/\/edicionesdelpuente.com.ar\/delpuente\/#logo\",\"inLanguage\":\"es-AR\",\"url\":\"https:\/\/edicionesdelpuente.com.ar\/delpuente\/wp-content\/uploads\/2021\/03\/isologo-delpuente-adpt-1.png\",\"contentUrl\":\"https:\/\/edicionesdelpuente.com.ar\/delpuente\/wp-content\/uploads\/2021\/03\/isologo-delpuente-adpt-1.png\",\"width\":330,\"height\":275,\"caption\":\"Ediciones Del Puente\"},\"image\":{\"@id\":\"https:\/\/edicionesdelpuente.com.ar\/delpuente\/#logo\"}},{\"@type\":\"WebSite\",\"@id\":\"https:\/\/edicionesdelpuente.com.ar\/delpuente\/#website\",\"url\":\"https:\/\/edicionesdelpuente.com.ar\/delpuente\/\",\"name\":\"Ediciones Del Puente\",\"description\":\"Editorial\",\"publisher\":{\"@id\":\"https:\/\/edicionesdelpuente.com.ar\/delpuente\/#organization\"},\"potentialAction\":[{\"@type\":\"SearchAction\",\"target\":\"https:\/\/edicionesdelpuente.com.ar\/delpuente\/?s={search_term_string}\",\"query-input\":\"required name=search_term_string\"}],\"inLanguage\":\"es-AR\"},{\"@type\":\"ImageObject\",\"@id\":\"https:\/\/edicionesdelpuente.com.ar\/delpuente\/producto\/neurociencias-hoy\/#primaryimage\",\"inLanguage\":\"es-AR\",\"url\":\"https:\/\/edicionesdelpuente.com.ar\/delpuente\/wp-content\/uploads\/2023\/10\/Neurociencias-tapa-frente-final.png\",\"contentUrl\":\"https:\/\/edicionesdelpuente.com.ar\/delpuente\/wp-content\/uploads\/2023\/10\/Neurociencias-tapa-frente-final.png\",\"width\":1905,\"height\":2718},{\"@type\":\"WebPage\",\"@id\":\"https:\/\/edicionesdelpuente.com.ar\/delpuente\/producto\/neurociencias-hoy\/#webpage\",\"url\":\"https:\/\/edicionesdelpuente.com.ar\/delpuente\/producto\/neurociencias-hoy\/\",\"name\":\"Neurociencias hoy &ndash; Ediciones Del Puente\",\"isPartOf\":{\"@id\":\"https:\/\/edicionesdelpuente.com.ar\/delpuente\/#website\"},\"primaryImageOfPage\":{\"@id\":\"https:\/\/edicionesdelpuente.com.ar\/delpuente\/producto\/neurociencias-hoy\/#primaryimage\"},\"datePublished\":\"2023-10-26T02:17:28+00:00\",\"dateModified\":\"2025-11-03T01:44:04+00:00\",\"breadcrumb\":{\"@id\":\"https:\/\/edicionesdelpuente.com.ar\/delpuente\/producto\/neurociencias-hoy\/#breadcrumb\"},\"inLanguage\":\"es-AR\",\"potentialAction\":[{\"@type\":\"ReadAction\",\"target\":[\"https:\/\/edicionesdelpuente.com.ar\/delpuente\/producto\/neurociencias-hoy\/\"]}]},{\"@type\":\"BreadcrumbList\",\"@id\":\"https:\/\/edicionesdelpuente.com.ar\/delpuente\/producto\/neurociencias-hoy\/#breadcrumb\",\"itemListElement\":[{\"@type\":\"ListItem\",\"position\":1,\"item\":{\"@type\":\"WebPage\",\"@id\":\"https:\/\/edicionesdelpuente.com.ar\/delpuente\/\",\"url\":\"https:\/\/edicionesdelpuente.com.ar\/delpuente\/\",\"name\":\"Inicio\"}},{\"@type\":\"ListItem\",\"position\":2,\"item\":{\"@type\":\"WebPage\",\"@id\":\"https:\/\/edicionesdelpuente.com.ar\/delpuente\/tienda\/\",\"url\":\"https:\/\/edicionesdelpuente.com.ar\/delpuente\/tienda\/\",\"name\":\"Cat\\u00e1logo\"}},{\"@type\":\"ListItem\",\"position\":3,\"item\":{\"@type\":\"WebPage\",\"@id\":\"https:\/\/edicionesdelpuente.com.ar\/delpuente\/producto\/neurociencias-hoy\/\",\"url\":\"https:\/\/edicionesdelpuente.com.ar\/delpuente\/producto\/neurociencias-hoy\/\",\"name\":\"Neurociencias hoy\"}}]}]}<\/script>\n<!-- \/ Yoast SEO plugin. -->","_links":{"self":[{"href":"https:\/\/edicionesdelpuente.com.ar\/delpuente\/wp-json\/wp\/v2\/product\/1545"}],"collection":[{"href":"https:\/\/edicionesdelpuente.com.ar\/delpuente\/wp-json\/wp\/v2\/product"}],"about":[{"href":"https:\/\/edicionesdelpuente.com.ar\/delpuente\/wp-json\/wp\/v2\/types\/product"}],"wp:featuredmedia":[{"embeddable":true,"href":"https:\/\/edicionesdelpuente.com.ar\/delpuente\/wp-json\/wp\/v2\/media\/1546"}],"wp:attachment":[{"href":"https:\/\/edicionesdelpuente.com.ar\/delpuente\/wp-json\/wp\/v2\/media?parent=1545"}],"curies":[{"name":"wp","href":"https:\/\/api.w.org\/{rel}","templated":true}]}}