{"id":1543,"date":"2023-10-24T23:31:42","date_gmt":"2023-10-25T02:31:42","guid":{"rendered":"https:\/\/edicionesdelpuente.com.ar\/delpuente\/?post_type=product&#038;p=1543"},"modified":"2025-11-02T22:34:16","modified_gmt":"2025-11-03T01:34:16","slug":"al-vuelo-de-los-colibries","status":"publish","type":"product","link":"https:\/\/edicionesdelpuente.com.ar\/delpuente\/producto\/al-vuelo-de-los-colibries\/","title":{"rendered":"Al vuelo de los colibr\u00edes"},"content":{"rendered":"<p style=\"text-align: left\">&#8220;<em>Al vuelo de los colibr\u00edes<\/em>&#8221; es un libro que surge despu\u00e9s de las obras previas de la autora: &#8220;<em>InterSer<\/em>&#8221; (2018), &#8220;<em>Sense<\/em>&#8221; (2019), &#8220;<em>Div\u00e1n<\/em>&#8221; (2021) y &#8220;<em>Tuiteratura<\/em>&#8221; (2022). Cada una de estas obras tiene su propia esencia, son \u00fanicas, pero es el lector quien las enriquece con sus experiencias y perspectivas de vida. En este caso, la autora riocuartense, Romina Soledad Bada, nos envuelve con su mirada profundamente existencialista, un hilo conductor en todos sus trabajos. Ella es pura alma, sin artificios, transparente, su escritura siempre la encuentra en estado natural. La interpretaci\u00f3n de los colores de su obra queda a discreci\u00f3n de cada lector, pues sus semillas ahora vuelan libremente, sin duda junto a los colibr\u00edes m\u00e1s brillantes y aut\u00e9nticos.<br \/>\nEste libro presenta 21 reflexiones, textos profundos llenos de dicotom\u00edas que nos llevan a reflexionar sobre la vida y la muerte, la libertad, las imposiciones de las estructuras sociales con las que debemos convivir, el momento presente, la felicidad, nuestros afectos, entre tantos otros temas. Como se pregunta acertadamente la autora para invitarnos a reflexionar con cierta ret\u00f3rica minimalista: &#8220;\u00bfQu\u00e9 pregunta queda cuando somos la respuesta? \u00bfQu\u00e9 respuesta damos cuando somos la pregunta?&#8221; Pensar\/nos desde estas preguntas la naturaleza misma de la existencia y los prop\u00f3sitos de la vida en un ejercicio narrativo, evoca la complejidad de la autorreflexi\u00f3n de quien escribe.<br \/>\nEl presente es la \u00fanica realidad que realmente podemos abrazar, moldear y disfrutar. Es este instante, este aqu\u00ed y ahora que demanda nuestra atenci\u00f3n constante, pues no debemos dejar escapar la inminente llegada de los colibr\u00edes que traen consigo la m\u00e1s seductora invitaci\u00f3n a volar sin cargas ni temores. Este libro act\u00faa como una se\u00f1al que marca camino hacia ese vuelo anhelado. Sus p\u00e1ginas nos ofrecen sentimientos y pensamientos que nos pueden ayudar a comprender que, al igual que los colibr\u00edes, podemos encontrar la fuerza dentro de nosotros para alzarnos hacia lo profundo de nuestro ser. Nos inspira a abrazar el presente, a vivir con pasi\u00f3n, autenticidad e inocencia, a explorar los horizontes de la existencia y a desafiar las ataduras que limitan nuestro vuelo.<br \/>\nEn \u00faltima instancia, &#8220;Al vuelo de los colibr\u00edes&#8221; nos recuerda que la verdadera libertad est\u00e1 dentro de nosotros, esperando a ser descubierta y celebrada en cada momento de nuestra existencia.<\/p>\n<p style=\"text-align: left\"><em>Prof. Mar\u00eda In\u00e9s Cejas <\/em><br \/>\n<em>Carpe Diem<\/em><\/p>\n","protected":false},"excerpt":{"rendered":"<h4>Reflexiones revoloteando en el aire<\/h4>\n<h6><strong>Autora:<\/strong> Romina Soledad Bada<br \/>\n<strong>ISBN:<\/strong> 9786316534040<br \/>\n<strong>Fecha de Publicaci\u00f3n:<\/strong> octubre de 2023<br \/>\n78 p\u00e1ginas<br \/>\n<strong>Formato:<\/strong> 14 cm x 20 cm<\/h6>\n<p>&nbsp;<\/p>\n","protected":false},"featured_media":1544,"template":"","meta":[],"yoast_head":"<!-- This site is optimized with the Yoast SEO plugin v16.1.1 - https:\/\/yoast.com\/wordpress\/plugins\/seo\/ -->\n<title>Al vuelo de los colibr\u00edes &ndash; Ediciones Del Puente<\/title>\n<link rel=\"canonical\" href=\"https:\/\/edicionesdelpuente.com.ar\/delpuente\/producto\/al-vuelo-de-los-colibries\/\" \/>\n<meta property=\"og:locale\" content=\"es_ES\" \/>\n<meta property=\"og:type\" content=\"article\" \/>\n<meta property=\"og:title\" content=\"Al vuelo de los colibr\u00edes &ndash; Ediciones Del Puente\" \/>\n<meta property=\"og:description\" content=\"Reflexiones revoloteando en el aire Autora: Romina Soledad Bada ISBN: 9786316534040 Fecha de Publicaci\u00f3n: octubre de 2023 78 p\u00e1ginas Formato: 14 cm x 20 cm &nbsp;\" \/>\n<meta property=\"og:url\" content=\"https:\/\/edicionesdelpuente.com.ar\/delpuente\/producto\/al-vuelo-de-los-colibries\/\" \/>\n<meta property=\"og:site_name\" content=\"Ediciones Del Puente\" \/>\n<meta property=\"article:publisher\" content=\"https:\/\/www.facebook.com\/edicionesdelpuente\/\" \/>\n<meta property=\"article:modified_time\" content=\"2025-11-03T01:34:16+00:00\" \/>\n<meta property=\"og:image\" content=\"https:\/\/edicionesdelpuente.com.ar\/delpuente\/wp-content\/uploads\/2023\/10\/Al-vuelo-de-los-colibries-tapa-web.png\" \/>\n\t<meta property=\"og:image:width\" content=\"816\" \/>\n\t<meta property=\"og:image:height\" content=\"1217\" \/>\n<meta name=\"twitter:card\" content=\"summary_large_image\" \/>\n<meta name=\"twitter:label1\" content=\"Tiempo de lectura\">\n\t<meta name=\"twitter:data1\" content=\"2 minutos\">\n<script type=\"application\/ld+json\" class=\"yoast-schema-graph\">{\"@context\":\"https:\/\/schema.org\",\"@graph\":[{\"@type\":\"Organization\",\"@id\":\"https:\/\/edicionesdelpuente.com.ar\/delpuente\/#organization\",\"name\":\"Ediciones Del Puente\",\"url\":\"https:\/\/edicionesdelpuente.com.ar\/delpuente\/\",\"sameAs\":[\"https:\/\/www.facebook.com\/edicionesdelpuente\/\",\"https:\/\/www.instagram.com\/edicionesdelpuente\/\"],\"logo\":{\"@type\":\"ImageObject\",\"@id\":\"https:\/\/edicionesdelpuente.com.ar\/delpuente\/#logo\",\"inLanguage\":\"es-AR\",\"url\":\"https:\/\/edicionesdelpuente.com.ar\/delpuente\/wp-content\/uploads\/2021\/03\/isologo-delpuente-adpt-1.png\",\"contentUrl\":\"https:\/\/edicionesdelpuente.com.ar\/delpuente\/wp-content\/uploads\/2021\/03\/isologo-delpuente-adpt-1.png\",\"width\":330,\"height\":275,\"caption\":\"Ediciones Del Puente\"},\"image\":{\"@id\":\"https:\/\/edicionesdelpuente.com.ar\/delpuente\/#logo\"}},{\"@type\":\"WebSite\",\"@id\":\"https:\/\/edicionesdelpuente.com.ar\/delpuente\/#website\",\"url\":\"https:\/\/edicionesdelpuente.com.ar\/delpuente\/\",\"name\":\"Ediciones Del Puente\",\"description\":\"Editorial\",\"publisher\":{\"@id\":\"https:\/\/edicionesdelpuente.com.ar\/delpuente\/#organization\"},\"potentialAction\":[{\"@type\":\"SearchAction\",\"target\":\"https:\/\/edicionesdelpuente.com.ar\/delpuente\/?s={search_term_string}\",\"query-input\":\"required name=search_term_string\"}],\"inLanguage\":\"es-AR\"},{\"@type\":\"ImageObject\",\"@id\":\"https:\/\/edicionesdelpuente.com.ar\/delpuente\/producto\/al-vuelo-de-los-colibries\/#primaryimage\",\"inLanguage\":\"es-AR\",\"url\":\"https:\/\/edicionesdelpuente.com.ar\/delpuente\/wp-content\/uploads\/2023\/10\/Al-vuelo-de-los-colibries-tapa-web.png\",\"contentUrl\":\"https:\/\/edicionesdelpuente.com.ar\/delpuente\/wp-content\/uploads\/2023\/10\/Al-vuelo-de-los-colibries-tapa-web.png\",\"width\":816,\"height\":1217},{\"@type\":\"WebPage\",\"@id\":\"https:\/\/edicionesdelpuente.com.ar\/delpuente\/producto\/al-vuelo-de-los-colibries\/#webpage\",\"url\":\"https:\/\/edicionesdelpuente.com.ar\/delpuente\/producto\/al-vuelo-de-los-colibries\/\",\"name\":\"Al vuelo de los colibr\\u00edes &ndash; Ediciones Del Puente\",\"isPartOf\":{\"@id\":\"https:\/\/edicionesdelpuente.com.ar\/delpuente\/#website\"},\"primaryImageOfPage\":{\"@id\":\"https:\/\/edicionesdelpuente.com.ar\/delpuente\/producto\/al-vuelo-de-los-colibries\/#primaryimage\"},\"datePublished\":\"2023-10-25T02:31:42+00:00\",\"dateModified\":\"2025-11-03T01:34:16+00:00\",\"breadcrumb\":{\"@id\":\"https:\/\/edicionesdelpuente.com.ar\/delpuente\/producto\/al-vuelo-de-los-colibries\/#breadcrumb\"},\"inLanguage\":\"es-AR\",\"potentialAction\":[{\"@type\":\"ReadAction\",\"target\":[\"https:\/\/edicionesdelpuente.com.ar\/delpuente\/producto\/al-vuelo-de-los-colibries\/\"]}]},{\"@type\":\"BreadcrumbList\",\"@id\":\"https:\/\/edicionesdelpuente.com.ar\/delpuente\/producto\/al-vuelo-de-los-colibries\/#breadcrumb\",\"itemListElement\":[{\"@type\":\"ListItem\",\"position\":1,\"item\":{\"@type\":\"WebPage\",\"@id\":\"https:\/\/edicionesdelpuente.com.ar\/delpuente\/\",\"url\":\"https:\/\/edicionesdelpuente.com.ar\/delpuente\/\",\"name\":\"Inicio\"}},{\"@type\":\"ListItem\",\"position\":2,\"item\":{\"@type\":\"WebPage\",\"@id\":\"https:\/\/edicionesdelpuente.com.ar\/delpuente\/tienda\/\",\"url\":\"https:\/\/edicionesdelpuente.com.ar\/delpuente\/tienda\/\",\"name\":\"Cat\\u00e1logo\"}},{\"@type\":\"ListItem\",\"position\":3,\"item\":{\"@type\":\"WebPage\",\"@id\":\"https:\/\/edicionesdelpuente.com.ar\/delpuente\/producto\/al-vuelo-de-los-colibries\/\",\"url\":\"https:\/\/edicionesdelpuente.com.ar\/delpuente\/producto\/al-vuelo-de-los-colibries\/\",\"name\":\"Al vuelo de los colibr\\u00edes\"}}]}]}<\/script>\n<!-- \/ Yoast SEO plugin. -->","_links":{"self":[{"href":"https:\/\/edicionesdelpuente.com.ar\/delpuente\/wp-json\/wp\/v2\/product\/1543"}],"collection":[{"href":"https:\/\/edicionesdelpuente.com.ar\/delpuente\/wp-json\/wp\/v2\/product"}],"about":[{"href":"https:\/\/edicionesdelpuente.com.ar\/delpuente\/wp-json\/wp\/v2\/types\/product"}],"wp:featuredmedia":[{"embeddable":true,"href":"https:\/\/edicionesdelpuente.com.ar\/delpuente\/wp-json\/wp\/v2\/media\/1544"}],"wp:attachment":[{"href":"https:\/\/edicionesdelpuente.com.ar\/delpuente\/wp-json\/wp\/v2\/media?parent=1543"}],"curies":[{"name":"wp","href":"https:\/\/api.w.org\/{rel}","templated":true}]}}