{"id":1535,"date":"2023-10-11T16:12:47","date_gmt":"2023-10-11T19:12:47","guid":{"rendered":"https:\/\/edicionesdelpuente.com.ar\/delpuente\/?post_type=product&#038;p=1535"},"modified":"2025-07-07T19:16:32","modified_gmt":"2025-07-07T22:16:32","slug":"el-telefono-del-viento","status":"publish","type":"product","link":"https:\/\/edicionesdelpuente.com.ar\/delpuente\/producto\/el-telefono-del-viento\/","title":{"rendered":"El tel\u00e9fono del viento"},"content":{"rendered":"<h3 style=\"text-align: center\">Compralo antes del 30 de octubre, con el 25% de descuento.<\/h3>\n<h4 style=\"text-align: center\">El libro estar\u00e1 disponible para retirar desde el 1 de noviembre, en la Feria del Libro Juan Filloy &#8211; R\u00edo Cuarto.<\/h4>\n<h4 style=\"text-align: center\">Si no est\u00e1s en R\u00edo Cuarto, coordinamos el env\u00edo a domicilio.<\/h4>\n<p>&nbsp;<\/p>\n<p style=\"text-align: left\">Relatos que hilvanan una historia personal, la de la Bachi Salas autora, que nos invitan a adentrarnos en las profundidades de una relaci\u00f3n viva entre ella y las palabras. De eso se trata este libro, de c\u00f3mo se unen y entrecruzan la vida y la ficci\u00f3n, lo cotidiano y los personajes de papel, lo real y lo percibido, a trav\u00e9s de una mirada a veces cruda y otras, amorosamente compasiva.<\/p>\n<p style=\"text-align: left\">En el pr\u00f3logo, Pablo Dema nos anticipa, \u201ces un viaje por la memoria hacia el momento en el que todo empez\u00f3\u2026\u201d. Y todo empieza siempre en ese lugar o tiempo o suspiro llamado infancia.<\/p>\n<p style=\"text-align: left\">Estamos ante un libro \u00edntimo, reflexivo, que dice y se desdice, que cuenta y se pregunta, que a veces se sostiene en las certezas y otras sobre las dudas. Calidoscopio, collage \u2014 bellamente expresado en la portada de Carolina C\u00e1ceres\u2014 y reconstrucci\u00f3n, como esos renglones que se escriben una y otra vez hasta alcanzar una versi\u00f3n definitiva, que finalmente siempre ser\u00e1 provisoria.<\/p>\n","protected":false},"excerpt":{"rendered":"<h6><strong>Autora:<\/strong> Bachi Salas<\/h6>\n<h6>Pr\u00f3logo de Pablo Dema<br \/>\n<strong>ISBN:<\/strong> 9786316534064<br \/>\n<strong>Fecha de Publicaci\u00f3n:<\/strong> octubre de 2023<br \/>\n<strong>90<\/strong>\u00a0p\u00e1ginas<br \/>\n<strong>Formato:<\/strong> 14 cm x 20 cm<\/h6>\n<p>&nbsp;<\/p>\n<p>&nbsp;<\/p>\n","protected":false},"featured_media":1536,"template":"","meta":[],"yoast_head":"<!-- This site is optimized with the Yoast SEO plugin v16.1.1 - https:\/\/yoast.com\/wordpress\/plugins\/seo\/ -->\n<title>El tel\u00e9fono del viento &ndash; Ediciones Del Puente<\/title>\n<link rel=\"canonical\" href=\"https:\/\/edicionesdelpuente.com.ar\/delpuente\/producto\/el-telefono-del-viento\/\" \/>\n<meta property=\"og:locale\" content=\"es_ES\" \/>\n<meta property=\"og:type\" content=\"article\" \/>\n<meta property=\"og:title\" content=\"El tel\u00e9fono del viento &ndash; Ediciones Del Puente\" \/>\n<meta property=\"og:description\" content=\"Autora: Bachi Salas Pr\u00f3logo de Pablo Dema ISBN: 9786316534064 Fecha de Publicaci\u00f3n: octubre de 2023 90\u00a0p\u00e1ginas Formato: 14 cm x 20 cm &nbsp;  &nbsp;\" \/>\n<meta property=\"og:url\" content=\"https:\/\/edicionesdelpuente.com.ar\/delpuente\/producto\/el-telefono-del-viento\/\" \/>\n<meta property=\"og:site_name\" content=\"Ediciones Del Puente\" \/>\n<meta property=\"article:publisher\" content=\"https:\/\/www.facebook.com\/edicionesdelpuente\/\" \/>\n<meta property=\"article:modified_time\" content=\"2025-07-07T22:16:32+00:00\" \/>\n<meta property=\"og:image\" content=\"https:\/\/edicionesdelpuente.com.ar\/delpuente\/wp-content\/uploads\/2023\/10\/El-telefono-del-viento-tapa-redes-01.png\" \/>\n\t<meta property=\"og:image:width\" content=\"1022\" \/>\n\t<meta property=\"og:image:height\" content=\"1459\" \/>\n<meta name=\"twitter:card\" content=\"summary_large_image\" \/>\n<meta name=\"twitter:label1\" content=\"Tiempo de lectura\">\n\t<meta name=\"twitter:data1\" content=\"1 minuto\">\n<script type=\"application\/ld+json\" class=\"yoast-schema-graph\">{\"@context\":\"https:\/\/schema.org\",\"@graph\":[{\"@type\":\"Organization\",\"@id\":\"https:\/\/edicionesdelpuente.com.ar\/delpuente\/#organization\",\"name\":\"Ediciones Del Puente\",\"url\":\"https:\/\/edicionesdelpuente.com.ar\/delpuente\/\",\"sameAs\":[\"https:\/\/www.facebook.com\/edicionesdelpuente\/\",\"https:\/\/www.instagram.com\/edicionesdelpuente\/\"],\"logo\":{\"@type\":\"ImageObject\",\"@id\":\"https:\/\/edicionesdelpuente.com.ar\/delpuente\/#logo\",\"inLanguage\":\"es-AR\",\"url\":\"https:\/\/edicionesdelpuente.com.ar\/delpuente\/wp-content\/uploads\/2021\/03\/isologo-delpuente-adpt-1.png\",\"contentUrl\":\"https:\/\/edicionesdelpuente.com.ar\/delpuente\/wp-content\/uploads\/2021\/03\/isologo-delpuente-adpt-1.png\",\"width\":330,\"height\":275,\"caption\":\"Ediciones Del Puente\"},\"image\":{\"@id\":\"https:\/\/edicionesdelpuente.com.ar\/delpuente\/#logo\"}},{\"@type\":\"WebSite\",\"@id\":\"https:\/\/edicionesdelpuente.com.ar\/delpuente\/#website\",\"url\":\"https:\/\/edicionesdelpuente.com.ar\/delpuente\/\",\"name\":\"Ediciones Del Puente\",\"description\":\"Editorial\",\"publisher\":{\"@id\":\"https:\/\/edicionesdelpuente.com.ar\/delpuente\/#organization\"},\"potentialAction\":[{\"@type\":\"SearchAction\",\"target\":\"https:\/\/edicionesdelpuente.com.ar\/delpuente\/?s={search_term_string}\",\"query-input\":\"required name=search_term_string\"}],\"inLanguage\":\"es-AR\"},{\"@type\":\"ImageObject\",\"@id\":\"https:\/\/edicionesdelpuente.com.ar\/delpuente\/producto\/el-telefono-del-viento\/#primaryimage\",\"inLanguage\":\"es-AR\",\"url\":\"https:\/\/edicionesdelpuente.com.ar\/delpuente\/wp-content\/uploads\/2023\/10\/El-telefono-del-viento-tapa-redes-01.png\",\"contentUrl\":\"https:\/\/edicionesdelpuente.com.ar\/delpuente\/wp-content\/uploads\/2023\/10\/El-telefono-del-viento-tapa-redes-01.png\",\"width\":1022,\"height\":1459},{\"@type\":\"WebPage\",\"@id\":\"https:\/\/edicionesdelpuente.com.ar\/delpuente\/producto\/el-telefono-del-viento\/#webpage\",\"url\":\"https:\/\/edicionesdelpuente.com.ar\/delpuente\/producto\/el-telefono-del-viento\/\",\"name\":\"El tel\\u00e9fono del viento &ndash; Ediciones Del Puente\",\"isPartOf\":{\"@id\":\"https:\/\/edicionesdelpuente.com.ar\/delpuente\/#website\"},\"primaryImageOfPage\":{\"@id\":\"https:\/\/edicionesdelpuente.com.ar\/delpuente\/producto\/el-telefono-del-viento\/#primaryimage\"},\"datePublished\":\"2023-10-11T19:12:47+00:00\",\"dateModified\":\"2025-07-07T22:16:32+00:00\",\"breadcrumb\":{\"@id\":\"https:\/\/edicionesdelpuente.com.ar\/delpuente\/producto\/el-telefono-del-viento\/#breadcrumb\"},\"inLanguage\":\"es-AR\",\"potentialAction\":[{\"@type\":\"ReadAction\",\"target\":[\"https:\/\/edicionesdelpuente.com.ar\/delpuente\/producto\/el-telefono-del-viento\/\"]}]},{\"@type\":\"BreadcrumbList\",\"@id\":\"https:\/\/edicionesdelpuente.com.ar\/delpuente\/producto\/el-telefono-del-viento\/#breadcrumb\",\"itemListElement\":[{\"@type\":\"ListItem\",\"position\":1,\"item\":{\"@type\":\"WebPage\",\"@id\":\"https:\/\/edicionesdelpuente.com.ar\/delpuente\/\",\"url\":\"https:\/\/edicionesdelpuente.com.ar\/delpuente\/\",\"name\":\"Inicio\"}},{\"@type\":\"ListItem\",\"position\":2,\"item\":{\"@type\":\"WebPage\",\"@id\":\"https:\/\/edicionesdelpuente.com.ar\/delpuente\/tienda\/\",\"url\":\"https:\/\/edicionesdelpuente.com.ar\/delpuente\/tienda\/\",\"name\":\"Cat\\u00e1logo\"}},{\"@type\":\"ListItem\",\"position\":3,\"item\":{\"@type\":\"WebPage\",\"@id\":\"https:\/\/edicionesdelpuente.com.ar\/delpuente\/producto\/el-telefono-del-viento\/\",\"url\":\"https:\/\/edicionesdelpuente.com.ar\/delpuente\/producto\/el-telefono-del-viento\/\",\"name\":\"El tel\\u00e9fono del viento\"}}]}]}<\/script>\n<!-- \/ Yoast SEO plugin. -->","_links":{"self":[{"href":"https:\/\/edicionesdelpuente.com.ar\/delpuente\/wp-json\/wp\/v2\/product\/1535"}],"collection":[{"href":"https:\/\/edicionesdelpuente.com.ar\/delpuente\/wp-json\/wp\/v2\/product"}],"about":[{"href":"https:\/\/edicionesdelpuente.com.ar\/delpuente\/wp-json\/wp\/v2\/types\/product"}],"wp:featuredmedia":[{"embeddable":true,"href":"https:\/\/edicionesdelpuente.com.ar\/delpuente\/wp-json\/wp\/v2\/media\/1536"}],"wp:attachment":[{"href":"https:\/\/edicionesdelpuente.com.ar\/delpuente\/wp-json\/wp\/v2\/media?parent=1535"}],"curies":[{"name":"wp","href":"https:\/\/api.w.org\/{rel}","templated":true}]}}