{"id":1510,"date":"2023-01-17T12:09:51","date_gmt":"2023-01-17T15:09:51","guid":{"rendered":"https:\/\/edicionesdelpuente.com.ar\/delpuente\/?post_type=product&#038;p=1510"},"modified":"2024-09-12T23:17:25","modified_gmt":"2024-09-13T02:17:25","slug":"voces-del-viento","status":"publish","type":"product","link":"https:\/\/edicionesdelpuente.com.ar\/delpuente\/producto\/voces-del-viento\/","title":{"rendered":"Voces del viento"},"content":{"rendered":"<p style=\"text-align: left\">\u201cGota de sudor rueda abajo, una frente h\u00fameda, t\u00edmida que respira tensi\u00f3n. La deuda de siempre: viajar sin tiempo ni condici\u00f3n. Suspiros de un cuerpo latiendo fuerte el coraz\u00f3n, empuja la cabeza a su intuici\u00f3n. Mochila cargada de sue\u00f1os y una carpa tambi\u00e9n. Puerta se abre, reflejo de un sol naciente, en el suelo se apoya el primer paso, ojos cerrados para abrir la visi\u00f3n, sonidos ingresan por o\u00eddos directos al coraz\u00f3n. Todo despierta imaginaci\u00f3n, \u00e1rboles que pasan dibujando la vegetaci\u00f3n, ventanas est\u00e1ticas que se transforman en televisi\u00f3n. El tren se mueve y comienza la procesi\u00f3n\u2026\u201d<br \/>\nEn Voces del viento, Mariano nos comparte una experiencia, una sensaci\u00f3n, una posible certeza, la de descubrirse a uno misme a partir de un viaje o de varios viajes&#8230; Este libro nace bajo la premisa de ralentizar el tiempo, de hacer una pausa para sentir, de hacer una pausa para escuchar, y sobre todo para escucharnos. Nos invita a compartir un momento de encuentro. Y nos pregunta:<br \/>\n\u00bfCu\u00e1ndo fue la \u00faltima vez que te diste un abrazo a vos misme?\u201d<\/p>\n","protected":false},"excerpt":{"rendered":"<h6><strong>Autor: Mariano Curva<\/strong><br \/>\n<strong>ISBN:<\/strong> 9789874892409<br \/>\n<strong>Fecha de Publicaci\u00f3n:<\/strong> noviembre de 2022<br \/>\n<strong>168<\/strong>\u00a0p\u00e1ginas<br \/>\n<strong>Formato:<\/strong> 14 cm x 20 cm<\/h6>\n<p>&nbsp;<\/p>\n","protected":false},"featured_media":1511,"template":"","meta":[],"yoast_head":"<!-- This site is optimized with the Yoast SEO plugin v16.1.1 - https:\/\/yoast.com\/wordpress\/plugins\/seo\/ -->\n<title>Voces del viento &ndash; Ediciones Del Puente<\/title>\n<link rel=\"canonical\" href=\"https:\/\/edicionesdelpuente.com.ar\/delpuente\/producto\/voces-del-viento\/\" \/>\n<meta property=\"og:locale\" content=\"es_ES\" \/>\n<meta property=\"og:type\" content=\"article\" \/>\n<meta property=\"og:title\" content=\"Voces del viento &ndash; Ediciones Del Puente\" \/>\n<meta property=\"og:description\" content=\"Autor: Mariano Curva ISBN: 9789874892409 Fecha de Publicaci\u00f3n: noviembre de 2022 168\u00a0p\u00e1ginas Formato: 14 cm x 20 cm &nbsp;\" \/>\n<meta property=\"og:url\" content=\"https:\/\/edicionesdelpuente.com.ar\/delpuente\/producto\/voces-del-viento\/\" \/>\n<meta property=\"og:site_name\" content=\"Ediciones Del Puente\" \/>\n<meta property=\"article:publisher\" content=\"https:\/\/www.facebook.com\/edicionesdelpuente\/\" \/>\n<meta property=\"article:modified_time\" content=\"2024-09-13T02:17:25+00:00\" \/>\n<meta property=\"og:image\" content=\"https:\/\/edicionesdelpuente.com.ar\/delpuente\/wp-content\/uploads\/2023\/01\/voces-del-viento-tapa-web.jpg\" \/>\n\t<meta property=\"og:image:width\" content=\"1655\" \/>\n\t<meta property=\"og:image:height\" content=\"2363\" \/>\n<meta name=\"twitter:card\" content=\"summary_large_image\" \/>\n<meta name=\"twitter:label1\" content=\"Tiempo de lectura\">\n\t<meta name=\"twitter:data1\" content=\"1 minuto\">\n<script type=\"application\/ld+json\" class=\"yoast-schema-graph\">{\"@context\":\"https:\/\/schema.org\",\"@graph\":[{\"@type\":\"Organization\",\"@id\":\"https:\/\/edicionesdelpuente.com.ar\/delpuente\/#organization\",\"name\":\"Ediciones Del Puente\",\"url\":\"https:\/\/edicionesdelpuente.com.ar\/delpuente\/\",\"sameAs\":[\"https:\/\/www.facebook.com\/edicionesdelpuente\/\",\"https:\/\/www.instagram.com\/edicionesdelpuente\/\"],\"logo\":{\"@type\":\"ImageObject\",\"@id\":\"https:\/\/edicionesdelpuente.com.ar\/delpuente\/#logo\",\"inLanguage\":\"es-AR\",\"url\":\"https:\/\/edicionesdelpuente.com.ar\/delpuente\/wp-content\/uploads\/2021\/03\/isologo-delpuente-adpt-1.png\",\"contentUrl\":\"https:\/\/edicionesdelpuente.com.ar\/delpuente\/wp-content\/uploads\/2021\/03\/isologo-delpuente-adpt-1.png\",\"width\":330,\"height\":275,\"caption\":\"Ediciones Del Puente\"},\"image\":{\"@id\":\"https:\/\/edicionesdelpuente.com.ar\/delpuente\/#logo\"}},{\"@type\":\"WebSite\",\"@id\":\"https:\/\/edicionesdelpuente.com.ar\/delpuente\/#website\",\"url\":\"https:\/\/edicionesdelpuente.com.ar\/delpuente\/\",\"name\":\"Ediciones Del Puente\",\"description\":\"Editorial\",\"publisher\":{\"@id\":\"https:\/\/edicionesdelpuente.com.ar\/delpuente\/#organization\"},\"potentialAction\":[{\"@type\":\"SearchAction\",\"target\":\"https:\/\/edicionesdelpuente.com.ar\/delpuente\/?s={search_term_string}\",\"query-input\":\"required name=search_term_string\"}],\"inLanguage\":\"es-AR\"},{\"@type\":\"ImageObject\",\"@id\":\"https:\/\/edicionesdelpuente.com.ar\/delpuente\/producto\/voces-del-viento\/#primaryimage\",\"inLanguage\":\"es-AR\",\"url\":\"https:\/\/edicionesdelpuente.com.ar\/delpuente\/wp-content\/uploads\/2023\/01\/voces-del-viento-tapa-web.jpg\",\"contentUrl\":\"https:\/\/edicionesdelpuente.com.ar\/delpuente\/wp-content\/uploads\/2023\/01\/voces-del-viento-tapa-web.jpg\",\"width\":1655,\"height\":2363},{\"@type\":\"WebPage\",\"@id\":\"https:\/\/edicionesdelpuente.com.ar\/delpuente\/producto\/voces-del-viento\/#webpage\",\"url\":\"https:\/\/edicionesdelpuente.com.ar\/delpuente\/producto\/voces-del-viento\/\",\"name\":\"Voces del viento &ndash; Ediciones Del Puente\",\"isPartOf\":{\"@id\":\"https:\/\/edicionesdelpuente.com.ar\/delpuente\/#website\"},\"primaryImageOfPage\":{\"@id\":\"https:\/\/edicionesdelpuente.com.ar\/delpuente\/producto\/voces-del-viento\/#primaryimage\"},\"datePublished\":\"2023-01-17T15:09:51+00:00\",\"dateModified\":\"2024-09-13T02:17:25+00:00\",\"breadcrumb\":{\"@id\":\"https:\/\/edicionesdelpuente.com.ar\/delpuente\/producto\/voces-del-viento\/#breadcrumb\"},\"inLanguage\":\"es-AR\",\"potentialAction\":[{\"@type\":\"ReadAction\",\"target\":[\"https:\/\/edicionesdelpuente.com.ar\/delpuente\/producto\/voces-del-viento\/\"]}]},{\"@type\":\"BreadcrumbList\",\"@id\":\"https:\/\/edicionesdelpuente.com.ar\/delpuente\/producto\/voces-del-viento\/#breadcrumb\",\"itemListElement\":[{\"@type\":\"ListItem\",\"position\":1,\"item\":{\"@type\":\"WebPage\",\"@id\":\"https:\/\/edicionesdelpuente.com.ar\/delpuente\/\",\"url\":\"https:\/\/edicionesdelpuente.com.ar\/delpuente\/\",\"name\":\"Inicio\"}},{\"@type\":\"ListItem\",\"position\":2,\"item\":{\"@type\":\"WebPage\",\"@id\":\"https:\/\/edicionesdelpuente.com.ar\/delpuente\/tienda\/\",\"url\":\"https:\/\/edicionesdelpuente.com.ar\/delpuente\/tienda\/\",\"name\":\"Cat\\u00e1logo\"}},{\"@type\":\"ListItem\",\"position\":3,\"item\":{\"@type\":\"WebPage\",\"@id\":\"https:\/\/edicionesdelpuente.com.ar\/delpuente\/producto\/voces-del-viento\/\",\"url\":\"https:\/\/edicionesdelpuente.com.ar\/delpuente\/producto\/voces-del-viento\/\",\"name\":\"Voces del viento\"}}]}]}<\/script>\n<!-- \/ Yoast SEO plugin. -->","_links":{"self":[{"href":"https:\/\/edicionesdelpuente.com.ar\/delpuente\/wp-json\/wp\/v2\/product\/1510"}],"collection":[{"href":"https:\/\/edicionesdelpuente.com.ar\/delpuente\/wp-json\/wp\/v2\/product"}],"about":[{"href":"https:\/\/edicionesdelpuente.com.ar\/delpuente\/wp-json\/wp\/v2\/types\/product"}],"wp:featuredmedia":[{"embeddable":true,"href":"https:\/\/edicionesdelpuente.com.ar\/delpuente\/wp-json\/wp\/v2\/media\/1511"}],"wp:attachment":[{"href":"https:\/\/edicionesdelpuente.com.ar\/delpuente\/wp-json\/wp\/v2\/media?parent=1510"}],"curies":[{"name":"wp","href":"https:\/\/api.w.org\/{rel}","templated":true}]}}