{"id":151,"date":"2021-05-05T10:37:09","date_gmt":"2021-05-05T13:37:09","guid":{"rendered":"https:\/\/edicionesdelpuente.com.ar\/delpuente\/?post_type=product&#038;p=151"},"modified":"2025-11-02T22:44:53","modified_gmt":"2025-11-03T01:44:53","slug":"como-si-fueramos-golondrinas","status":"publish","type":"product","link":"https:\/\/edicionesdelpuente.com.ar\/delpuente\/producto\/como-si-fueramos-golondrinas\/","title":{"rendered":"Como si fu\u00e9ramos golondrinas"},"content":{"rendered":"<p style=\"text-align: left\">Dicen que los perros no sue\u00f1an, pero \u00bfqui\u00e9n no ha escuchado a su perro so\u00f1ar? Batata, el encargado de contarnos esta historia y de transmitirnos las ense\u00f1anzas de su abuela, la Nera, \u00faltimamente cree que sue\u00f1a, especialmente luego de ver migrar a las golondrinas.<br \/>\nComo si fu\u00e9ramos golondrinas nos acerca la sencilla mirada de un perro de las calles de Goya sobre las rarezas de la vida de los humanos: la desconfianza, el miedo, las apariencias y los muros que construyen para mantener distancias. Un tema en particular llama la atenci\u00f3n de nuestro narrador perruno: el rechazo humano ante las migraciones. En palabras simples de la Nera: \u201cLas golondrinas huyen del fr\u00edo, como los hombres huyen del hambre y de la guerra y las golondrinas buscan un nuevo nido, como los hombres buscan una nueva casa\u201d.<\/p>\n","protected":false},"excerpt":{"rendered":"<h6><strong>Autor:<\/strong> Bachi Salas<br \/>\n<strong>ISBN:<\/strong> 9789874770608<br \/>\n<strong>Fecha de publicaci\u00f3n:<\/strong> Agosto de 2020<br \/>\n<strong>44<\/strong> P\u00e1ginas<br \/>\n<strong>Formato:<\/strong> 14cmx20cm<\/h6>\n<p>[vc_empty_space height=&#8221;20px&#8221;]<\/p>\n[button size='' style='' text='Le\u00e9 las primeras p\u00e1ginas' icon='fa-download' icon_color='#ffffff' link='https:\/\/edicionesdelpuente.com.ar\/delpuente\/wp-content\/uploads\/2021\/04\/Como-si-fueramos-golondrinas-muestra.pdf' target='_blank' color='#FFFFFF' hover_color='#FFFFFF' border_color='#B5B5B5' hover_border_color='#06ABBA' background_color='#B5B5B5' hover_background_color='#06ABBA' font_style='normal' font_weight='600' text_align='center' margin='']\n<p>&nbsp;<\/p>\n","protected":false},"featured_media":674,"template":"","meta":[],"yoast_head":"<!-- This site is optimized with the Yoast SEO plugin v16.1.1 - https:\/\/yoast.com\/wordpress\/plugins\/seo\/ -->\n<title>Como si fu\u00e9ramos golondrinas &ndash; Ediciones Del Puente<\/title>\n<link rel=\"canonical\" href=\"https:\/\/edicionesdelpuente.com.ar\/delpuente\/producto\/como-si-fueramos-golondrinas\/\" \/>\n<meta property=\"og:locale\" content=\"es_ES\" \/>\n<meta property=\"og:type\" content=\"article\" \/>\n<meta property=\"og:title\" content=\"Como si fu\u00e9ramos golondrinas &ndash; Ediciones Del Puente\" \/>\n<meta property=\"og:description\" content=\"Autor: Bachi Salas ISBN: 9789874770608 Fecha de publicaci\u00f3n: Agosto de 2020 44 P\u00e1ginas Formato: 14cmx20cm [vc_empty_space height=&quot;20px&quot;]    &nbsp;\" \/>\n<meta property=\"og:url\" content=\"https:\/\/edicionesdelpuente.com.ar\/delpuente\/producto\/como-si-fueramos-golondrinas\/\" \/>\n<meta property=\"og:site_name\" content=\"Ediciones Del Puente\" \/>\n<meta property=\"article:publisher\" content=\"https:\/\/www.facebook.com\/edicionesdelpuente\/\" \/>\n<meta property=\"article:modified_time\" content=\"2025-11-03T01:44:53+00:00\" \/>\n<meta property=\"og:image\" content=\"https:\/\/edicionesdelpuente.com.ar\/delpuente\/wp-content\/uploads\/2021\/04\/Product-Tienda-1-x703.png\" \/>\n\t<meta property=\"og:image:width\" content=\"703\" \/>\n\t<meta property=\"og:image:height\" content=\"1000\" \/>\n<meta name=\"twitter:card\" content=\"summary_large_image\" \/>\n<meta name=\"twitter:label1\" content=\"Tiempo de lectura\">\n\t<meta name=\"twitter:data1\" content=\"1 minuto\">\n<script type=\"application\/ld+json\" class=\"yoast-schema-graph\">{\"@context\":\"https:\/\/schema.org\",\"@graph\":[{\"@type\":\"Organization\",\"@id\":\"https:\/\/edicionesdelpuente.com.ar\/delpuente\/#organization\",\"name\":\"Ediciones Del Puente\",\"url\":\"https:\/\/edicionesdelpuente.com.ar\/delpuente\/\",\"sameAs\":[\"https:\/\/www.facebook.com\/edicionesdelpuente\/\",\"https:\/\/www.instagram.com\/edicionesdelpuente\/\"],\"logo\":{\"@type\":\"ImageObject\",\"@id\":\"https:\/\/edicionesdelpuente.com.ar\/delpuente\/#logo\",\"inLanguage\":\"es-AR\",\"url\":\"https:\/\/edicionesdelpuente.com.ar\/delpuente\/wp-content\/uploads\/2021\/03\/isologo-delpuente-adpt-1.png\",\"contentUrl\":\"https:\/\/edicionesdelpuente.com.ar\/delpuente\/wp-content\/uploads\/2021\/03\/isologo-delpuente-adpt-1.png\",\"width\":330,\"height\":275,\"caption\":\"Ediciones Del Puente\"},\"image\":{\"@id\":\"https:\/\/edicionesdelpuente.com.ar\/delpuente\/#logo\"}},{\"@type\":\"WebSite\",\"@id\":\"https:\/\/edicionesdelpuente.com.ar\/delpuente\/#website\",\"url\":\"https:\/\/edicionesdelpuente.com.ar\/delpuente\/\",\"name\":\"Ediciones Del Puente\",\"description\":\"Editorial\",\"publisher\":{\"@id\":\"https:\/\/edicionesdelpuente.com.ar\/delpuente\/#organization\"},\"potentialAction\":[{\"@type\":\"SearchAction\",\"target\":\"https:\/\/edicionesdelpuente.com.ar\/delpuente\/?s={search_term_string}\",\"query-input\":\"required name=search_term_string\"}],\"inLanguage\":\"es-AR\"},{\"@type\":\"ImageObject\",\"@id\":\"https:\/\/edicionesdelpuente.com.ar\/delpuente\/producto\/como-si-fueramos-golondrinas\/#primaryimage\",\"inLanguage\":\"es-AR\",\"url\":\"https:\/\/edicionesdelpuente.com.ar\/delpuente\/wp-content\/uploads\/2021\/04\/Product-Tienda-1-x703.png\",\"contentUrl\":\"https:\/\/edicionesdelpuente.com.ar\/delpuente\/wp-content\/uploads\/2021\/04\/Product-Tienda-1-x703.png\",\"width\":703,\"height\":1000},{\"@type\":\"WebPage\",\"@id\":\"https:\/\/edicionesdelpuente.com.ar\/delpuente\/producto\/como-si-fueramos-golondrinas\/#webpage\",\"url\":\"https:\/\/edicionesdelpuente.com.ar\/delpuente\/producto\/como-si-fueramos-golondrinas\/\",\"name\":\"Como si fu\\u00e9ramos golondrinas &ndash; Ediciones Del Puente\",\"isPartOf\":{\"@id\":\"https:\/\/edicionesdelpuente.com.ar\/delpuente\/#website\"},\"primaryImageOfPage\":{\"@id\":\"https:\/\/edicionesdelpuente.com.ar\/delpuente\/producto\/como-si-fueramos-golondrinas\/#primaryimage\"},\"datePublished\":\"2021-05-05T13:37:09+00:00\",\"dateModified\":\"2025-11-03T01:44:53+00:00\",\"breadcrumb\":{\"@id\":\"https:\/\/edicionesdelpuente.com.ar\/delpuente\/producto\/como-si-fueramos-golondrinas\/#breadcrumb\"},\"inLanguage\":\"es-AR\",\"potentialAction\":[{\"@type\":\"ReadAction\",\"target\":[\"https:\/\/edicionesdelpuente.com.ar\/delpuente\/producto\/como-si-fueramos-golondrinas\/\"]}]},{\"@type\":\"BreadcrumbList\",\"@id\":\"https:\/\/edicionesdelpuente.com.ar\/delpuente\/producto\/como-si-fueramos-golondrinas\/#breadcrumb\",\"itemListElement\":[{\"@type\":\"ListItem\",\"position\":1,\"item\":{\"@type\":\"WebPage\",\"@id\":\"https:\/\/edicionesdelpuente.com.ar\/delpuente\/\",\"url\":\"https:\/\/edicionesdelpuente.com.ar\/delpuente\/\",\"name\":\"Inicio\"}},{\"@type\":\"ListItem\",\"position\":2,\"item\":{\"@type\":\"WebPage\",\"@id\":\"https:\/\/edicionesdelpuente.com.ar\/delpuente\/tienda\/\",\"url\":\"https:\/\/edicionesdelpuente.com.ar\/delpuente\/tienda\/\",\"name\":\"Cat\\u00e1logo\"}},{\"@type\":\"ListItem\",\"position\":3,\"item\":{\"@type\":\"WebPage\",\"@id\":\"https:\/\/edicionesdelpuente.com.ar\/delpuente\/producto\/como-si-fueramos-golondrinas\/\",\"url\":\"https:\/\/edicionesdelpuente.com.ar\/delpuente\/producto\/como-si-fueramos-golondrinas\/\",\"name\":\"Como si fu\\u00e9ramos golondrinas\"}}]}]}<\/script>\n<!-- \/ Yoast SEO plugin. -->","_links":{"self":[{"href":"https:\/\/edicionesdelpuente.com.ar\/delpuente\/wp-json\/wp\/v2\/product\/151"}],"collection":[{"href":"https:\/\/edicionesdelpuente.com.ar\/delpuente\/wp-json\/wp\/v2\/product"}],"about":[{"href":"https:\/\/edicionesdelpuente.com.ar\/delpuente\/wp-json\/wp\/v2\/types\/product"}],"wp:featuredmedia":[{"embeddable":true,"href":"https:\/\/edicionesdelpuente.com.ar\/delpuente\/wp-json\/wp\/v2\/media\/674"}],"wp:attachment":[{"href":"https:\/\/edicionesdelpuente.com.ar\/delpuente\/wp-json\/wp\/v2\/media?parent=151"}],"curies":[{"name":"wp","href":"https:\/\/api.w.org\/{rel}","templated":true}]}}