{"id":1497,"date":"2022-11-01T23:34:11","date_gmt":"2022-11-02T02:34:11","guid":{"rendered":"https:\/\/edicionesdelpuente.com.ar\/delpuente\/?post_type=product&#038;p=1497"},"modified":"2025-07-07T19:17:33","modified_gmt":"2025-07-07T22:17:33","slug":"la-escuela-normal-y-su-huella-cultural","status":"publish","type":"product","link":"https:\/\/edicionesdelpuente.com.ar\/delpuente\/producto\/la-escuela-normal-y-su-huella-cultural\/","title":{"rendered":"La Escuela Normal y su huella cultural"},"content":{"rendered":"<p style=\"text-align: left\">Quien transite los distintos apartados de este libro podr\u00e1 encontrarse con una narrativa acerca de la historia de la Escuela Normal de R\u00edo Cuarto en la que se entretejen actores, lugares, discursos, sentidos: actos \u00e9ticos y est\u00e9ticos que habilitaban de mil maneras posibles la cultura escolar y ciudadana. La lectora o el lector comprender\u00e1 que no se trat\u00f3 de un mero dispositivo estatal para la formaci\u00f3n de maestros y la educaci\u00f3n de ni\u00f1os y j\u00f3venes, sino tambi\u00e9n de una muy central m\u00e9dula de proyecci\u00f3n cultural, tal como sostiene la autora: espacio creador, difusor y posibilitador en el acceso a la cultura, en una relaci\u00f3n constante con diversos actores sociales de la ciudad que acontec\u00eda a la modernidad, al progreso en sentido liberal.<\/p>\n<p style=\"text-align: left\">La misma autora es una egresada de la Escuela Normal Superior \u201cJusto Jos\u00e9 de Urquiza\u201d de la ciudad de R\u00edo Cuarto, mujer e historiadora que tras y con su formaci\u00f3n historiogr\u00e1fica, se dedica a edificar desde su historiograf\u00eda \u201cuna Normal\u201d nueva, conceptualizada en el plano de una historia de cariz cultural, asumiendo el riesgo y no dando nada por sentado ante sus preguntas y su ampl\u00edsimo y notable utillaje documental.<\/p>\n","protected":false},"excerpt":{"rendered":"<h6><strong>Autora:<\/strong> Yamila Alvarez<br \/>\n<strong>ISBN:<\/strong> 9789874861085<br \/>\n<strong>Fecha de Publicaci\u00f3n:<\/strong> noviembre de 2022<br \/>\n<strong>214<\/strong>\u00a0p\u00e1ginas<br \/>\n<strong>Formato:<\/strong> 16 cm x 23 cm<\/h6>\n<p>&nbsp;<\/p>\n<p>&nbsp;<\/p>\n","protected":false},"featured_media":1498,"template":"","meta":[],"yoast_head":"<!-- This site is optimized with the Yoast SEO plugin v16.1.1 - https:\/\/yoast.com\/wordpress\/plugins\/seo\/ -->\n<title>La Escuela Normal y su huella cultural &ndash; Ediciones Del Puente<\/title>\n<link rel=\"canonical\" href=\"https:\/\/edicionesdelpuente.com.ar\/delpuente\/producto\/la-escuela-normal-y-su-huella-cultural\/\" \/>\n<meta property=\"og:locale\" content=\"es_ES\" \/>\n<meta property=\"og:type\" content=\"article\" \/>\n<meta property=\"og:title\" content=\"La Escuela Normal y su huella cultural &ndash; Ediciones Del Puente\" \/>\n<meta property=\"og:description\" content=\"Autora: Yamila Alvarez ISBN: 9789874861085 Fecha de Publicaci\u00f3n: noviembre de 2022 214\u00a0p\u00e1ginas Formato: 16 cm x 23 cm &nbsp;  &nbsp;\" \/>\n<meta property=\"og:url\" content=\"https:\/\/edicionesdelpuente.com.ar\/delpuente\/producto\/la-escuela-normal-y-su-huella-cultural\/\" \/>\n<meta property=\"og:site_name\" content=\"Ediciones Del Puente\" \/>\n<meta property=\"article:publisher\" content=\"https:\/\/www.facebook.com\/edicionesdelpuente\/\" \/>\n<meta property=\"article:modified_time\" content=\"2025-07-07T22:17:33+00:00\" \/>\n<meta property=\"og:image\" content=\"https:\/\/edicionesdelpuente.com.ar\/delpuente\/wp-content\/uploads\/2022\/11\/Escuela-normal-tapa-frente-scaled.jpg\" \/>\n\t<meta property=\"og:image:width\" content=\"1764\" \/>\n\t<meta property=\"og:image:height\" content=\"2560\" \/>\n<meta name=\"twitter:card\" content=\"summary_large_image\" \/>\n<meta name=\"twitter:label1\" content=\"Tiempo de lectura\">\n\t<meta name=\"twitter:data1\" content=\"1 minuto\">\n<script type=\"application\/ld+json\" class=\"yoast-schema-graph\">{\"@context\":\"https:\/\/schema.org\",\"@graph\":[{\"@type\":\"Organization\",\"@id\":\"https:\/\/edicionesdelpuente.com.ar\/delpuente\/#organization\",\"name\":\"Ediciones Del Puente\",\"url\":\"https:\/\/edicionesdelpuente.com.ar\/delpuente\/\",\"sameAs\":[\"https:\/\/www.facebook.com\/edicionesdelpuente\/\",\"https:\/\/www.instagram.com\/edicionesdelpuente\/\"],\"logo\":{\"@type\":\"ImageObject\",\"@id\":\"https:\/\/edicionesdelpuente.com.ar\/delpuente\/#logo\",\"inLanguage\":\"es-AR\",\"url\":\"https:\/\/edicionesdelpuente.com.ar\/delpuente\/wp-content\/uploads\/2021\/03\/isologo-delpuente-adpt-1.png\",\"contentUrl\":\"https:\/\/edicionesdelpuente.com.ar\/delpuente\/wp-content\/uploads\/2021\/03\/isologo-delpuente-adpt-1.png\",\"width\":330,\"height\":275,\"caption\":\"Ediciones Del Puente\"},\"image\":{\"@id\":\"https:\/\/edicionesdelpuente.com.ar\/delpuente\/#logo\"}},{\"@type\":\"WebSite\",\"@id\":\"https:\/\/edicionesdelpuente.com.ar\/delpuente\/#website\",\"url\":\"https:\/\/edicionesdelpuente.com.ar\/delpuente\/\",\"name\":\"Ediciones Del Puente\",\"description\":\"Editorial\",\"publisher\":{\"@id\":\"https:\/\/edicionesdelpuente.com.ar\/delpuente\/#organization\"},\"potentialAction\":[{\"@type\":\"SearchAction\",\"target\":\"https:\/\/edicionesdelpuente.com.ar\/delpuente\/?s={search_term_string}\",\"query-input\":\"required name=search_term_string\"}],\"inLanguage\":\"es-AR\"},{\"@type\":\"ImageObject\",\"@id\":\"https:\/\/edicionesdelpuente.com.ar\/delpuente\/producto\/la-escuela-normal-y-su-huella-cultural\/#primaryimage\",\"inLanguage\":\"es-AR\",\"url\":\"https:\/\/edicionesdelpuente.com.ar\/delpuente\/wp-content\/uploads\/2022\/11\/Escuela-normal-tapa-frente-scaled.jpg\",\"contentUrl\":\"https:\/\/edicionesdelpuente.com.ar\/delpuente\/wp-content\/uploads\/2022\/11\/Escuela-normal-tapa-frente-scaled.jpg\",\"width\":1764,\"height\":2560},{\"@type\":\"WebPage\",\"@id\":\"https:\/\/edicionesdelpuente.com.ar\/delpuente\/producto\/la-escuela-normal-y-su-huella-cultural\/#webpage\",\"url\":\"https:\/\/edicionesdelpuente.com.ar\/delpuente\/producto\/la-escuela-normal-y-su-huella-cultural\/\",\"name\":\"La Escuela Normal y su huella cultural &ndash; Ediciones Del Puente\",\"isPartOf\":{\"@id\":\"https:\/\/edicionesdelpuente.com.ar\/delpuente\/#website\"},\"primaryImageOfPage\":{\"@id\":\"https:\/\/edicionesdelpuente.com.ar\/delpuente\/producto\/la-escuela-normal-y-su-huella-cultural\/#primaryimage\"},\"datePublished\":\"2022-11-02T02:34:11+00:00\",\"dateModified\":\"2025-07-07T22:17:33+00:00\",\"breadcrumb\":{\"@id\":\"https:\/\/edicionesdelpuente.com.ar\/delpuente\/producto\/la-escuela-normal-y-su-huella-cultural\/#breadcrumb\"},\"inLanguage\":\"es-AR\",\"potentialAction\":[{\"@type\":\"ReadAction\",\"target\":[\"https:\/\/edicionesdelpuente.com.ar\/delpuente\/producto\/la-escuela-normal-y-su-huella-cultural\/\"]}]},{\"@type\":\"BreadcrumbList\",\"@id\":\"https:\/\/edicionesdelpuente.com.ar\/delpuente\/producto\/la-escuela-normal-y-su-huella-cultural\/#breadcrumb\",\"itemListElement\":[{\"@type\":\"ListItem\",\"position\":1,\"item\":{\"@type\":\"WebPage\",\"@id\":\"https:\/\/edicionesdelpuente.com.ar\/delpuente\/\",\"url\":\"https:\/\/edicionesdelpuente.com.ar\/delpuente\/\",\"name\":\"Inicio\"}},{\"@type\":\"ListItem\",\"position\":2,\"item\":{\"@type\":\"WebPage\",\"@id\":\"https:\/\/edicionesdelpuente.com.ar\/delpuente\/tienda\/\",\"url\":\"https:\/\/edicionesdelpuente.com.ar\/delpuente\/tienda\/\",\"name\":\"Cat\\u00e1logo\"}},{\"@type\":\"ListItem\",\"position\":3,\"item\":{\"@type\":\"WebPage\",\"@id\":\"https:\/\/edicionesdelpuente.com.ar\/delpuente\/producto\/la-escuela-normal-y-su-huella-cultural\/\",\"url\":\"https:\/\/edicionesdelpuente.com.ar\/delpuente\/producto\/la-escuela-normal-y-su-huella-cultural\/\",\"name\":\"La Escuela Normal y su huella cultural\"}}]}]}<\/script>\n<!-- \/ Yoast SEO plugin. -->","_links":{"self":[{"href":"https:\/\/edicionesdelpuente.com.ar\/delpuente\/wp-json\/wp\/v2\/product\/1497"}],"collection":[{"href":"https:\/\/edicionesdelpuente.com.ar\/delpuente\/wp-json\/wp\/v2\/product"}],"about":[{"href":"https:\/\/edicionesdelpuente.com.ar\/delpuente\/wp-json\/wp\/v2\/types\/product"}],"wp:featuredmedia":[{"embeddable":true,"href":"https:\/\/edicionesdelpuente.com.ar\/delpuente\/wp-json\/wp\/v2\/media\/1498"}],"wp:attachment":[{"href":"https:\/\/edicionesdelpuente.com.ar\/delpuente\/wp-json\/wp\/v2\/media?parent=1497"}],"curies":[{"name":"wp","href":"https:\/\/api.w.org\/{rel}","templated":true}]}}