{"id":1477,"date":"2022-06-12T23:49:35","date_gmt":"2022-06-13T02:49:35","guid":{"rendered":"https:\/\/edicionesdelpuente.com.ar\/delpuente\/?post_type=product&#038;p=1477"},"modified":"2025-01-02T14:21:16","modified_gmt":"2025-01-02T17:21:16","slug":"peronismo-y-libertadora","status":"publish","type":"product","link":"https:\/\/edicionesdelpuente.com.ar\/delpuente\/producto\/peronismo-y-libertadora\/","title":{"rendered":"Peronismo y Libertadora"},"content":{"rendered":"<p style=\"text-align: left\">En este libro necesario para la historia de R\u00edo Cuarto, que es tambi\u00e9n la historia \u201cargentina\u201d o \u201cnacional\u201d, Griselda P\u00e9cora resume gran parte de los t\u00f3picos y problemas que han formado parte del espectro de sus intereses como historiadora por m\u00e1s de treinta a\u00f1os: el peronismo, el Golpe de Estado de 1955 y el gobierno dictatorial de la autodenominada &#8220;Revoluci\u00f3n Libertadora&#8221;, entre otros. Se trata de una edici\u00f3n digna de celebrar porque, como sostiene Eduardo Escudero en su Presentaci\u00f3n, &#8220;ilumina segmentos altamente significativos y pr\u00e1cticamente inexplorados de la historia local y nacional, y porque es el resultado de una vida entera dedicada al trabajo cient\u00edfico de una historiadora que supo y sabe hacer de sus recursos y sus fuentes los componentes pertinentes de la labor historiogr\u00e1fica con sistematicidad y criticidad incuestionables. Un texto, adem\u00e1s, colmado de verdad porque, felizmente, Griselda P\u00e9cora no renuncia a una identidad (\u2018su\u2019 identidad), sino que la convierte en uno de los elementos que fundan su marco interpretativo y que sientan las bases de una mirada profundamente rigurosa y comprometida sobre el proceso hist\u00f3rico de R\u00edo Cuarto y de la Argentina en el contexto latinoamericano&#8221;.<\/p>\n","protected":false},"excerpt":{"rendered":"<h6><strong>Autora:<\/strong> Griselda P\u00e9cora<br \/>\n<strong>ISBN:<\/strong> 9789874861016<br \/>\n<strong>Fecha de Publicaci\u00f3n:<\/strong> junio de 2022<br \/>\n<strong>270<\/strong> p\u00e1ginas<br \/>\n<strong>Formato:<\/strong> 14 cm x 20 cm<\/h6>\n<p>&nbsp;<\/p>\n","protected":false},"featured_media":1478,"template":"","meta":[],"yoast_head":"<!-- This site is optimized with the Yoast SEO plugin v16.1.1 - https:\/\/yoast.com\/wordpress\/plugins\/seo\/ -->\n<title>Peronismo y Libertadora &ndash; Ediciones Del Puente<\/title>\n<link rel=\"canonical\" href=\"https:\/\/edicionesdelpuente.com.ar\/delpuente\/producto\/peronismo-y-libertadora\/\" \/>\n<meta property=\"og:locale\" content=\"es_ES\" \/>\n<meta property=\"og:type\" content=\"article\" \/>\n<meta property=\"og:title\" content=\"Peronismo y Libertadora &ndash; Ediciones Del Puente\" \/>\n<meta property=\"og:description\" content=\"Autora: Griselda P\u00e9cora ISBN: 9789874861016 Fecha de Publicaci\u00f3n: junio de 2022 270 p\u00e1ginas Formato: 14 cm x 20 cm &nbsp;\" \/>\n<meta property=\"og:url\" content=\"https:\/\/edicionesdelpuente.com.ar\/delpuente\/producto\/peronismo-y-libertadora\/\" \/>\n<meta property=\"og:site_name\" content=\"Ediciones Del Puente\" \/>\n<meta property=\"article:publisher\" content=\"https:\/\/www.facebook.com\/edicionesdelpuente\/\" \/>\n<meta property=\"article:modified_time\" content=\"2025-01-02T17:21:16+00:00\" \/>\n<meta property=\"og:image\" content=\"https:\/\/edicionesdelpuente.com.ar\/delpuente\/wp-content\/uploads\/2022\/06\/Peronismo-y-libertadora-tapa-frente.png\" \/>\n\t<meta property=\"og:image:width\" content=\"836\" \/>\n\t<meta property=\"og:image:height\" content=\"1181\" \/>\n<meta name=\"twitter:card\" content=\"summary_large_image\" \/>\n<meta name=\"twitter:label1\" content=\"Tiempo de lectura\">\n\t<meta name=\"twitter:data1\" content=\"1 minuto\">\n<script type=\"application\/ld+json\" class=\"yoast-schema-graph\">{\"@context\":\"https:\/\/schema.org\",\"@graph\":[{\"@type\":\"Organization\",\"@id\":\"https:\/\/edicionesdelpuente.com.ar\/delpuente\/#organization\",\"name\":\"Ediciones Del Puente\",\"url\":\"https:\/\/edicionesdelpuente.com.ar\/delpuente\/\",\"sameAs\":[\"https:\/\/www.facebook.com\/edicionesdelpuente\/\",\"https:\/\/www.instagram.com\/edicionesdelpuente\/\"],\"logo\":{\"@type\":\"ImageObject\",\"@id\":\"https:\/\/edicionesdelpuente.com.ar\/delpuente\/#logo\",\"inLanguage\":\"es-AR\",\"url\":\"https:\/\/edicionesdelpuente.com.ar\/delpuente\/wp-content\/uploads\/2021\/03\/isologo-delpuente-adpt-1.png\",\"contentUrl\":\"https:\/\/edicionesdelpuente.com.ar\/delpuente\/wp-content\/uploads\/2021\/03\/isologo-delpuente-adpt-1.png\",\"width\":330,\"height\":275,\"caption\":\"Ediciones Del Puente\"},\"image\":{\"@id\":\"https:\/\/edicionesdelpuente.com.ar\/delpuente\/#logo\"}},{\"@type\":\"WebSite\",\"@id\":\"https:\/\/edicionesdelpuente.com.ar\/delpuente\/#website\",\"url\":\"https:\/\/edicionesdelpuente.com.ar\/delpuente\/\",\"name\":\"Ediciones Del Puente\",\"description\":\"Editorial\",\"publisher\":{\"@id\":\"https:\/\/edicionesdelpuente.com.ar\/delpuente\/#organization\"},\"potentialAction\":[{\"@type\":\"SearchAction\",\"target\":\"https:\/\/edicionesdelpuente.com.ar\/delpuente\/?s={search_term_string}\",\"query-input\":\"required name=search_term_string\"}],\"inLanguage\":\"es-AR\"},{\"@type\":\"ImageObject\",\"@id\":\"https:\/\/edicionesdelpuente.com.ar\/delpuente\/producto\/peronismo-y-libertadora\/#primaryimage\",\"inLanguage\":\"es-AR\",\"url\":\"https:\/\/edicionesdelpuente.com.ar\/delpuente\/wp-content\/uploads\/2022\/06\/Peronismo-y-libertadora-tapa-frente.png\",\"contentUrl\":\"https:\/\/edicionesdelpuente.com.ar\/delpuente\/wp-content\/uploads\/2022\/06\/Peronismo-y-libertadora-tapa-frente.png\",\"width\":836,\"height\":1181},{\"@type\":\"WebPage\",\"@id\":\"https:\/\/edicionesdelpuente.com.ar\/delpuente\/producto\/peronismo-y-libertadora\/#webpage\",\"url\":\"https:\/\/edicionesdelpuente.com.ar\/delpuente\/producto\/peronismo-y-libertadora\/\",\"name\":\"Peronismo y Libertadora &ndash; Ediciones Del Puente\",\"isPartOf\":{\"@id\":\"https:\/\/edicionesdelpuente.com.ar\/delpuente\/#website\"},\"primaryImageOfPage\":{\"@id\":\"https:\/\/edicionesdelpuente.com.ar\/delpuente\/producto\/peronismo-y-libertadora\/#primaryimage\"},\"datePublished\":\"2022-06-13T02:49:35+00:00\",\"dateModified\":\"2025-01-02T17:21:16+00:00\",\"breadcrumb\":{\"@id\":\"https:\/\/edicionesdelpuente.com.ar\/delpuente\/producto\/peronismo-y-libertadora\/#breadcrumb\"},\"inLanguage\":\"es-AR\",\"potentialAction\":[{\"@type\":\"ReadAction\",\"target\":[\"https:\/\/edicionesdelpuente.com.ar\/delpuente\/producto\/peronismo-y-libertadora\/\"]}]},{\"@type\":\"BreadcrumbList\",\"@id\":\"https:\/\/edicionesdelpuente.com.ar\/delpuente\/producto\/peronismo-y-libertadora\/#breadcrumb\",\"itemListElement\":[{\"@type\":\"ListItem\",\"position\":1,\"item\":{\"@type\":\"WebPage\",\"@id\":\"https:\/\/edicionesdelpuente.com.ar\/delpuente\/\",\"url\":\"https:\/\/edicionesdelpuente.com.ar\/delpuente\/\",\"name\":\"Inicio\"}},{\"@type\":\"ListItem\",\"position\":2,\"item\":{\"@type\":\"WebPage\",\"@id\":\"https:\/\/edicionesdelpuente.com.ar\/delpuente\/tienda\/\",\"url\":\"https:\/\/edicionesdelpuente.com.ar\/delpuente\/tienda\/\",\"name\":\"Cat\\u00e1logo\"}},{\"@type\":\"ListItem\",\"position\":3,\"item\":{\"@type\":\"WebPage\",\"@id\":\"https:\/\/edicionesdelpuente.com.ar\/delpuente\/producto\/peronismo-y-libertadora\/\",\"url\":\"https:\/\/edicionesdelpuente.com.ar\/delpuente\/producto\/peronismo-y-libertadora\/\",\"name\":\"Peronismo y Libertadora\"}}]}]}<\/script>\n<!-- \/ Yoast SEO plugin. -->","_links":{"self":[{"href":"https:\/\/edicionesdelpuente.com.ar\/delpuente\/wp-json\/wp\/v2\/product\/1477"}],"collection":[{"href":"https:\/\/edicionesdelpuente.com.ar\/delpuente\/wp-json\/wp\/v2\/product"}],"about":[{"href":"https:\/\/edicionesdelpuente.com.ar\/delpuente\/wp-json\/wp\/v2\/types\/product"}],"wp:featuredmedia":[{"embeddable":true,"href":"https:\/\/edicionesdelpuente.com.ar\/delpuente\/wp-json\/wp\/v2\/media\/1478"}],"wp:attachment":[{"href":"https:\/\/edicionesdelpuente.com.ar\/delpuente\/wp-json\/wp\/v2\/media?parent=1477"}],"curies":[{"name":"wp","href":"https:\/\/api.w.org\/{rel}","templated":true}]}}