{"id":1449,"date":"2022-03-10T23:00:43","date_gmt":"2022-03-11T02:00:43","guid":{"rendered":"https:\/\/edicionesdelpuente.com.ar\/delpuente\/?post_type=product&#038;p=1449"},"modified":"2024-09-12T23:18:49","modified_gmt":"2024-09-13T02:18:49","slug":"un-doc-en-la-trinchera","status":"publish","type":"product","link":"https:\/\/edicionesdelpuente.com.ar\/delpuente\/producto\/un-doc-en-la-trinchera\/","title":{"rendered":"Un doc en la trinchera"},"content":{"rendered":"<p style=\"text-align: left\">El texto es muestra de mi orgullo y honor por haber en la guerra de Malvinas podido ser parte de ese grupo humano que protagoniz\u00f3 un momento inolvidable de la historia Argentina en la defensa por la soberan\u00eda nacional de nuestras Islas Malvinas, durante el conflicto b\u00e9lico ocurrido con el Reino Unido en el a\u00f1o 1982.<br \/>\nConsidero una obligaci\u00f3n moral narrar lo que realmente viv\u00ed en aquella etapa de mi vida, tratando que la veracidad de los hechos ocurridos quede registrada y trascienda. No ha sido tarea f\u00e1cil transcribir a papel las vivencias de la guerra, donde el sufrimiento, el dolor, la muerte, la angustia y el miedo, fueron nuestros compa\u00f1eros invisibles.<br \/>\nFuimos un grupo humano que se puso al servicio de nuestra naci\u00f3n, defendiendo con u\u00f1as y dientes, en ciertos casos hasta ofrendaron su vida por nuestra bandera nacional.<br \/>\nEspero que estas palabras simples y sencillas que componen el libro sean un aporte m\u00e1s en la Causa Malvinas y muestren la valent\u00eda, el coraje, el amor por los s\u00edmbolos patrios, junto a las m\u00e1s grandes virtudes con que cuenta un ser humano.<\/p>\n<p style=\"text-align: left\"><em>Carlos Rub\u00e9n Beranek<\/em><\/p>\n","protected":false},"excerpt":{"rendered":"<h6><strong>Autor:<\/strong> Carlos Rub\u00e9n Beranek<br \/>\n<strong>ISBN:<\/strong> 9789872688264<br \/>\n<strong>Fecha de Publicaci\u00f3n:<\/strong> marzo de 2022<br \/>\n<strong>360<\/strong>\u00a0p\u00e1ginas<br \/>\n<strong>Formato:<\/strong> 16 cm x 23 cm<\/h6>\n<p>&nbsp;<\/p>\n","protected":false},"featured_media":1450,"template":"","meta":[],"yoast_head":"<!-- This site is optimized with the Yoast SEO plugin v16.1.1 - https:\/\/yoast.com\/wordpress\/plugins\/seo\/ -->\n<title>Un doc en la trinchera &ndash; Ediciones Del Puente<\/title>\n<link rel=\"canonical\" href=\"https:\/\/edicionesdelpuente.com.ar\/delpuente\/producto\/un-doc-en-la-trinchera\/\" \/>\n<meta property=\"og:locale\" content=\"es_ES\" \/>\n<meta property=\"og:type\" content=\"article\" \/>\n<meta property=\"og:title\" content=\"Un doc en la trinchera &ndash; Ediciones Del Puente\" \/>\n<meta property=\"og:description\" content=\"Autor: Carlos Rub\u00e9n Beranek ISBN: 9789872688264 Fecha de Publicaci\u00f3n: marzo de 2022 360\u00a0p\u00e1ginas Formato: 16 cm x 23 cm &nbsp;\" \/>\n<meta property=\"og:url\" content=\"https:\/\/edicionesdelpuente.com.ar\/delpuente\/producto\/un-doc-en-la-trinchera\/\" \/>\n<meta property=\"og:site_name\" content=\"Ediciones Del Puente\" \/>\n<meta property=\"article:publisher\" content=\"https:\/\/www.facebook.com\/edicionesdelpuente\/\" \/>\n<meta property=\"article:modified_time\" content=\"2024-09-13T02:18:49+00:00\" \/>\n<meta property=\"og:image\" content=\"https:\/\/edicionesdelpuente.com.ar\/delpuente\/wp-content\/uploads\/2022\/03\/tapa-web-Un-doc-en-la-trinchera.png\" \/>\n\t<meta property=\"og:image:width\" content=\"602\" \/>\n\t<meta property=\"og:image:height\" content=\"877\" \/>\n<meta name=\"twitter:card\" content=\"summary_large_image\" \/>\n<meta name=\"twitter:label1\" content=\"Tiempo de lectura\">\n\t<meta name=\"twitter:data1\" content=\"1 minuto\">\n<script type=\"application\/ld+json\" class=\"yoast-schema-graph\">{\"@context\":\"https:\/\/schema.org\",\"@graph\":[{\"@type\":\"Organization\",\"@id\":\"https:\/\/edicionesdelpuente.com.ar\/delpuente\/#organization\",\"name\":\"Ediciones Del Puente\",\"url\":\"https:\/\/edicionesdelpuente.com.ar\/delpuente\/\",\"sameAs\":[\"https:\/\/www.facebook.com\/edicionesdelpuente\/\",\"https:\/\/www.instagram.com\/edicionesdelpuente\/\"],\"logo\":{\"@type\":\"ImageObject\",\"@id\":\"https:\/\/edicionesdelpuente.com.ar\/delpuente\/#logo\",\"inLanguage\":\"es-AR\",\"url\":\"https:\/\/edicionesdelpuente.com.ar\/delpuente\/wp-content\/uploads\/2021\/03\/isologo-delpuente-adpt-1.png\",\"contentUrl\":\"https:\/\/edicionesdelpuente.com.ar\/delpuente\/wp-content\/uploads\/2021\/03\/isologo-delpuente-adpt-1.png\",\"width\":330,\"height\":275,\"caption\":\"Ediciones Del Puente\"},\"image\":{\"@id\":\"https:\/\/edicionesdelpuente.com.ar\/delpuente\/#logo\"}},{\"@type\":\"WebSite\",\"@id\":\"https:\/\/edicionesdelpuente.com.ar\/delpuente\/#website\",\"url\":\"https:\/\/edicionesdelpuente.com.ar\/delpuente\/\",\"name\":\"Ediciones Del Puente\",\"description\":\"Editorial\",\"publisher\":{\"@id\":\"https:\/\/edicionesdelpuente.com.ar\/delpuente\/#organization\"},\"potentialAction\":[{\"@type\":\"SearchAction\",\"target\":\"https:\/\/edicionesdelpuente.com.ar\/delpuente\/?s={search_term_string}\",\"query-input\":\"required name=search_term_string\"}],\"inLanguage\":\"es-AR\"},{\"@type\":\"ImageObject\",\"@id\":\"https:\/\/edicionesdelpuente.com.ar\/delpuente\/producto\/un-doc-en-la-trinchera\/#primaryimage\",\"inLanguage\":\"es-AR\",\"url\":\"https:\/\/edicionesdelpuente.com.ar\/delpuente\/wp-content\/uploads\/2022\/03\/tapa-web-Un-doc-en-la-trinchera.png\",\"contentUrl\":\"https:\/\/edicionesdelpuente.com.ar\/delpuente\/wp-content\/uploads\/2022\/03\/tapa-web-Un-doc-en-la-trinchera.png\",\"width\":602,\"height\":877},{\"@type\":\"WebPage\",\"@id\":\"https:\/\/edicionesdelpuente.com.ar\/delpuente\/producto\/un-doc-en-la-trinchera\/#webpage\",\"url\":\"https:\/\/edicionesdelpuente.com.ar\/delpuente\/producto\/un-doc-en-la-trinchera\/\",\"name\":\"Un doc en la trinchera &ndash; Ediciones Del Puente\",\"isPartOf\":{\"@id\":\"https:\/\/edicionesdelpuente.com.ar\/delpuente\/#website\"},\"primaryImageOfPage\":{\"@id\":\"https:\/\/edicionesdelpuente.com.ar\/delpuente\/producto\/un-doc-en-la-trinchera\/#primaryimage\"},\"datePublished\":\"2022-03-11T02:00:43+00:00\",\"dateModified\":\"2024-09-13T02:18:49+00:00\",\"breadcrumb\":{\"@id\":\"https:\/\/edicionesdelpuente.com.ar\/delpuente\/producto\/un-doc-en-la-trinchera\/#breadcrumb\"},\"inLanguage\":\"es-AR\",\"potentialAction\":[{\"@type\":\"ReadAction\",\"target\":[\"https:\/\/edicionesdelpuente.com.ar\/delpuente\/producto\/un-doc-en-la-trinchera\/\"]}]},{\"@type\":\"BreadcrumbList\",\"@id\":\"https:\/\/edicionesdelpuente.com.ar\/delpuente\/producto\/un-doc-en-la-trinchera\/#breadcrumb\",\"itemListElement\":[{\"@type\":\"ListItem\",\"position\":1,\"item\":{\"@type\":\"WebPage\",\"@id\":\"https:\/\/edicionesdelpuente.com.ar\/delpuente\/\",\"url\":\"https:\/\/edicionesdelpuente.com.ar\/delpuente\/\",\"name\":\"Inicio\"}},{\"@type\":\"ListItem\",\"position\":2,\"item\":{\"@type\":\"WebPage\",\"@id\":\"https:\/\/edicionesdelpuente.com.ar\/delpuente\/tienda\/\",\"url\":\"https:\/\/edicionesdelpuente.com.ar\/delpuente\/tienda\/\",\"name\":\"Cat\\u00e1logo\"}},{\"@type\":\"ListItem\",\"position\":3,\"item\":{\"@type\":\"WebPage\",\"@id\":\"https:\/\/edicionesdelpuente.com.ar\/delpuente\/producto\/un-doc-en-la-trinchera\/\",\"url\":\"https:\/\/edicionesdelpuente.com.ar\/delpuente\/producto\/un-doc-en-la-trinchera\/\",\"name\":\"Un doc en la trinchera\"}}]}]}<\/script>\n<!-- \/ Yoast SEO plugin. -->","_links":{"self":[{"href":"https:\/\/edicionesdelpuente.com.ar\/delpuente\/wp-json\/wp\/v2\/product\/1449"}],"collection":[{"href":"https:\/\/edicionesdelpuente.com.ar\/delpuente\/wp-json\/wp\/v2\/product"}],"about":[{"href":"https:\/\/edicionesdelpuente.com.ar\/delpuente\/wp-json\/wp\/v2\/types\/product"}],"wp:featuredmedia":[{"embeddable":true,"href":"https:\/\/edicionesdelpuente.com.ar\/delpuente\/wp-json\/wp\/v2\/media\/1450"}],"wp:attachment":[{"href":"https:\/\/edicionesdelpuente.com.ar\/delpuente\/wp-json\/wp\/v2\/media?parent=1449"}],"curies":[{"name":"wp","href":"https:\/\/api.w.org\/{rel}","templated":true}]}}