{"id":1427,"date":"2022-01-10T09:35:58","date_gmt":"2022-01-10T12:35:58","guid":{"rendered":"https:\/\/edicionesdelpuente.com.ar\/delpuente\/?post_type=product&#038;p=1427"},"modified":"2023-05-04T23:10:51","modified_gmt":"2023-05-05T02:10:51","slug":"antologia-de-un-interior-sencillo","status":"publish","type":"product","link":"https:\/\/edicionesdelpuente.com.ar\/delpuente\/producto\/antologia-de-un-interior-sencillo\/","title":{"rendered":"Antolog\u00eda de un interior sencillo"},"content":{"rendered":"<p style=\"text-align: left\">Los 80 de mi madre, un festejo significativo que merec\u00eda un regalo igual de importante desde lo afectivo.<br \/>\n\u00bfY si le resumo en unos pocos versos su historia de inmigrante? \u00bfY si a los versos le agrego algunas fotos alusivas? As\u00ed es como nace en el 2000, \u201cAlice, la peque\u00f1a suiza\u201d. Peque\u00f1o librito de hechura artesanal con los pocos recursos disponibles en aquellos tiempos. El original, obviamente para la agasajada y algunas copias para los familiares m\u00e1s cercanos.<br \/>\n\u00bfY si repetimos la experiencia? \u00bfY si para cada navidad reunimos lo que pude haber escrito en el a\u00f1o, lo editamos en forma casera y lo regalamos a nuestros afectos?<br \/>\nAparecen entonces \u201cGarrotillo\u201d, \u201cMujeres\u201d, \u201cCoplas y Otras Yerbas\u201d y otros, que se suceden casi anualmente hasta el a\u00f1o 2008, conformando una rutina pre-navide\u00f1a. Yo recopilando las pocas l\u00edneas escritas, y mi esposa, siempre c\u00f3mplice y part\u00edcipe indispensable de mis locuras, haci\u00e9ndose cargo del copiado, edici\u00f3n y encuadernado.<\/p>\n<p style=\"text-align: left\">A partir de ese a\u00f1o, contin\u00faan algunos escritos pero ya sin difusi\u00f3n hasta que en el 2019 realizo mi primera publicaci\u00f3n formal, una peque\u00f1a recopilaci\u00f3n de cuentos bajo el t\u00edtulo de \u201cCuentos del Lagartijo\u201d. Esa primera experiencia me anima a continuar con esta segunda publicaci\u00f3n, de poemas, que re\u00fane a modo de antolog\u00eda el contenido de los antiguos \u201clibritos\u201d y lo escrito con posterioridad.<br \/>\n<em>Pr\u00f3logo del autor<\/em><\/p>\n","protected":false},"excerpt":{"rendered":"<h6><strong>Autor:<\/strong> Juan Tey\u00fa<br \/>\n<strong>Ilustraciones de:<\/strong> Juan Manuel Castro<br \/>\n<strong>ISBN:<\/strong> 9789872688240<br \/>\n<strong>Fecha de Publicaci\u00f3n:<\/strong> Diciembre de 2021<br \/>\n<strong>162<\/strong>\u00a0p\u00e1ginas<br \/>\n<strong>Formato:<\/strong> 14 cm x 20 cm<\/h6>\n<p>&nbsp;<\/p>\n","protected":false},"featured_media":1430,"template":"","meta":[],"yoast_head":"<!-- This site is optimized with the Yoast SEO plugin v16.1.1 - https:\/\/yoast.com\/wordpress\/plugins\/seo\/ -->\n<title>Antolog\u00eda de un interior sencillo &ndash; Ediciones Del Puente<\/title>\n<link rel=\"canonical\" href=\"https:\/\/edicionesdelpuente.com.ar\/delpuente\/producto\/antologia-de-un-interior-sencillo\/\" \/>\n<meta property=\"og:locale\" content=\"es_ES\" \/>\n<meta property=\"og:type\" content=\"article\" \/>\n<meta property=\"og:title\" content=\"Antolog\u00eda de un interior sencillo &ndash; Ediciones Del Puente\" \/>\n<meta property=\"og:description\" content=\"Autor: Juan Tey\u00fa Ilustraciones de: Juan Manuel Castro ISBN: 9789872688240 Fecha de Publicaci\u00f3n: Diciembre de 2021 162\u00a0p\u00e1ginas Formato: 14 cm x 20 cm &nbsp;\" \/>\n<meta property=\"og:url\" content=\"https:\/\/edicionesdelpuente.com.ar\/delpuente\/producto\/antologia-de-un-interior-sencillo\/\" \/>\n<meta property=\"og:site_name\" content=\"Ediciones Del Puente\" \/>\n<meta property=\"article:publisher\" content=\"https:\/\/www.facebook.com\/edicionesdelpuente\/\" \/>\n<meta property=\"article:modified_time\" content=\"2023-05-05T02:10:51+00:00\" \/>\n<meta property=\"og:image\" content=\"https:\/\/edicionesdelpuente.com.ar\/delpuente\/wp-content\/uploads\/2022\/01\/Antologia-de-un-interior-sencillo-tapa-frente.png\" \/>\n\t<meta property=\"og:image:width\" content=\"412\" \/>\n\t<meta property=\"og:image:height\" content=\"591\" \/>\n<meta name=\"twitter:card\" content=\"summary_large_image\" \/>\n<meta name=\"twitter:label1\" content=\"Tiempo de lectura\">\n\t<meta name=\"twitter:data1\" content=\"1 minuto\">\n<script type=\"application\/ld+json\" class=\"yoast-schema-graph\">{\"@context\":\"https:\/\/schema.org\",\"@graph\":[{\"@type\":\"Organization\",\"@id\":\"https:\/\/edicionesdelpuente.com.ar\/delpuente\/#organization\",\"name\":\"Ediciones Del Puente\",\"url\":\"https:\/\/edicionesdelpuente.com.ar\/delpuente\/\",\"sameAs\":[\"https:\/\/www.facebook.com\/edicionesdelpuente\/\",\"https:\/\/www.instagram.com\/edicionesdelpuente\/\"],\"logo\":{\"@type\":\"ImageObject\",\"@id\":\"https:\/\/edicionesdelpuente.com.ar\/delpuente\/#logo\",\"inLanguage\":\"es-AR\",\"url\":\"https:\/\/edicionesdelpuente.com.ar\/delpuente\/wp-content\/uploads\/2021\/03\/isologo-delpuente-adpt-1.png\",\"contentUrl\":\"https:\/\/edicionesdelpuente.com.ar\/delpuente\/wp-content\/uploads\/2021\/03\/isologo-delpuente-adpt-1.png\",\"width\":330,\"height\":275,\"caption\":\"Ediciones Del Puente\"},\"image\":{\"@id\":\"https:\/\/edicionesdelpuente.com.ar\/delpuente\/#logo\"}},{\"@type\":\"WebSite\",\"@id\":\"https:\/\/edicionesdelpuente.com.ar\/delpuente\/#website\",\"url\":\"https:\/\/edicionesdelpuente.com.ar\/delpuente\/\",\"name\":\"Ediciones Del Puente\",\"description\":\"Editorial\",\"publisher\":{\"@id\":\"https:\/\/edicionesdelpuente.com.ar\/delpuente\/#organization\"},\"potentialAction\":[{\"@type\":\"SearchAction\",\"target\":\"https:\/\/edicionesdelpuente.com.ar\/delpuente\/?s={search_term_string}\",\"query-input\":\"required name=search_term_string\"}],\"inLanguage\":\"es-AR\"},{\"@type\":\"ImageObject\",\"@id\":\"https:\/\/edicionesdelpuente.com.ar\/delpuente\/producto\/antologia-de-un-interior-sencillo\/#primaryimage\",\"inLanguage\":\"es-AR\",\"url\":\"https:\/\/edicionesdelpuente.com.ar\/delpuente\/wp-content\/uploads\/2022\/01\/Antologia-de-un-interior-sencillo-tapa-frente.png\",\"contentUrl\":\"https:\/\/edicionesdelpuente.com.ar\/delpuente\/wp-content\/uploads\/2022\/01\/Antologia-de-un-interior-sencillo-tapa-frente.png\",\"width\":412,\"height\":591},{\"@type\":\"WebPage\",\"@id\":\"https:\/\/edicionesdelpuente.com.ar\/delpuente\/producto\/antologia-de-un-interior-sencillo\/#webpage\",\"url\":\"https:\/\/edicionesdelpuente.com.ar\/delpuente\/producto\/antologia-de-un-interior-sencillo\/\",\"name\":\"Antolog\\u00eda de un interior sencillo &ndash; Ediciones Del Puente\",\"isPartOf\":{\"@id\":\"https:\/\/edicionesdelpuente.com.ar\/delpuente\/#website\"},\"primaryImageOfPage\":{\"@id\":\"https:\/\/edicionesdelpuente.com.ar\/delpuente\/producto\/antologia-de-un-interior-sencillo\/#primaryimage\"},\"datePublished\":\"2022-01-10T12:35:58+00:00\",\"dateModified\":\"2023-05-05T02:10:51+00:00\",\"breadcrumb\":{\"@id\":\"https:\/\/edicionesdelpuente.com.ar\/delpuente\/producto\/antologia-de-un-interior-sencillo\/#breadcrumb\"},\"inLanguage\":\"es-AR\",\"potentialAction\":[{\"@type\":\"ReadAction\",\"target\":[\"https:\/\/edicionesdelpuente.com.ar\/delpuente\/producto\/antologia-de-un-interior-sencillo\/\"]}]},{\"@type\":\"BreadcrumbList\",\"@id\":\"https:\/\/edicionesdelpuente.com.ar\/delpuente\/producto\/antologia-de-un-interior-sencillo\/#breadcrumb\",\"itemListElement\":[{\"@type\":\"ListItem\",\"position\":1,\"item\":{\"@type\":\"WebPage\",\"@id\":\"https:\/\/edicionesdelpuente.com.ar\/delpuente\/\",\"url\":\"https:\/\/edicionesdelpuente.com.ar\/delpuente\/\",\"name\":\"Inicio\"}},{\"@type\":\"ListItem\",\"position\":2,\"item\":{\"@type\":\"WebPage\",\"@id\":\"https:\/\/edicionesdelpuente.com.ar\/delpuente\/tienda\/\",\"url\":\"https:\/\/edicionesdelpuente.com.ar\/delpuente\/tienda\/\",\"name\":\"Cat\\u00e1logo\"}},{\"@type\":\"ListItem\",\"position\":3,\"item\":{\"@type\":\"WebPage\",\"@id\":\"https:\/\/edicionesdelpuente.com.ar\/delpuente\/producto\/antologia-de-un-interior-sencillo\/\",\"url\":\"https:\/\/edicionesdelpuente.com.ar\/delpuente\/producto\/antologia-de-un-interior-sencillo\/\",\"name\":\"Antolog\\u00eda de un interior sencillo\"}}]}]}<\/script>\n<!-- \/ Yoast SEO plugin. -->","_links":{"self":[{"href":"https:\/\/edicionesdelpuente.com.ar\/delpuente\/wp-json\/wp\/v2\/product\/1427"}],"collection":[{"href":"https:\/\/edicionesdelpuente.com.ar\/delpuente\/wp-json\/wp\/v2\/product"}],"about":[{"href":"https:\/\/edicionesdelpuente.com.ar\/delpuente\/wp-json\/wp\/v2\/types\/product"}],"wp:featuredmedia":[{"embeddable":true,"href":"https:\/\/edicionesdelpuente.com.ar\/delpuente\/wp-json\/wp\/v2\/media\/1430"}],"wp:attachment":[{"href":"https:\/\/edicionesdelpuente.com.ar\/delpuente\/wp-json\/wp\/v2\/media?parent=1427"}],"curies":[{"name":"wp","href":"https:\/\/api.w.org\/{rel}","templated":true}]}}