{"id":1406,"date":"2021-11-16T13:59:40","date_gmt":"2021-11-16T16:59:40","guid":{"rendered":"https:\/\/edicionesdelpuente.com.ar\/delpuente\/?post_type=product&#038;p=1406"},"modified":"2024-03-07T00:07:35","modified_gmt":"2024-03-07T03:07:35","slug":"un-amigo-es-uno-mismo-con-otra-piel","status":"publish","type":"product","link":"https:\/\/edicionesdelpuente.com.ar\/delpuente\/producto\/un-amigo-es-uno-mismo-con-otra-piel\/","title":{"rendered":"Un amigo es uno mismo con otra piel"},"content":{"rendered":"<p style=\"text-align: left\">Este primer libro de Eduardo Montbrun es una sinfon\u00eda de voces narrativas unidas por la amistad. Fruto de la valiosa obsesi\u00f3n de su memoria, parece responder a una cita de Sergio Pitol: &#8220;Creemos que no existe sino el presente. Pero, \u00bfhay presente vivo con pasado muerto?&#8221;. Eduardo conjura el pasado, le abre las puertas a sus sentimientos y lo reconstruye como identidad colectiva. Como buen pintor, adem\u00e1s de arquitecto, el verde de sus monocromos, el verde de la naturaleza, lo arroja al verde encantado de su bosque tucumano. Y entonces, entramos a ese bosque para acompa\u00f1arlo en sus aventuras con los amigos de Tarz\u00e1n. Una prosa din\u00e1mica y juguetona nos lanza a volar entre lianas y valientes guerreros.<br \/>\nPero el relato cambia, nos sorprende y entusiasma por sus quiebres temporales, por su ir y venir de diferentes edades donde habitan sus seres y escenarios m\u00e1s queridos. Crece una biograf\u00eda y los cruces con la ficci\u00f3n: encuentros inesperados, viajes, y a veces, lo siniestro agazapado. Esta sinfon\u00eda de voces cambia de tonos, tan variados como sus personajes, porque Eduardo los escucha en su memoria y los suelta en el habla directa para que habiten el espacio del presente. Libro que contiene otros libros, caja china de la amistad, tejido de citas, generoso espacio para compartir creaciones amigas, este es un libro que invita a disfrutar y reflexionar. Al leerlo he recordado esta frase de Neruda: &#8220;Donde est\u00e1 el ni\u00f1o que yo fui, \u00bfsigue dentro de m\u00ed o se fue?&#8221; No tengo duda de que esta escritura confirma en Eduardo la presencia viva del ni\u00f1o que fue y del adulto que creci\u00f3 sin perder la valoraci\u00f3n primera de la amistad.<br \/>\nM\u00f3nica Parmigiani<\/p>\n","protected":false},"excerpt":{"rendered":"<h6><strong>Autor:<\/strong> Eduardo Alejadro Montbrun<br \/>\n<strong>ISBN:<\/strong> 9789874800886<br \/>\n<strong>Fecha de Publicaci\u00f3n:<\/strong> Noviembre de 2021<br \/>\n<strong>246<\/strong>\u00a0p\u00e1ginas<br \/>\n<strong>Formato:<\/strong> 15 cm x 21 cm<\/h6>\n<p>&nbsp;<\/p>\n","protected":false},"featured_media":1408,"template":"","meta":[],"yoast_head":"<!-- This site is optimized with the Yoast SEO plugin v16.1.1 - https:\/\/yoast.com\/wordpress\/plugins\/seo\/ -->\n<title>Un amigo es uno mismo con otra piel &ndash; Ediciones Del Puente<\/title>\n<link rel=\"canonical\" href=\"https:\/\/edicionesdelpuente.com.ar\/delpuente\/producto\/un-amigo-es-uno-mismo-con-otra-piel\/\" \/>\n<meta property=\"og:locale\" content=\"es_ES\" \/>\n<meta property=\"og:type\" content=\"article\" \/>\n<meta property=\"og:title\" content=\"Un amigo es uno mismo con otra piel &ndash; Ediciones Del Puente\" \/>\n<meta property=\"og:description\" content=\"Autor: Eduardo Alejadro Montbrun ISBN: 9789874800886 Fecha de Publicaci\u00f3n: Noviembre de 2021 246\u00a0p\u00e1ginas Formato: 15 cm x 21 cm &nbsp;\" \/>\n<meta property=\"og:url\" content=\"https:\/\/edicionesdelpuente.com.ar\/delpuente\/producto\/un-amigo-es-uno-mismo-con-otra-piel\/\" \/>\n<meta property=\"og:site_name\" content=\"Ediciones Del Puente\" \/>\n<meta property=\"article:publisher\" content=\"https:\/\/www.facebook.com\/edicionesdelpuente\/\" \/>\n<meta property=\"article:modified_time\" content=\"2024-03-07T03:07:35+00:00\" \/>\n<meta property=\"og:image\" content=\"https:\/\/edicionesdelpuente.com.ar\/delpuente\/wp-content\/uploads\/2021\/11\/catalogo-un-migo-es-uno-mismo.png\" \/>\n\t<meta property=\"og:image:width\" content=\"527\" \/>\n\t<meta property=\"og:image:height\" content=\"750\" \/>\n<meta name=\"twitter:card\" content=\"summary_large_image\" \/>\n<meta name=\"twitter:label1\" content=\"Tiempo de lectura\">\n\t<meta name=\"twitter:data1\" content=\"2 minutos\">\n<script type=\"application\/ld+json\" class=\"yoast-schema-graph\">{\"@context\":\"https:\/\/schema.org\",\"@graph\":[{\"@type\":\"Organization\",\"@id\":\"https:\/\/edicionesdelpuente.com.ar\/delpuente\/#organization\",\"name\":\"Ediciones Del Puente\",\"url\":\"https:\/\/edicionesdelpuente.com.ar\/delpuente\/\",\"sameAs\":[\"https:\/\/www.facebook.com\/edicionesdelpuente\/\",\"https:\/\/www.instagram.com\/edicionesdelpuente\/\"],\"logo\":{\"@type\":\"ImageObject\",\"@id\":\"https:\/\/edicionesdelpuente.com.ar\/delpuente\/#logo\",\"inLanguage\":\"es-AR\",\"url\":\"https:\/\/edicionesdelpuente.com.ar\/delpuente\/wp-content\/uploads\/2021\/03\/isologo-delpuente-adpt-1.png\",\"contentUrl\":\"https:\/\/edicionesdelpuente.com.ar\/delpuente\/wp-content\/uploads\/2021\/03\/isologo-delpuente-adpt-1.png\",\"width\":330,\"height\":275,\"caption\":\"Ediciones Del Puente\"},\"image\":{\"@id\":\"https:\/\/edicionesdelpuente.com.ar\/delpuente\/#logo\"}},{\"@type\":\"WebSite\",\"@id\":\"https:\/\/edicionesdelpuente.com.ar\/delpuente\/#website\",\"url\":\"https:\/\/edicionesdelpuente.com.ar\/delpuente\/\",\"name\":\"Ediciones Del Puente\",\"description\":\"Editorial\",\"publisher\":{\"@id\":\"https:\/\/edicionesdelpuente.com.ar\/delpuente\/#organization\"},\"potentialAction\":[{\"@type\":\"SearchAction\",\"target\":\"https:\/\/edicionesdelpuente.com.ar\/delpuente\/?s={search_term_string}\",\"query-input\":\"required name=search_term_string\"}],\"inLanguage\":\"es-AR\"},{\"@type\":\"ImageObject\",\"@id\":\"https:\/\/edicionesdelpuente.com.ar\/delpuente\/producto\/un-amigo-es-uno-mismo-con-otra-piel\/#primaryimage\",\"inLanguage\":\"es-AR\",\"url\":\"https:\/\/edicionesdelpuente.com.ar\/delpuente\/wp-content\/uploads\/2021\/11\/catalogo-un-migo-es-uno-mismo.png\",\"contentUrl\":\"https:\/\/edicionesdelpuente.com.ar\/delpuente\/wp-content\/uploads\/2021\/11\/catalogo-un-migo-es-uno-mismo.png\",\"width\":527,\"height\":750},{\"@type\":\"WebPage\",\"@id\":\"https:\/\/edicionesdelpuente.com.ar\/delpuente\/producto\/un-amigo-es-uno-mismo-con-otra-piel\/#webpage\",\"url\":\"https:\/\/edicionesdelpuente.com.ar\/delpuente\/producto\/un-amigo-es-uno-mismo-con-otra-piel\/\",\"name\":\"Un amigo es uno mismo con otra piel &ndash; Ediciones Del Puente\",\"isPartOf\":{\"@id\":\"https:\/\/edicionesdelpuente.com.ar\/delpuente\/#website\"},\"primaryImageOfPage\":{\"@id\":\"https:\/\/edicionesdelpuente.com.ar\/delpuente\/producto\/un-amigo-es-uno-mismo-con-otra-piel\/#primaryimage\"},\"datePublished\":\"2021-11-16T16:59:40+00:00\",\"dateModified\":\"2024-03-07T03:07:35+00:00\",\"breadcrumb\":{\"@id\":\"https:\/\/edicionesdelpuente.com.ar\/delpuente\/producto\/un-amigo-es-uno-mismo-con-otra-piel\/#breadcrumb\"},\"inLanguage\":\"es-AR\",\"potentialAction\":[{\"@type\":\"ReadAction\",\"target\":[\"https:\/\/edicionesdelpuente.com.ar\/delpuente\/producto\/un-amigo-es-uno-mismo-con-otra-piel\/\"]}]},{\"@type\":\"BreadcrumbList\",\"@id\":\"https:\/\/edicionesdelpuente.com.ar\/delpuente\/producto\/un-amigo-es-uno-mismo-con-otra-piel\/#breadcrumb\",\"itemListElement\":[{\"@type\":\"ListItem\",\"position\":1,\"item\":{\"@type\":\"WebPage\",\"@id\":\"https:\/\/edicionesdelpuente.com.ar\/delpuente\/\",\"url\":\"https:\/\/edicionesdelpuente.com.ar\/delpuente\/\",\"name\":\"Inicio\"}},{\"@type\":\"ListItem\",\"position\":2,\"item\":{\"@type\":\"WebPage\",\"@id\":\"https:\/\/edicionesdelpuente.com.ar\/delpuente\/tienda\/\",\"url\":\"https:\/\/edicionesdelpuente.com.ar\/delpuente\/tienda\/\",\"name\":\"Cat\\u00e1logo\"}},{\"@type\":\"ListItem\",\"position\":3,\"item\":{\"@type\":\"WebPage\",\"@id\":\"https:\/\/edicionesdelpuente.com.ar\/delpuente\/producto\/un-amigo-es-uno-mismo-con-otra-piel\/\",\"url\":\"https:\/\/edicionesdelpuente.com.ar\/delpuente\/producto\/un-amigo-es-uno-mismo-con-otra-piel\/\",\"name\":\"Un amigo es uno mismo con otra piel\"}}]}]}<\/script>\n<!-- \/ Yoast SEO plugin. -->","_links":{"self":[{"href":"https:\/\/edicionesdelpuente.com.ar\/delpuente\/wp-json\/wp\/v2\/product\/1406"}],"collection":[{"href":"https:\/\/edicionesdelpuente.com.ar\/delpuente\/wp-json\/wp\/v2\/product"}],"about":[{"href":"https:\/\/edicionesdelpuente.com.ar\/delpuente\/wp-json\/wp\/v2\/types\/product"}],"wp:featuredmedia":[{"embeddable":true,"href":"https:\/\/edicionesdelpuente.com.ar\/delpuente\/wp-json\/wp\/v2\/media\/1408"}],"wp:attachment":[{"href":"https:\/\/edicionesdelpuente.com.ar\/delpuente\/wp-json\/wp\/v2\/media?parent=1406"}],"curies":[{"name":"wp","href":"https:\/\/api.w.org\/{rel}","templated":true}]}}