{"id":1399,"date":"2021-10-08T10:07:37","date_gmt":"2021-10-08T13:07:37","guid":{"rendered":"https:\/\/edicionesdelpuente.com.ar\/delpuente\/?post_type=product&#038;p=1399"},"modified":"2025-07-07T19:17:14","modified_gmt":"2025-07-07T22:17:14","slug":"la-venta-una-ciencia-humana","status":"publish","type":"product","link":"https:\/\/edicionesdelpuente.com.ar\/delpuente\/producto\/la-venta-una-ciencia-humana\/","title":{"rendered":"La venta, una ciencia humana"},"content":{"rendered":"<p style=\"text-align: left\">Revindicar la profesi\u00f3n de las ventas, como elemento insustituible de la din\u00e1mica social y colocar al proceso en primer lugar. Vivir un desarrollo personal y cultivar habilidades, este libro se basa en experiencia y contenido humano, tan humano que tus clientes pasaran a ser una inagotable fuente de aprendizaje y sin dudas tus resultados mejoraran sustancialmente.<\/p>\n<p style=\"text-align: left\">Dice Roberto Amiras en el pr\u00f3logo:<\/p>\n<p style=\"text-align: left\"><em>S\u00f3lo la posibilidad de construir confianza entre vendedor y comprador permite realizar y, sobretodo, cerrar una venta casi como una consecuencia del proceso previo, sin necesidad de forzar, conectando con la \u201cnecesidad\u201d, es decir, con el \u201cespacio a ser completado\u201d por lo que estamos ofreciendo. Si no hay conciencia de ese espacio, de esa necesidad, dif\u00edcilmente podamos cerrar una venta de manera profesional y satisfactoria. <\/em><\/p>\n","protected":false},"excerpt":{"rendered":"<h6><strong>Autor:<\/strong> Dar\u00edo Correa<br \/>\n<strong>Pr\u00f3logo de:<\/strong> Roberto Amiras<br \/>\n<strong>ISBN:<\/strong> 9789874770608<br \/>\n<strong>Fecha de Publicaci\u00f3n:<\/strong> octubre de 2021<br \/>\n<strong>54<\/strong> p\u00e1ginas<br \/>\n<strong>Formato:<\/strong> 13 cm x 18 cm<\/h6>\n<p>&nbsp;<\/p>\n","protected":false},"featured_media":1403,"template":"","meta":[],"yoast_head":"<!-- This site is optimized with the Yoast SEO plugin v16.1.1 - https:\/\/yoast.com\/wordpress\/plugins\/seo\/ -->\n<title>La venta, una ciencia humana &ndash; Ediciones Del Puente<\/title>\n<link rel=\"canonical\" href=\"https:\/\/edicionesdelpuente.com.ar\/delpuente\/producto\/la-venta-una-ciencia-humana\/\" \/>\n<meta property=\"og:locale\" content=\"es_ES\" \/>\n<meta property=\"og:type\" content=\"article\" \/>\n<meta property=\"og:title\" content=\"La venta, una ciencia humana &ndash; Ediciones Del Puente\" \/>\n<meta property=\"og:description\" content=\"Autor: Dar\u00edo Correa Pr\u00f3logo de: Roberto Amiras ISBN: 9789874770608 Fecha de Publicaci\u00f3n: octubre de 2021 54 p\u00e1ginas Formato: 13 cm x 18 cm &nbsp;\" \/>\n<meta property=\"og:url\" content=\"https:\/\/edicionesdelpuente.com.ar\/delpuente\/producto\/la-venta-una-ciencia-humana\/\" \/>\n<meta property=\"og:site_name\" content=\"Ediciones Del Puente\" \/>\n<meta property=\"article:publisher\" content=\"https:\/\/www.facebook.com\/edicionesdelpuente\/\" \/>\n<meta property=\"article:modified_time\" content=\"2025-07-07T22:17:14+00:00\" \/>\n<meta property=\"og:image\" content=\"https:\/\/edicionesdelpuente.com.ar\/delpuente\/wp-content\/uploads\/2021\/10\/Product-Tienda.png\" \/>\n\t<meta property=\"og:image:width\" content=\"703\" \/>\n\t<meta property=\"og:image:height\" content=\"1000\" \/>\n<meta name=\"twitter:card\" content=\"summary_large_image\" \/>\n<meta name=\"twitter:label1\" content=\"Tiempo de lectura\">\n\t<meta name=\"twitter:data1\" content=\"1 minuto\">\n<script type=\"application\/ld+json\" class=\"yoast-schema-graph\">{\"@context\":\"https:\/\/schema.org\",\"@graph\":[{\"@type\":\"Organization\",\"@id\":\"https:\/\/edicionesdelpuente.com.ar\/delpuente\/#organization\",\"name\":\"Ediciones Del Puente\",\"url\":\"https:\/\/edicionesdelpuente.com.ar\/delpuente\/\",\"sameAs\":[\"https:\/\/www.facebook.com\/edicionesdelpuente\/\",\"https:\/\/www.instagram.com\/edicionesdelpuente\/\"],\"logo\":{\"@type\":\"ImageObject\",\"@id\":\"https:\/\/edicionesdelpuente.com.ar\/delpuente\/#logo\",\"inLanguage\":\"es-AR\",\"url\":\"https:\/\/edicionesdelpuente.com.ar\/delpuente\/wp-content\/uploads\/2021\/03\/isologo-delpuente-adpt-1.png\",\"contentUrl\":\"https:\/\/edicionesdelpuente.com.ar\/delpuente\/wp-content\/uploads\/2021\/03\/isologo-delpuente-adpt-1.png\",\"width\":330,\"height\":275,\"caption\":\"Ediciones Del Puente\"},\"image\":{\"@id\":\"https:\/\/edicionesdelpuente.com.ar\/delpuente\/#logo\"}},{\"@type\":\"WebSite\",\"@id\":\"https:\/\/edicionesdelpuente.com.ar\/delpuente\/#website\",\"url\":\"https:\/\/edicionesdelpuente.com.ar\/delpuente\/\",\"name\":\"Ediciones Del Puente\",\"description\":\"Editorial\",\"publisher\":{\"@id\":\"https:\/\/edicionesdelpuente.com.ar\/delpuente\/#organization\"},\"potentialAction\":[{\"@type\":\"SearchAction\",\"target\":\"https:\/\/edicionesdelpuente.com.ar\/delpuente\/?s={search_term_string}\",\"query-input\":\"required name=search_term_string\"}],\"inLanguage\":\"es-AR\"},{\"@type\":\"ImageObject\",\"@id\":\"https:\/\/edicionesdelpuente.com.ar\/delpuente\/producto\/la-venta-una-ciencia-humana\/#primaryimage\",\"inLanguage\":\"es-AR\",\"url\":\"https:\/\/edicionesdelpuente.com.ar\/delpuente\/wp-content\/uploads\/2021\/10\/Product-Tienda.png\",\"contentUrl\":\"https:\/\/edicionesdelpuente.com.ar\/delpuente\/wp-content\/uploads\/2021\/10\/Product-Tienda.png\",\"width\":703,\"height\":1000},{\"@type\":\"WebPage\",\"@id\":\"https:\/\/edicionesdelpuente.com.ar\/delpuente\/producto\/la-venta-una-ciencia-humana\/#webpage\",\"url\":\"https:\/\/edicionesdelpuente.com.ar\/delpuente\/producto\/la-venta-una-ciencia-humana\/\",\"name\":\"La venta, una ciencia humana &ndash; Ediciones Del Puente\",\"isPartOf\":{\"@id\":\"https:\/\/edicionesdelpuente.com.ar\/delpuente\/#website\"},\"primaryImageOfPage\":{\"@id\":\"https:\/\/edicionesdelpuente.com.ar\/delpuente\/producto\/la-venta-una-ciencia-humana\/#primaryimage\"},\"datePublished\":\"2021-10-08T13:07:37+00:00\",\"dateModified\":\"2025-07-07T22:17:14+00:00\",\"breadcrumb\":{\"@id\":\"https:\/\/edicionesdelpuente.com.ar\/delpuente\/producto\/la-venta-una-ciencia-humana\/#breadcrumb\"},\"inLanguage\":\"es-AR\",\"potentialAction\":[{\"@type\":\"ReadAction\",\"target\":[\"https:\/\/edicionesdelpuente.com.ar\/delpuente\/producto\/la-venta-una-ciencia-humana\/\"]}]},{\"@type\":\"BreadcrumbList\",\"@id\":\"https:\/\/edicionesdelpuente.com.ar\/delpuente\/producto\/la-venta-una-ciencia-humana\/#breadcrumb\",\"itemListElement\":[{\"@type\":\"ListItem\",\"position\":1,\"item\":{\"@type\":\"WebPage\",\"@id\":\"https:\/\/edicionesdelpuente.com.ar\/delpuente\/\",\"url\":\"https:\/\/edicionesdelpuente.com.ar\/delpuente\/\",\"name\":\"Inicio\"}},{\"@type\":\"ListItem\",\"position\":2,\"item\":{\"@type\":\"WebPage\",\"@id\":\"https:\/\/edicionesdelpuente.com.ar\/delpuente\/tienda\/\",\"url\":\"https:\/\/edicionesdelpuente.com.ar\/delpuente\/tienda\/\",\"name\":\"Cat\\u00e1logo\"}},{\"@type\":\"ListItem\",\"position\":3,\"item\":{\"@type\":\"WebPage\",\"@id\":\"https:\/\/edicionesdelpuente.com.ar\/delpuente\/producto\/la-venta-una-ciencia-humana\/\",\"url\":\"https:\/\/edicionesdelpuente.com.ar\/delpuente\/producto\/la-venta-una-ciencia-humana\/\",\"name\":\"La venta, una ciencia humana\"}}]}]}<\/script>\n<!-- \/ Yoast SEO plugin. -->","_links":{"self":[{"href":"https:\/\/edicionesdelpuente.com.ar\/delpuente\/wp-json\/wp\/v2\/product\/1399"}],"collection":[{"href":"https:\/\/edicionesdelpuente.com.ar\/delpuente\/wp-json\/wp\/v2\/product"}],"about":[{"href":"https:\/\/edicionesdelpuente.com.ar\/delpuente\/wp-json\/wp\/v2\/types\/product"}],"wp:featuredmedia":[{"embeddable":true,"href":"https:\/\/edicionesdelpuente.com.ar\/delpuente\/wp-json\/wp\/v2\/media\/1403"}],"wp:attachment":[{"href":"https:\/\/edicionesdelpuente.com.ar\/delpuente\/wp-json\/wp\/v2\/media?parent=1399"}],"curies":[{"name":"wp","href":"https:\/\/api.w.org\/{rel}","templated":true}]}}