{"id":1185,"date":"2021-05-07T17:57:09","date_gmt":"2021-05-07T20:57:09","guid":{"rendered":"https:\/\/edicionesdelpuente.com.ar\/delpuente\/?post_type=product&#038;p=1185"},"modified":"2025-07-07T19:17:44","modified_gmt":"2025-07-07T22:17:44","slug":"kainos-democracia","status":"publish","type":"product","link":"https:\/\/edicionesdelpuente.com.ar\/delpuente\/producto\/kainos-democracia\/","title":{"rendered":"Kainos democracia"},"content":{"rendered":"<p style=\"text-align: left\">Una poderosa verdad revelada hace m\u00e1s de 2000 a\u00f1os es la clave para fundar una nueva sociedad. Los cimientos de la sociedad actual en ruinas caen, para dar paso a una nueva cosmovisi\u00f3n donde la Kainos Democracia se alza en el horizonte como expresi\u00f3n de un evolucionar de consciencia que trasciende l\u00edmites y fronteras.<br \/>\nEn \u201cKainos Democracia, la pol\u00edtica entre el amor y el poder\u201d, C\u00e9sar Moyano nos transmite una nueva idea de democracia basada en la \u00c9tica de Amor y que postula a los ejes del sistema educativo y del sistema pol\u00edtico como\u00a0 n\u00facleos que lideran el desarrollo de las sociedades, algo esencial y prioritario para su optimo crecimiento y desarrollo, bas\u00e1ndose en nuevos principios y valores de convivencia.<\/p>\n","protected":false},"excerpt":{"rendered":"<h4>La pol\u00edtica entre el amor y el poder<\/h4>\n<h6><strong>Autor:<\/strong> C\u00e9sar Moyano<br \/>\n<strong>ISBN:<\/strong> 97898747700817<br \/>\n<strong>Fecha de Publicaci\u00f3n:<\/strong> Abril de 2021<br \/>\n<strong>228<\/strong> p\u00e1ginas<br \/>\n<strong>Formato:<\/strong> 14 cm x 20 cm<\/h6>\n<p>[vc_empty_space height=&#8221;20px&#8221;]<\/p>\n[button size='' style='' text='Le\u00e9 las primeras p\u00e1ginas' icon='fa-download' icon_color='#ffffff' link='https:\/\/edicionesdelpuente.com.ar\/delpuente\/wp-content\/uploads\/2021\/04\/Como-si-fueramos-golondrinas-muestra.pdf' target='_self' color='#FFFFFF' hover_color='#FFFFFF' border_color='#B5B5B5' hover_border_color='#06ABBA' background_color='#B5B5B5' hover_background_color='#06ABBA' font_style='normal' font_weight='600' text_align='center' margin='']\n","protected":false},"featured_media":1188,"template":"","meta":[],"yoast_head":"<!-- This site is optimized with the Yoast SEO plugin v16.1.1 - https:\/\/yoast.com\/wordpress\/plugins\/seo\/ -->\n<title>Kainos democracia &ndash; Ediciones Del Puente<\/title>\n<link rel=\"canonical\" href=\"https:\/\/edicionesdelpuente.com.ar\/delpuente\/producto\/kainos-democracia\/\" \/>\n<meta property=\"og:locale\" content=\"es_ES\" \/>\n<meta property=\"og:type\" content=\"article\" \/>\n<meta property=\"og:title\" content=\"Kainos democracia &ndash; Ediciones Del Puente\" \/>\n<meta property=\"og:description\" content=\"La pol\u00edtica entre el amor y el poder Autor: C\u00e9sar Moyano ISBN: 97898747700817 Fecha de Publicaci\u00f3n: Abril de 2021 228 p\u00e1ginas Formato: 14 cm x 20 cm [vc_empty_space height=&quot;20px&quot;]\" \/>\n<meta property=\"og:url\" content=\"https:\/\/edicionesdelpuente.com.ar\/delpuente\/producto\/kainos-democracia\/\" \/>\n<meta property=\"og:site_name\" content=\"Ediciones Del Puente\" \/>\n<meta property=\"article:publisher\" content=\"https:\/\/www.facebook.com\/edicionesdelpuente\/\" \/>\n<meta property=\"article:modified_time\" content=\"2025-07-07T22:17:44+00:00\" \/>\n<meta property=\"og:image\" content=\"https:\/\/edicionesdelpuente.com.ar\/delpuente\/wp-content\/uploads\/2021\/05\/catalogo-tapa-Kainos-democracia.png\" \/>\n\t<meta property=\"og:image:width\" content=\"703\" \/>\n\t<meta property=\"og:image:height\" content=\"1000\" \/>\n<meta name=\"twitter:card\" content=\"summary_large_image\" \/>\n<meta name=\"twitter:label1\" content=\"Tiempo de lectura\">\n\t<meta name=\"twitter:data1\" content=\"1 minuto\">\n<script type=\"application\/ld+json\" class=\"yoast-schema-graph\">{\"@context\":\"https:\/\/schema.org\",\"@graph\":[{\"@type\":\"Organization\",\"@id\":\"https:\/\/edicionesdelpuente.com.ar\/delpuente\/#organization\",\"name\":\"Ediciones Del Puente\",\"url\":\"https:\/\/edicionesdelpuente.com.ar\/delpuente\/\",\"sameAs\":[\"https:\/\/www.facebook.com\/edicionesdelpuente\/\",\"https:\/\/www.instagram.com\/edicionesdelpuente\/\"],\"logo\":{\"@type\":\"ImageObject\",\"@id\":\"https:\/\/edicionesdelpuente.com.ar\/delpuente\/#logo\",\"inLanguage\":\"es-AR\",\"url\":\"https:\/\/edicionesdelpuente.com.ar\/delpuente\/wp-content\/uploads\/2021\/03\/isologo-delpuente-adpt-1.png\",\"contentUrl\":\"https:\/\/edicionesdelpuente.com.ar\/delpuente\/wp-content\/uploads\/2021\/03\/isologo-delpuente-adpt-1.png\",\"width\":330,\"height\":275,\"caption\":\"Ediciones Del Puente\"},\"image\":{\"@id\":\"https:\/\/edicionesdelpuente.com.ar\/delpuente\/#logo\"}},{\"@type\":\"WebSite\",\"@id\":\"https:\/\/edicionesdelpuente.com.ar\/delpuente\/#website\",\"url\":\"https:\/\/edicionesdelpuente.com.ar\/delpuente\/\",\"name\":\"Ediciones Del Puente\",\"description\":\"Editorial\",\"publisher\":{\"@id\":\"https:\/\/edicionesdelpuente.com.ar\/delpuente\/#organization\"},\"potentialAction\":[{\"@type\":\"SearchAction\",\"target\":\"https:\/\/edicionesdelpuente.com.ar\/delpuente\/?s={search_term_string}\",\"query-input\":\"required name=search_term_string\"}],\"inLanguage\":\"es-AR\"},{\"@type\":\"ImageObject\",\"@id\":\"https:\/\/edicionesdelpuente.com.ar\/delpuente\/producto\/kainos-democracia\/#primaryimage\",\"inLanguage\":\"es-AR\",\"url\":\"https:\/\/edicionesdelpuente.com.ar\/delpuente\/wp-content\/uploads\/2021\/05\/catalogo-tapa-Kainos-democracia.png\",\"contentUrl\":\"https:\/\/edicionesdelpuente.com.ar\/delpuente\/wp-content\/uploads\/2021\/05\/catalogo-tapa-Kainos-democracia.png\",\"width\":703,\"height\":1000},{\"@type\":\"WebPage\",\"@id\":\"https:\/\/edicionesdelpuente.com.ar\/delpuente\/producto\/kainos-democracia\/#webpage\",\"url\":\"https:\/\/edicionesdelpuente.com.ar\/delpuente\/producto\/kainos-democracia\/\",\"name\":\"Kainos democracia &ndash; Ediciones Del Puente\",\"isPartOf\":{\"@id\":\"https:\/\/edicionesdelpuente.com.ar\/delpuente\/#website\"},\"primaryImageOfPage\":{\"@id\":\"https:\/\/edicionesdelpuente.com.ar\/delpuente\/producto\/kainos-democracia\/#primaryimage\"},\"datePublished\":\"2021-05-07T20:57:09+00:00\",\"dateModified\":\"2025-07-07T22:17:44+00:00\",\"breadcrumb\":{\"@id\":\"https:\/\/edicionesdelpuente.com.ar\/delpuente\/producto\/kainos-democracia\/#breadcrumb\"},\"inLanguage\":\"es-AR\",\"potentialAction\":[{\"@type\":\"ReadAction\",\"target\":[\"https:\/\/edicionesdelpuente.com.ar\/delpuente\/producto\/kainos-democracia\/\"]}]},{\"@type\":\"BreadcrumbList\",\"@id\":\"https:\/\/edicionesdelpuente.com.ar\/delpuente\/producto\/kainos-democracia\/#breadcrumb\",\"itemListElement\":[{\"@type\":\"ListItem\",\"position\":1,\"item\":{\"@type\":\"WebPage\",\"@id\":\"https:\/\/edicionesdelpuente.com.ar\/delpuente\/\",\"url\":\"https:\/\/edicionesdelpuente.com.ar\/delpuente\/\",\"name\":\"Inicio\"}},{\"@type\":\"ListItem\",\"position\":2,\"item\":{\"@type\":\"WebPage\",\"@id\":\"https:\/\/edicionesdelpuente.com.ar\/delpuente\/tienda\/\",\"url\":\"https:\/\/edicionesdelpuente.com.ar\/delpuente\/tienda\/\",\"name\":\"Cat\\u00e1logo\"}},{\"@type\":\"ListItem\",\"position\":3,\"item\":{\"@type\":\"WebPage\",\"@id\":\"https:\/\/edicionesdelpuente.com.ar\/delpuente\/producto\/kainos-democracia\/\",\"url\":\"https:\/\/edicionesdelpuente.com.ar\/delpuente\/producto\/kainos-democracia\/\",\"name\":\"Kainos democracia\"}}]}]}<\/script>\n<!-- \/ Yoast SEO plugin. -->","_links":{"self":[{"href":"https:\/\/edicionesdelpuente.com.ar\/delpuente\/wp-json\/wp\/v2\/product\/1185"}],"collection":[{"href":"https:\/\/edicionesdelpuente.com.ar\/delpuente\/wp-json\/wp\/v2\/product"}],"about":[{"href":"https:\/\/edicionesdelpuente.com.ar\/delpuente\/wp-json\/wp\/v2\/types\/product"}],"wp:featuredmedia":[{"embeddable":true,"href":"https:\/\/edicionesdelpuente.com.ar\/delpuente\/wp-json\/wp\/v2\/media\/1188"}],"wp:attachment":[{"href":"https:\/\/edicionesdelpuente.com.ar\/delpuente\/wp-json\/wp\/v2\/media?parent=1185"}],"curies":[{"name":"wp","href":"https:\/\/api.w.org\/{rel}","templated":true}]}}