{"id":1138,"date":"2021-05-05T09:46:49","date_gmt":"2021-05-05T12:46:49","guid":{"rendered":"https:\/\/edicionesdelpuente.com.ar\/delpuente\/?post_type=product&#038;p=1138"},"modified":"2025-01-02T14:24:52","modified_gmt":"2025-01-02T17:24:52","slug":"corral-de-humanos","status":"publish","type":"product","link":"https:\/\/edicionesdelpuente.com.ar\/delpuente\/producto\/corral-de-humanos\/","title":{"rendered":"Corral de Humanos"},"content":{"rendered":"<p style=\"text-align: left\">\u201cCorral de Humanos\u201d es el punto de encuentro de quienes sufrieron el olvido. Por parte de sus familiares, del Estado, del mundo. Est\u00e9fano y la se\u00f1orita Lirio son los protagonistas de este relato, pero tambi\u00e9n lo son todos los que llegaron a cumplir condena por sus delitos. \u201cTodo se paga en esta vida\u201d, sostiene la maestra de la Unidad Penitenciaria, y asegura que para que esto suceda \u201cs\u00f3lo hay que empujar un poquito\u201d. \u00bfQu\u00e9 ocurre cuando a ese empuj\u00f3n lo da la misma sociedad? Cuando condena con la falta de oportunidades y da continuidad desde la hipocres\u00eda a una construcci\u00f3n social injusta y desigual?<br \/>\nEn esta novela, Nydia Farhat nos lleva a conocer el mundo carcelario y lo que se vive dentro de ese \u201ccorral\u201d. \u00bfAcaso el encierro detr\u00e1s de los muros es una forma legal, legitimada, para callar, maltratar, despersonalizar y denigrar a los que violan las pautas sociales?\u201d, se cuestiona el narrador de la historia y denuncia las falencias que hay en un sistema que lejos de reinsertar, termina destruyendo.<\/p>\n","protected":false},"excerpt":{"rendered":"<h6><strong>Autor:<\/strong> Nydia Farhat<br \/>\n<strong>ISBN:<\/strong> 9789874770653<br \/>\n<strong>Fecha de Publicaci\u00f3n:<\/strong> diciembre de 2020<br \/>\n<strong>270<\/strong> p\u00e1ginas<br \/>\n<strong>Formato:<\/strong> 14 cm x 20 cm<\/h6>\n<p>[vc_empty_space height=&#8221;20px&#8221;]<\/p>\n[button size='' style='' text='Le\u00e9 las primeras p\u00e1ginas' icon='fa-download' icon_color='#ffffff' link='https:\/\/edicionesdelpuente.com.ar\/delpuente\/wp-content\/uploads\/2021\/05\/Corral-de-humanos-Ediciones-del-Puente-Primeras-paginas.pdf' target='_blank' color='#FFFFFF' hover_color='#FFFFFF' border_color='#B5B5B5' hover_border_color='#06ABBA' background_color='#B5B5B5' hover_background_color='#06ABBA' font_style='normal' font_weight='600' text_align='center' margin='']\n<p>&nbsp;<\/p>\n","protected":false},"featured_media":1136,"template":"","meta":[],"yoast_head":"<!-- This site is optimized with the Yoast SEO plugin v16.1.1 - https:\/\/yoast.com\/wordpress\/plugins\/seo\/ -->\n<title>Corral de Humanos &ndash; Ediciones Del Puente<\/title>\n<link rel=\"canonical\" href=\"https:\/\/edicionesdelpuente.com.ar\/delpuente\/producto\/corral-de-humanos\/\" \/>\n<meta property=\"og:locale\" content=\"es_ES\" \/>\n<meta property=\"og:type\" content=\"article\" \/>\n<meta property=\"og:title\" content=\"Corral de Humanos &ndash; Ediciones Del Puente\" \/>\n<meta property=\"og:description\" content=\"Autor: Nydia Farhat ISBN: 9789874770653 Fecha de Publicaci\u00f3n: diciembre de 2020 270 p\u00e1ginas Formato: 14 cm x 20 cm [vc_empty_space height=&quot;20px&quot;]    &nbsp;\" \/>\n<meta property=\"og:url\" content=\"https:\/\/edicionesdelpuente.com.ar\/delpuente\/producto\/corral-de-humanos\/\" \/>\n<meta property=\"og:site_name\" content=\"Ediciones Del Puente\" \/>\n<meta property=\"article:publisher\" content=\"https:\/\/www.facebook.com\/edicionesdelpuente\/\" \/>\n<meta property=\"article:modified_time\" content=\"2025-01-02T17:24:52+00:00\" \/>\n<meta property=\"og:image\" content=\"https:\/\/edicionesdelpuente.com.ar\/delpuente\/wp-content\/uploads\/2021\/05\/catalogo-tapa-corral-de-humanos.png\" \/>\n\t<meta property=\"og:image:width\" content=\"703\" \/>\n\t<meta property=\"og:image:height\" content=\"1000\" \/>\n<meta name=\"twitter:card\" content=\"summary_large_image\" \/>\n<meta name=\"twitter:label1\" content=\"Tiempo de lectura\">\n\t<meta name=\"twitter:data1\" content=\"1 minuto\">\n<script type=\"application\/ld+json\" class=\"yoast-schema-graph\">{\"@context\":\"https:\/\/schema.org\",\"@graph\":[{\"@type\":\"Organization\",\"@id\":\"https:\/\/edicionesdelpuente.com.ar\/delpuente\/#organization\",\"name\":\"Ediciones Del Puente\",\"url\":\"https:\/\/edicionesdelpuente.com.ar\/delpuente\/\",\"sameAs\":[\"https:\/\/www.facebook.com\/edicionesdelpuente\/\",\"https:\/\/www.instagram.com\/edicionesdelpuente\/\"],\"logo\":{\"@type\":\"ImageObject\",\"@id\":\"https:\/\/edicionesdelpuente.com.ar\/delpuente\/#logo\",\"inLanguage\":\"es-AR\",\"url\":\"https:\/\/edicionesdelpuente.com.ar\/delpuente\/wp-content\/uploads\/2021\/03\/isologo-delpuente-adpt-1.png\",\"contentUrl\":\"https:\/\/edicionesdelpuente.com.ar\/delpuente\/wp-content\/uploads\/2021\/03\/isologo-delpuente-adpt-1.png\",\"width\":330,\"height\":275,\"caption\":\"Ediciones Del Puente\"},\"image\":{\"@id\":\"https:\/\/edicionesdelpuente.com.ar\/delpuente\/#logo\"}},{\"@type\":\"WebSite\",\"@id\":\"https:\/\/edicionesdelpuente.com.ar\/delpuente\/#website\",\"url\":\"https:\/\/edicionesdelpuente.com.ar\/delpuente\/\",\"name\":\"Ediciones Del Puente\",\"description\":\"Editorial\",\"publisher\":{\"@id\":\"https:\/\/edicionesdelpuente.com.ar\/delpuente\/#organization\"},\"potentialAction\":[{\"@type\":\"SearchAction\",\"target\":\"https:\/\/edicionesdelpuente.com.ar\/delpuente\/?s={search_term_string}\",\"query-input\":\"required name=search_term_string\"}],\"inLanguage\":\"es-AR\"},{\"@type\":\"ImageObject\",\"@id\":\"https:\/\/edicionesdelpuente.com.ar\/delpuente\/producto\/corral-de-humanos\/#primaryimage\",\"inLanguage\":\"es-AR\",\"url\":\"https:\/\/edicionesdelpuente.com.ar\/delpuente\/wp-content\/uploads\/2021\/05\/catalogo-tapa-corral-de-humanos.png\",\"contentUrl\":\"https:\/\/edicionesdelpuente.com.ar\/delpuente\/wp-content\/uploads\/2021\/05\/catalogo-tapa-corral-de-humanos.png\",\"width\":703,\"height\":1000},{\"@type\":\"WebPage\",\"@id\":\"https:\/\/edicionesdelpuente.com.ar\/delpuente\/producto\/corral-de-humanos\/#webpage\",\"url\":\"https:\/\/edicionesdelpuente.com.ar\/delpuente\/producto\/corral-de-humanos\/\",\"name\":\"Corral de Humanos &ndash; Ediciones Del Puente\",\"isPartOf\":{\"@id\":\"https:\/\/edicionesdelpuente.com.ar\/delpuente\/#website\"},\"primaryImageOfPage\":{\"@id\":\"https:\/\/edicionesdelpuente.com.ar\/delpuente\/producto\/corral-de-humanos\/#primaryimage\"},\"datePublished\":\"2021-05-05T12:46:49+00:00\",\"dateModified\":\"2025-01-02T17:24:52+00:00\",\"breadcrumb\":{\"@id\":\"https:\/\/edicionesdelpuente.com.ar\/delpuente\/producto\/corral-de-humanos\/#breadcrumb\"},\"inLanguage\":\"es-AR\",\"potentialAction\":[{\"@type\":\"ReadAction\",\"target\":[\"https:\/\/edicionesdelpuente.com.ar\/delpuente\/producto\/corral-de-humanos\/\"]}]},{\"@type\":\"BreadcrumbList\",\"@id\":\"https:\/\/edicionesdelpuente.com.ar\/delpuente\/producto\/corral-de-humanos\/#breadcrumb\",\"itemListElement\":[{\"@type\":\"ListItem\",\"position\":1,\"item\":{\"@type\":\"WebPage\",\"@id\":\"https:\/\/edicionesdelpuente.com.ar\/delpuente\/\",\"url\":\"https:\/\/edicionesdelpuente.com.ar\/delpuente\/\",\"name\":\"Inicio\"}},{\"@type\":\"ListItem\",\"position\":2,\"item\":{\"@type\":\"WebPage\",\"@id\":\"https:\/\/edicionesdelpuente.com.ar\/delpuente\/tienda\/\",\"url\":\"https:\/\/edicionesdelpuente.com.ar\/delpuente\/tienda\/\",\"name\":\"Cat\\u00e1logo\"}},{\"@type\":\"ListItem\",\"position\":3,\"item\":{\"@type\":\"WebPage\",\"@id\":\"https:\/\/edicionesdelpuente.com.ar\/delpuente\/producto\/corral-de-humanos\/\",\"url\":\"https:\/\/edicionesdelpuente.com.ar\/delpuente\/producto\/corral-de-humanos\/\",\"name\":\"Corral de Humanos\"}}]}]}<\/script>\n<!-- \/ Yoast SEO plugin. -->","_links":{"self":[{"href":"https:\/\/edicionesdelpuente.com.ar\/delpuente\/wp-json\/wp\/v2\/product\/1138"}],"collection":[{"href":"https:\/\/edicionesdelpuente.com.ar\/delpuente\/wp-json\/wp\/v2\/product"}],"about":[{"href":"https:\/\/edicionesdelpuente.com.ar\/delpuente\/wp-json\/wp\/v2\/types\/product"}],"wp:featuredmedia":[{"embeddable":true,"href":"https:\/\/edicionesdelpuente.com.ar\/delpuente\/wp-json\/wp\/v2\/media\/1136"}],"wp:attachment":[{"href":"https:\/\/edicionesdelpuente.com.ar\/delpuente\/wp-json\/wp\/v2\/media?parent=1138"}],"curies":[{"name":"wp","href":"https:\/\/api.w.org\/{rel}","templated":true}]}}